{"id":289,"date":"2025-05-30T19:42:08","date_gmt":"2025-05-30T17:42:08","guid":{"rendered":"https:\/\/mits-pack.it\/?page_id=289"},"modified":"2025-11-20T11:47:29","modified_gmt":"2025-11-20T10:47:29","slug":"mentions-legales","status":"publish","type":"page","link":"https:\/\/mits-pack.it\/en\/mentions-legales\/","title":{"rendered":"Legal Notice"},"content":{"rendered":"<div class=\"wpb-content-wrapper\"><div  class=\"sec_row container\"><div class=\"vc_row wpb_row vc_row-fluid\"><div class=\"wpb_column vc_column_container vc_col-sm-12 et-dark-column\"><div class=\"vc_column-inner\"><div class=\"wpb_wrapper\">\n\t<div class=\"wpb_text_column wpb_content_element\" >\n\t\t<div class=\"wpb_wrapper\">\n\t\t\t<div>\n\n\t\t<\/div>\n\t<\/div>\n<\/div><\/div><\/div><\/div><\/div><div  class=\"sec_row container\"><div class=\"vc_row wpb_row vc_row-fluid\"><div class=\"bloc-link wpb_column vc_column_container vc_col-sm-12 et-dark-column\"><div class=\"vc_column-inner\"><div class=\"wpb_wrapper\"><div class=\"vc_row wpb_row vc_inner vc_row-fluid max_width\"><div class=\"wpb_column vc_column_container vc_col-sm-5 et-dark-column\"><div class=\"vc_column-inner\"><div class=\"wpb_wrapper\"><h3 style=\"text-align: left\" class=\"vc_custom_heading vc_do_custom_heading\" >MITS PACK<\/h3>\n\t<div class=\"wpb_text_column wpb_content_element\" >\n\t\t<div class=\"wpb_wrapper\">\n\t\t\t<p>Company: MITS PACK S.r.l<\/p>\n<div>Adresse : Via Sempione, 1B, 28040 Marano Ticino NO, Italie<\/div>\n<div>Email: contact@mits-pack.it<\/div>\n<div>Website: www.mits-pack.it<\/div>\n<div>Tax ID (Codice Fiscale): 13687380967<\/div>\n\n\t\t<\/div>\n\t<\/div>\n<h3 style=\"text-align: left\" class=\"vc_custom_heading vc_do_custom_heading\" >Publication Director:<\/h3>\n\t<div class=\"wpb_text_column wpb_content_element\" >\n\t\t<div class=\"wpb_wrapper\">\n\t\t\t<p>Mr Bonneaud<\/p>\n<div>\n<p>Email: contact@mits-pack.it<\/p>\n<\/div>\n\n\t\t<\/div>\n\t<\/div>\n<\/div><\/div><\/div><div class=\"wpb_column vc_column_container vc_col-sm-6 et-dark-column\"><div class=\"vc_column-inner\"><div class=\"wpb_wrapper\"><h3 style=\"text-align: left\" class=\"vc_custom_heading vc_do_custom_heading\" >H\u00e9bergement :<\/h3>\n\t<div class=\"wpb_text_column wpb_content_element\" >\n\t\t<div class=\"wpb_wrapper\">\n\t\t\t<p><strong>OVH SAS<\/strong><\/p>\n<p>2 rue Kellermann<br \/>\n59100 Roubaix<br \/>\nFrance<br \/>\nhttp:\/\/www.ovh.com\/<\/p>\n\n\t\t<\/div>\n\t<\/div>\n<h3 style=\"text-align: left\" class=\"vc_custom_heading vc_do_custom_heading\" >Conception du site Web :<\/h3>\n\t<div class=\"wpb_text_column wpb_content_element\" >\n\t\t<div class=\"wpb_wrapper\">\n\t\t\t<p>Slagon\u00ae<\/p>\n<\/div>\n<div>9 rue des colonnes<\/div>\n<div>75002 Paris, FRANCE<\/div>\n<div>T\u00e9l. : (+33) 09 77 19 71 33<\/div>\n<div>E-mail :\u00a0contact@slagon.fr<\/div>\n<div>\n<p>Website :<\/p>\n\n\t\t<\/div>\n\t<\/div>\n<\/div><\/div><\/div><\/div><div class=\"vc_row wpb_row vc_inner vc_row-fluid max_width\"><div class=\"wpb_column vc_column_container vc_col-sm-12 et-dark-column\"><div class=\"vc_column-inner\"><div class=\"wpb_wrapper\"><div class=\"vc_empty_space\"   style=\"height: 33px\"><span class=\"vc_empty_space_inner\"><\/span><\/div><\/div><\/div><\/div><\/div><div class=\"vc_row wpb_row vc_inner vc_row-fluid max_width\"><div class=\"wpb_column vc_column_container vc_col-sm-12 et-dark-column\"><div class=\"vc_column-inner\"><div class=\"wpb_wrapper\">\n\t<div class=\"wpb_text_column wpb_content_element\" >\n\t\t<div class=\"wpb_wrapper\">\n\t\t\t<h3 data-start=\"1388\" data-end=\"1423\">4\ufe0f\u20e3 Personal Data Protection (GDPR)<\/h3>\n<p data-start=\"1424\" data-end=\"1874\" class=\"translation-block\">Le site collecte des donn\u00e9es personnelles uniquement via les formulaires de contact et de demande de devis.<br data-start=\"1531\" data-end=\"1534\"><strong data-start=\"1534\" data-end=\"1558\">Donn\u00e9es collect\u00e9es :<\/strong> nom, pr\u00e9nom, soci\u00e9t\u00e9, adresse e-mail, num\u00e9ro de t\u00e9l\u00e9phone.<br data-start=\"1617\" data-end=\"1620\"><strong data-start=\"1620\" data-end=\"1648\">Finalit\u00e9 du traitement :<\/strong> gestion des demandes commerciales et r\u00e9ponses aux demandes d\u2019informations ou de devis.<br data-start=\"1735\" data-end=\"1738\"><strong data-start=\"1738\" data-end=\"1772\">Base juridique du traitement :<\/strong> consentement de la personne concern\u00e9e (article 6, paragraphe 1, point a) du R\u00e8glement UE 2016\/679).<\/p>\n<p data-start=\"1876\" data-end=\"2207\" class=\"translation-block\">Les donn\u00e9es ne sont pas c\u00e9d\u00e9es \u00e0 des tiers et sont conserv\u00e9es uniquement le temps n\u00e9cessaire au traitement de la demande.<br data-start=\"1997\" data-end=\"2000\">L\u2019utilisateur dispose d\u2019un droit d\u2019acc\u00e8s, de rectification, de suppression ou de limitation du traitement de ses donn\u00e9es, conform\u00e9ment aux articles 15 \u00e0 22 du RGPD, en contactant : <strong data-start=\"2181\" data-end=\"2205\"><a class=\"decorated-link cursor-pointer\" rel=\"noopener\" data-start=\"2183\" data-end=\"2203\" target=\"_self\">contact@mits-pack.it<\/a><\/strong><\/p>\n<p data-start=\"2209\" data-end=\"2547\" class=\"translation-block\">Le site utilise <strong data-start=\"2225\" data-end=\"2245\">Google Analytics<\/strong> \u00e0 des fins statistiques et d\u2019analyse du trafic. Les informations collect\u00e9es sont anonymis\u00e9es et agr\u00e9g\u00e9es.<br data-start=\"2351\" data-end=\"2354\">Pour plus de d\u00e9tails, consulter notre <strong data-start=\"2392\" data-end=\"2424\">Politique de confidentialit\u00e9<\/strong>, disponible \u00e0 l\u2019adresse suivante :<br data-start=\"2459\" data-end=\"2462\">\ud83d\udc49 <a class=\"decorated-link cursor-pointer\" target=\"_new\" rel=\"noopener\" data-start=\"2465\" data-end=\"2547\">https:\/\/www.mits-pack.it\/privacy-policy<\/a><\/p>\n<hr data-start=\"2549\" data-end=\"2552\" \/>\n<h3 data-start=\"2554\" data-end=\"2580\">5\ufe0f\u20e3 Intellectual Property<\/h3>\n<p data-start=\"2581\" data-end=\"2808\" class=\"translation-block\">L\u2019ensemble des contenus du site (textes, logos, images, graphismes) est la propri\u00e9t\u00e9 de <strong data-start=\"2669\" data-end=\"2686\">MITS PACK SRL<\/strong> ou de leurs auteurs respectifs.<br data-start=\"2718\" data-end=\"2721\">Toute reproduction, m\u00eame partielle, est interdite sans autorisation \u00e9crite pr\u00e9alable.<\/p>\n<hr data-start=\"2810\" data-end=\"2813\" \/>\n<h3 data-start=\"2815\" data-end=\"2839\">6\ufe0f\u20e3 Governing Law<\/h3>\n<p data-start=\"2840\" data-end=\"3011\" class=\"translation-block\">Le pr\u00e9sent site est soumis \u00e0 la <strong data-start=\"2872\" data-end=\"2897\">l\u00e9gislation italienne<\/strong>.<br data-start=\"2898\" data-end=\"2901\">En cas de litige, le tribunal comp\u00e9tent est celui de <strong data-start=\"2954\" data-end=\"2973\">Novara (Italie)<\/strong>, sauf disposition l\u00e9gale contraire.<\/p>\n\n\t\t<\/div>\n\t<\/div>\n<\/div><\/div><\/div><\/div><div class=\"vc_empty_space\"   style=\"height: 33px\"><span class=\"vc_empty_space_inner\"><\/span><\/div><\/div><\/div><\/div><\/div><\/div><div  class=\"sec_row container\"><div class=\"vc_row wpb_row vc_row-fluid\"><div class=\"wpb_column vc_column_container vc_col-sm-12 et-dark-column\"><div class=\"vc_column-inner\"><div class=\"wpb_wrapper\">\n\t<div class=\"wpb_text_column wpb_content_element\" >\n\t\t<div class=\"wpb_wrapper\">\n\t\t\t<\/div>\n\n\t\t<\/div>\n\t<\/div>\n<\/div><\/div><\/div><\/div><\/div>\n<\/div>","protected":false},"excerpt":{"rendered":"MITS PACK Soci\u00e9t\u00e9 : MITS PACK S.r.l Adresse : Via Sempione, 1B, 28040 Marano Ticino NO, Italie E-mail : contact@mits-pack.it Site Internet :\u00a0www.mits-pack.it Cod fiscale : \u202d13687380967\u202c Directeur de publication : Mr Bonneaud E-mail: contact@mits-pack.it H\u00e9bergement : OVH SAS 2 rue Kellermann 59100 Roubaix France http:\/\/www.ovh.com\/ Conception du site Web [...]","protected":false},"author":1,"featured_media":0,"parent":0,"menu_order":0,"comment_status":"closed","ping_status":"closed","template":"","meta":{"_acf_changed":false,"inline_featured_image":false,"footnotes":""},"class_list":["post-289","page","type-page","status-publish","hentry"],"acf":[],"yoast_head":"<!-- This site is optimized with the Yoast SEO plugin v27.0 - https:\/\/yoast.com\/product\/yoast-seo-wordpress\/ -->\n<title>Mentions L\u00e9gales - MITS PACK<\/title>\n<meta name=\"robots\" content=\"index, follow, max-snippet:-1, max-image-preview:large, max-video-preview:-1\" \/>\n<link rel=\"canonical\" href=\"https:\/\/mits-pack.it\/en\/mentions-legales\/\" \/>\n<meta property=\"og:locale\" content=\"en_GB\" \/>\n<meta property=\"og:type\" content=\"article\" \/>\n<meta property=\"og:title\" content=\"Mentions L\u00e9gales - MITS PACK\" \/>\n<meta property=\"og:url\" content=\"https:\/\/mits-pack.it\/en\/mentions-legales\/\" \/>\n<meta property=\"og:site_name\" content=\"MITS PACK\" \/>\n<meta property=\"article:modified_time\" content=\"2025-11-20T10:47:29+00:00\" \/>\n<meta name=\"twitter:card\" content=\"summary_large_image\" \/>\n<meta name=\"twitter:label1\" content=\"Estimated reading time\" \/>\n\t<meta name=\"twitter:data1\" content=\"2 minutes\" \/>\n<script type=\"application\/ld+json\" class=\"yoast-schema-graph\">{\"@context\":\"https:\/\/schema.org\",\"@graph\":[{\"@type\":\"WebPage\",\"@id\":\"https:\/\/mits-pack.it\/mentions-legales\/\",\"url\":\"https:\/\/mits-pack.it\/mentions-legales\/\",\"name\":\"Mentions L\u00e9gales - MITS PACK\",\"isPartOf\":{\"@id\":\"https:\/\/mits-pack.it\/#website\"},\"datePublished\":\"2025-05-30T17:42:08+00:00\",\"dateModified\":\"2025-11-20T10:47:29+00:00\",\"breadcrumb\":{\"@id\":\"https:\/\/mits-pack.it\/mentions-legales\/#breadcrumb\"},\"inLanguage\":\"en-GB\",\"potentialAction\":[{\"@type\":\"ReadAction\",\"target\":[\"https:\/\/mits-pack.it\/mentions-legales\/\"]}]},{\"@type\":\"BreadcrumbList\",\"@id\":\"https:\/\/mits-pack.it\/mentions-legales\/#breadcrumb\",\"itemListElement\":[{\"@type\":\"ListItem\",\"position\":1,\"name\":\"Accueil\",\"item\":\"https:\/\/mits-pack.it\/\"},{\"@type\":\"ListItem\",\"position\":2,\"name\":\"Mentions L\u00e9gales\"}]},{\"@type\":\"WebSite\",\"@id\":\"https:\/\/mits-pack.it\/#website\",\"url\":\"https:\/\/mits-pack.it\/\",\"name\":\"MITS PACK\",\"description\":\"\",\"potentialAction\":[{\"@type\":\"SearchAction\",\"target\":{\"@type\":\"EntryPoint\",\"urlTemplate\":\"https:\/\/mits-pack.it\/?s={search_term_string}\"},\"query-input\":{\"@type\":\"PropertyValueSpecification\",\"valueRequired\":true,\"valueName\":\"search_term_string\"}}],\"inLanguage\":\"en-GB\"}]}<\/script>\n<!-- \/ Yoast SEO plugin. -->","yoast_head_json":{"title":"Mentions L\u00e9gales - MITS PACK","robots":{"index":"index","follow":"follow","max-snippet":"max-snippet:-1","max-image-preview":"max-image-preview:large","max-video-preview":"max-video-preview:-1"},"canonical":"https:\/\/mits-pack.it\/en\/mentions-legales\/","og_locale":"en_GB","og_type":"article","og_title":"Mentions L\u00e9gales - MITS PACK","og_url":"https:\/\/mits-pack.it\/en\/mentions-legales\/","og_site_name":"MITS PACK","article_modified_time":"2025-11-20T10:47:29+00:00","twitter_card":"summary_large_image","twitter_misc":{"Estimated reading time":"2 minutes"},"schema":{"@context":"https:\/\/schema.org","@graph":[{"@type":"WebPage","@id":"https:\/\/mits-pack.it\/mentions-legales\/","url":"https:\/\/mits-pack.it\/mentions-legales\/","name":"Mentions L\u00e9gales - MITS PACK","isPartOf":{"@id":"https:\/\/mits-pack.it\/#website"},"datePublished":"2025-05-30T17:42:08+00:00","dateModified":"2025-11-20T10:47:29+00:00","breadcrumb":{"@id":"https:\/\/mits-pack.it\/mentions-legales\/#breadcrumb"},"inLanguage":"en-GB","potentialAction":[{"@type":"ReadAction","target":["https:\/\/mits-pack.it\/mentions-legales\/"]}]},{"@type":"BreadcrumbList","@id":"https:\/\/mits-pack.it\/mentions-legales\/#breadcrumb","itemListElement":[{"@type":"ListItem","position":1,"name":"Accueil","item":"https:\/\/mits-pack.it\/"},{"@type":"ListItem","position":2,"name":"Mentions L\u00e9gales"}]},{"@type":"WebSite","@id":"https:\/\/mits-pack.it\/#website","url":"https:\/\/mits-pack.it\/","name":"MITS PACK","description":"","potentialAction":[{"@type":"SearchAction","target":{"@type":"EntryPoint","urlTemplate":"https:\/\/mits-pack.it\/?s={search_term_string}"},"query-input":{"@type":"PropertyValueSpecification","valueRequired":true,"valueName":"search_term_string"}}],"inLanguage":"en-GB"}]}},"_links":{"self":[{"href":"https:\/\/mits-pack.it\/en\/wp-json\/wp\/v2\/pages\/289","targetHints":{"allow":["GET"]}}],"collection":[{"href":"https:\/\/mits-pack.it\/en\/wp-json\/wp\/v2\/pages"}],"about":[{"href":"https:\/\/mits-pack.it\/en\/wp-json\/wp\/v2\/types\/page"}],"author":[{"embeddable":true,"href":"https:\/\/mits-pack.it\/en\/wp-json\/wp\/v2\/users\/1"}],"replies":[{"embeddable":true,"href":"https:\/\/mits-pack.it\/en\/wp-json\/wp\/v2\/comments?post=289"}],"version-history":[{"count":10,"href":"https:\/\/mits-pack.it\/en\/wp-json\/wp\/v2\/pages\/289\/revisions"}],"predecessor-version":[{"id":926,"href":"https:\/\/mits-pack.it\/en\/wp-json\/wp\/v2\/pages\/289\/revisions\/926"}],"wp:attachment":[{"href":"https:\/\/mits-pack.it\/en\/wp-json\/wp\/v2\/media?parent=289"}],"curies":[{"name":"wp","href":"https:\/\/api.w.org\/{rel}","templated":true}]}}