{"id":557,"date":"2025-09-01T21:55:25","date_gmt":"2025-09-01T19:55:25","guid":{"rendered":"https:\/\/mits-pack.it\/?page_id=557"},"modified":"2025-11-05T12:23:19","modified_gmt":"2025-11-05T11:23:19","slug":"liquide","status":"publish","type":"page","link":"https:\/\/mits-pack.it\/en\/liquide\/","title":{"rendered":"Liquid"},"content":{"rendered":"<div class=\"wpb-content-wrapper\"><div  class=\"sec_row container\"><div class=\"vc_row wpb_row vc_row-fluid no-padding\"><div class=\"large-pic wpb_column vc_column_container vc_col-sm-12 et-dark-column\"><div class=\"vc_column-inner\"><div class=\"wpb_wrapper\"><div class=\"vc_row wpb_row vc_inner vc_row-fluid max_width\"><div class=\"wpb_column vc_column_container vc_col-sm-12 et-dark-column\"><div class=\"vc_column-inner\"><div class=\"wpb_wrapper\"><div class=\"vc_empty_space\"   style=\"height: 55px\"><span class=\"vc_empty_space_inner\"><\/span><\/div><h1 style=\"text-align: center\" class=\"vc_custom_heading vc_do_custom_heading mits-h1\" >Liquid filler - capping and packaging<\/h1><div class=\"vc_empty_space  hide-mobile\"   style=\"height: 55px\"><span class=\"vc_empty_space_inner\"><\/span><\/div><div class=\"vc_empty_space  hide-desktop\"   style=\"height: 33px\"><span class=\"vc_empty_space_inner\"><\/span><\/div><\/div><\/div><\/div><\/div><div class=\"vc_row wpb_row vc_inner vc_row-fluid max_width align-center vc_row-o-content-middle vc_row-flex\"><div class=\"wpb_column vc_column_container vc_col-sm-6 et-dark-column\"><div class=\"vc_column-inner\"><div class=\"wpb_wrapper\">\n\t<div id=\"et-video-lightbox-69e931e01b57f\" class=\"et-lightbox et-video-lightbox mfp-video lightbox-image icon-pulse icon-color-  medium animation bottom-to-top\" data-mfp-type=\"iframe\" data-mfp-src=\"https:\/\/www.youtube.com\/watch?v=DEwf6TVSawY\" >\n\t\t\t\t\t\n\t\t\t<img decoding=\"async\" src=\"https:\/\/mits-pack.it\/wp-content\/uploads\/2025\/10\/Liquide-photo.png\" alt=\"Liquide-photo\" \/>\n\t\t\t\t\n\t\t<div class=\"et-video-icon\">\n\t\t\t<svg xmlns=\"http:\/\/www.w3.org\/2000\/svg\" width=\"24\" height=\"24\" viewbox=\"0 0 24 24\" fill=\"none\" stroke=\"currentColor\" stroke-width=\"2\" stroke-linecap=\"round\" stroke-linejoin=\"round\" class=\"feather feather-play\"><polygon points=\"5 3 19 12 5 21 5 3\"><\/polygon><\/svg>\t\t<\/div>\n\n\t\t\t<\/div>\n\t<\/div><\/div><\/div><div class=\"wpb_column vc_column_container vc_col-sm-6 et-dark-column\"><div class=\"vc_column-inner\"><div class=\"wpb_wrapper\"><div class=\"vc_empty_space  hide-desktop\"   style=\"height: 33px\"><span class=\"vc_empty_space_inner\"><\/span><\/div>\n\t<div class=\"wpb_text_column wpb_content_element   vc_custom_1759650523704 caracteristiques\" >\n\t\t<div class=\"wpb_wrapper\">\n\t\t\t<p class=\"translation-block\">Our industrial bottling equipment ensures precise and efficient filling of liquid products into glass, plastic, or metal containers.<\/p>\n<p class=\"translation-block\">Fully automated and versatile, they cover every stage of the process \u2014 filling, capping, sealing, labeling, and final packaging.<\/p>\n<p class=\"translation-block\">Built from high-grade stainless steel and fully compliant with GMP standards, our machines deliver fast, hygienic, and cost-effective production across all industries<\/p>\n\n\t\t<\/div>\n\t<\/div>\n<div class=\"vc_empty_space  hide-desktop\"   style=\"height: 33px\"><span class=\"vc_empty_space_inner\"><\/span><\/div><div class=\"vc_empty_space\"   style=\"height: 33px\"><span class=\"vc_empty_space_inner\"><\/span><\/div>\t\t<div id=\"et-button-69e931e01bd25\" class=\"et_btn_align_center\">\n\t\t\t<a href=\"https:\/\/mits-pack.it\/en\/demander-un-devis\/\" class=\"et_btn button et_btn_md solid color-\"  role=\"button\" title=\"\" ><span>Request more information<\/span><\/a>\n\t\t<\/div>\n\t\t\n\t<\/div><\/div><\/div><\/div><div class=\"vc_empty_space\"   style=\"height: 55px\"><span class=\"vc_empty_space_inner\"><\/span><\/div><\/div><\/div><\/div><\/div><\/div><div  class=\"sec_row container\"><div class=\"vc_row wpb_row vc_row-fluid no-padding\"><div class=\"large-pic wpb_column vc_column_container vc_col-sm-12 et-dark-column\"><div class=\"vc_column-inner\"><div class=\"wpb_wrapper\"><div class=\"vc_row wpb_row vc_inner vc_row-fluid max_width align-center vc_row-o-content-middle vc_row-flex\"><div class=\"caracteristiques wpb_column vc_column_container vc_col-sm-6 et-dark-column\"><div class=\"vc_column-inner\"><div class=\"wpb_wrapper\"><h2 style=\"text-align: left\" class=\"vc_custom_heading vc_do_custom_heading mits-h2-2\" >Key performance and features<\/h2><div class=\"vc_empty_space\"   style=\"height: 9px\"><span class=\"vc_empty_space_inner\"><\/span><\/div>\n\t<div class=\"wpb_text_column wpb_content_element   vc_custom_1759496365446 caracteristiques\" >\n\t\t<div class=\"wpb_wrapper\">\n\t\t\t<ul>\n<li class=\"translation-block\"><strong>Versatility<\/strong>: compatibility with different bottle sizes and shapes, filling systems suitable for all types of liquids.<\/li>\n<li class=\"translation-block\"><strong>Wide range of models<\/strong>: automatic and semi-automatic filling machines, bottle washers, capping and sealing machines, labeling machines, and complete lines. Discover our <a href=\"\/en\/etiquetage\/\" target=\"_self\"><strong>dedicated labeling machines page<\/strong><\/a> for more details.<\/li>\n<\/ul>\n<ul>\n<li class=\"translation-block\"><strong>High-efficiency automation<\/strong>: integrated feeding, filling, capping, sealing, and labeling \u2192 reduced labor costs and increased throughput.<\/li>\n<li class=\"translation-block\"><strong>Filling precision<\/strong>: peristaltic, ceramic, or magnetic pumps to ensure perfect consistency.<\/li>\n<li class=\"translation-block\"><strong>Ease of use<\/strong>: PLC control with touch screen, integrated alarm system, enhanced safety.<\/li>\n<li class=\"translation-block\"><strong>Custom design<\/strong>: tailor-made solutions based on your bottles, volumes, and product characteristics.<\/li>\n<\/ul>\n\n\t\t<\/div>\n\t<\/div>\n<div class=\"vc_empty_space  hide-desktop\"   style=\"height: 33px\"><span class=\"vc_empty_space_inner\"><\/span><\/div><\/div><\/div><\/div><div class=\"wpb_column vc_column_container vc_col-sm-6 et-dark-column\"><div class=\"vc_column-inner\"><div class=\"wpb_wrapper\">\n\t<div  class=\"wpb_single_image wpb_content_element vc_align_left wpb_content_element vc_custom_1759311576330\">\n\t\t\n\t\t<figure class=\"wpb_wrapper vc_figure\">\n\t\t\t<div class=\"vc_single_image-wrapper   vc_box_border_grey\"><img decoding=\"async\" class=\"vc_single_image-img\" src=\"https:\/\/mits-pack.it\/wp-content\/uploads\/2025\/10\/Ligne-liquide_1-1140x900.jpg\" width=\"1140\" height=\"900\" alt=\"Ligne liquide_1\" title=\"Liquid line_1\" loading=\"lazy\" \/><\/div>\n\t\t<\/figure>\n\t<\/div>\n<\/div><\/div><\/div><\/div><div class=\"vc_empty_space\"   style=\"height: 55px\"><span class=\"vc_empty_space_inner\"><\/span><\/div><div class=\"vc_row wpb_row vc_inner vc_row-fluid max_width align-center avantages vc_row-o-content-middle vc_row-flex\"><div class=\"wpb_column vc_column_container vc_col-sm-6 et-dark-column\"><div class=\"vc_column-inner\"><div class=\"wpb_wrapper\">\n\t<div  class=\"wpb_single_image wpb_content_element vc_align_left wpb_content_element vc_custom_1759311626613\">\n\t\t\n\t\t<figure class=\"wpb_wrapper vc_figure\">\n\t\t\t<div class=\"vc_single_image-wrapper   vc_box_border_grey\"><img decoding=\"async\" class=\"vc_single_image-img\" src=\"https:\/\/mits-pack.it\/wp-content\/uploads\/2025\/10\/Liquide_2-1024x900.jpg\" width=\"1024\" height=\"900\" alt=\"Liquide_2\" title=\"Liquid_2\" loading=\"lazy\" \/><\/div>\n\t\t<\/figure>\n\t<\/div>\n<\/div><\/div><\/div><div class=\"wpb_column vc_column_container vc_col-sm-6 et-dark-column\"><div class=\"vc_column-inner\"><div class=\"wpb_wrapper\"><div class=\"vc_empty_space  hide-desktop\"   style=\"height: 33px\"><span class=\"vc_empty_space_inner\"><\/span><\/div><h2 style=\"text-align: left\" class=\"vc_custom_heading vc_do_custom_heading mits-h2\" >Applications by sector<\/h2><div class=\"vc_empty_space\"   style=\"height: 9px\"><span class=\"vc_empty_space_inner\"><\/span><\/div>\n\t<div class=\"wpb_text_column wpb_content_element   vc_custom_1756756201622\" >\n\t\t<div class=\"wpb_wrapper\">\n\t\t\t<ul>\n<li class=\"translation-block\"><strong>Beverages<\/strong>: water, juices, sodas, energy drinks, teas, coffees.<\/li>\n<li class=\"translation-block\"><strong>Pharmaceutical products<\/strong>: syrups, medicinal solutions, medicinal oils, injectable products.<\/li>\n<li><strong>Food Industry<\/strong> : oils, sauces, condiments, liquid spices, honey, jams.<\/li>\n<li class=\"translation-block\"><strong>Cosmetics and personal care<\/strong>: perfumes, shampoos, shower gels, creams, lotions.<\/li>\n<li class=\"translation-block\"><strong>Cleaning products<\/strong>: detergents, disinfectants, cleaners, bleaching agents.<\/li>\n<li class=\"translation-block\"><strong>Alcoholic beverages<\/strong>: wines, spirits, beers, liqueurs.<\/li>\n<li class=\"translation-block\"><strong>Agricultural chemicals<\/strong>: liquid fertilizers, pesticides.<\/li>\n<li class=\"translation-block\"><strong>Industry &amp; lubricants<\/strong>: industrial oils, cooling fluids, lubricating products.<\/li>\n<\/ul>\n\n\t\t<\/div>\n\t<\/div>\n<div class=\"vc_empty_space  hide-desktop\"   style=\"height: 33px\"><span class=\"vc_empty_space_inner\"><\/span><\/div><\/div><\/div><\/div><\/div><div class=\"vc_empty_space\"   style=\"height: 55px\"><span class=\"vc_empty_space_inner\"><\/span><\/div><\/div><\/div><\/div><\/div><\/div><div  class=\"sec_row container-fluid\"><div class=\"vc_row wpb_row vc_row-fluid no-padding align-center vc_custom_1756744040306 vc_row-has-fill vc_row-o-content-middle vc_row-flex\"><div class=\"wpb_column vc_column_container vc_col-sm-12 et-dark-column\"><div class=\"vc_column-inner\"><div class=\"wpb_wrapper\"><div class=\"vc_empty_space\"   style=\"height: 55px\"><span class=\"vc_empty_space_inner\"><\/span><\/div><div class=\"vc_row wpb_row vc_inner vc_row-fluid max_width align-center vc_row-o-content-middle vc_row-flex\"><div class=\"wpb_column vc_column_container vc_col-sm-6 et-dark-column\"><div class=\"vc_column-inner\"><div class=\"wpb_wrapper\">\n\t<div  class=\"wpb_single_image wpb_content_element vc_align_left wpb_content_element vc_custom_1756745230560\">\n\t\t\n\t\t<figure class=\"wpb_wrapper vc_figure\">\n\t\t\t<div class=\"vc_single_image-wrapper   vc_box_border_grey\"><img decoding=\"async\" class=\"vc_single_image-img\" src=\"https:\/\/mits-pack.it\/wp-content\/uploads\/2025\/07\/transparent-plastic-bottles-fi_2048x2048-1200x900.webp\" width=\"1200\" height=\"900\" alt=\"transparent-plastic-bottles-fi_2048x2048\" title=\"transparent-plastic-bottles-fi_2048x2048\" loading=\"lazy\" \/><\/div>\n\t\t<\/figure>\n\t<\/div>\n<\/div><\/div><\/div><div class=\"wpb_column vc_column_container vc_col-sm-6 et-dark-column\"><div class=\"vc_column-inner\"><div class=\"wpb_wrapper\"><div class=\"vc_empty_space  hide-desktop\"   style=\"height: 33px\"><span class=\"vc_empty_space_inner\"><\/span><\/div><h2 style=\"text-align: left\" class=\"vc_custom_heading vc_do_custom_heading mits-h2\" >Why choose our bottling equipment?<\/h2><div class=\"vc_empty_space\"   style=\"height: 9px\"><span class=\"vc_empty_space_inner\"><\/span><\/div>\n\t<div class=\"wpb_text_column wpb_content_element   vc_custom_1756756235020 caracteristiques\" >\n\t\t<div class=\"wpb_wrapper\">\n\t\t\t<ul>\n<li class=\"translation-block\"><strong>Maximum flexibility<\/strong>: a single machine for different formats and types of liquids.<\/li>\n<li class=\"translation-block\"><strong>Guaranteed quality<\/strong>: SUS304\/316L stainless steel parts compliant with GMP.<\/li>\n<li class=\"translation-block\"><strong>Increased productivity<\/strong>: full automation and high throughput.<\/li>\n<li class=\"translation-block\"><strong>Customization<\/strong>: solutions tailored to your specific needs.<\/li>\n<li class=\"translation-block\"><strong>Global support<\/strong>: installation, commissioning, training, maintenance, and spare parts.<\/li>\n<li class=\"translation-block\"><strong>Lifetime after-sales service<\/strong>: continuous support for optimal operation.<\/li>\n<\/ul>\n\n\t\t<\/div>\n\t<\/div>\n<div class=\"vc_empty_space\"   style=\"height: 13px\"><span class=\"vc_empty_space_inner\"><\/span><\/div>\t\t<div id=\"et-button-69e931e037b6b\" class=\"et_btn_align_left\">\n\t\t\t<a href=\"https:\/\/mits-pack.it\/en\/demander-un-devis\/\" class=\"et_btn button et_btn_md solid color-\"  role=\"button\" title=\"Request a quote\" ><span>Request a quote<\/span><\/a>\n\t\t<\/div>\n\t\t\n\t<\/div><\/div><\/div><\/div><div class=\"vc_empty_space\"   style=\"height: 55px\"><span class=\"vc_empty_space_inner\"><\/span><\/div><\/div><\/div><\/div><\/div><\/div><div  class=\"sec_row container\"><div class=\"vc_row wpb_row vc_row-fluid\"><div class=\"wpb_column vc_column_container vc_col-sm-12 et-dark-column\"><div class=\"vc_column-inner\"><div class=\"wpb_wrapper\"><div class=\"vc_empty_space\"   style=\"height: 55px\"><span class=\"vc_empty_space_inner\"><\/span><\/div><h2 style=\"text-align: center\" class=\"vc_custom_heading vc_do_custom_heading mits-h2\" >FAQ \u2013 Bottling Equipment<\/h2><div class=\"vc_empty_space\"   style=\"height: 33px\"><span class=\"vc_empty_space_inner\"><\/span><\/div><div  class=\"vc_do_toggle vc_toggle vc_toggle_default vc_toggle_color_default  vc_toggle_size_md vc_toggle_active\"><div class=\"vc_toggle_title\"><h4>What types of products can be bagged?<\/h4><i class=\"vc_toggle_icon\"><\/i><\/div><div class=\"vc_toggle_content\"><ul>\n<li class=\"translation-block\"><strong>Beverages<\/strong>: water, juices, sodas, alcohol.<\/li>\n<li class=\"translation-block\"><strong>Pharma<\/strong>: syrups, solutions, medicinal oils.<\/li>\n<li class=\"translation-block\"><strong>Cosmetics<\/strong>: perfumes, shampoos, gels, lotions.<\/li>\n<li><strong>Food Industry<\/strong> : sauces, oils, condiments, honey.<\/li>\n<li><strong><strong>Chemicals &amp; cleaning<\/strong><\/strong> detergents, lubricants, fertilisers, pesticides.<\/li>\n<\/ul>\n<\/div><\/div><div  class=\"vc_do_toggle vc_toggle vc_toggle_default vc_toggle_color_default  vc_toggle_size_md\"><div class=\"vc_toggle_title\"><h4>How do the machines adapt to different bottle sizes?<\/h4><i class=\"vc_toggle_icon\"><\/i><\/div><div class=\"vc_toggle_content\"><p>Our machines feature adjustment systems and adaptive clamps. For certain specific formats, customized molds are available.<\/p>\n<\/div><\/div><div  class=\"vc_do_toggle vc_toggle vc_toggle_default vc_toggle_color_default  vc_toggle_size_md\"><div class=\"vc_toggle_title\"><h4>How to ensure cleaning and maintenance?<\/h4><i class=\"vc_toggle_icon\"><\/i><\/div><div class=\"vc_toggle_content\"><ul>\n<li>Regular cleaning after each batch (CIP available depending on the model).<\/li>\n<li>Lubrication of moving parts (motors, chains, bearings).<\/li>\n<li>Periodic inspection of belts and storage in a dry environment.<\/li>\n<\/ul>\n<\/div><\/div><div  class=\"vc_do_toggle vc_toggle vc_toggle_default vc_toggle_color_default  vc_toggle_size_md\"><div class=\"vc_toggle_title\"><h4>What is the production capacity?<\/h4><i class=\"vc_toggle_icon\"><\/i><\/div><div class=\"vc_toggle_content\"><p class=\"translation-block\">We offer <strong>small, medium, and large capacity<\/strong> equipment. Our experts recommend the model best suited to your volumes.<p><\/p><\/p>\n<\/div><\/div><div  class=\"vc_do_toggle vc_toggle vc_toggle_default vc_toggle_color_default  vc_toggle_size_md\"><div class=\"vc_toggle_title\"><h4>Do the machines comply with GMP standards?<\/h4><i class=\"vc_toggle_icon\"><\/i><\/div><div class=\"vc_toggle_content\"><p>Yes, all parts in contact with the products are made of SUS304\/316L stainless steel, in compliance with GMP standards.<\/p>\n<\/div><\/div><div  class=\"vc_do_toggle vc_toggle vc_toggle_default vc_toggle_color_default  vc_toggle_size_md\"><div class=\"vc_toggle_title\"><h4>Do you do the installation and training?<\/h4><i class=\"vc_toggle_icon\"><\/i><\/div><div class=\"vc_toggle_content\"><p class=\"translation-block\">Yes, our teams provide <strong>on-site installation, commissioning, and training<\/strong> for your operators, with continuous technical support.<p><\/p><\/p>\n<\/div><\/div><div class=\"vc_empty_space\"   style=\"height: 55px\"><span class=\"vc_empty_space_inner\"><\/span><\/div><\/div><\/div><\/div><\/div><\/div><div id=\"contact-banner\" class=\"sec_row container-fluid\"><div class=\"vc_row wpb_row vc_row-fluid no-padding vc_custom_1748611716768 vc_row-has-fill\"><div class=\"wpb_column vc_column_container vc_col-sm-2 et-dark-column\"><div class=\"vc_column-inner  vc_custom_1679921854256\"><div class=\"wpb_wrapper\"><\/div><\/div><\/div><div class=\"wpb_column vc_column_container vc_col-sm-8 et-dark-column\"><div class=\"vc_column-inner  vc_custom_1680263875816\"><div class=\"wpb_wrapper\"><div class=\"vc_row wpb_row vc_inner vc_row-fluid max_width\"><div class=\"text-center wpb_column vc_column_container vc_col-sm-12 et-dark-column\"><div class=\"vc_column-inner  vc_custom_1678278908258\"><div class=\"wpb_wrapper\"><div class=\"vc_empty_space\"   style=\"height: 90px\"><span class=\"vc_empty_space_inner\"><\/span><\/div><h2 style=\"color: #0E1851;text-align: center\" class=\"vc_custom_heading vc_do_custom_heading heading-solystic vc_custom_1756741566076\" >Take action<\/h2><p style=\"font-size: 21px;color: #0E1851;line-height: 1.4;text-align: center\" class=\"vc_custom_heading vc_do_custom_heading vc_custom_1756756474343\" >Are you looking for bottling equipment that is reliable, precise, and compliant with international standards? Our specialists support you from defining your requirements to the full installation of your production line.<\/p>\t\t<div id=\"et-button-69e931e039175\" class=\"et_btn_align_left\">\n\t\t\t<a href=\"https:\/\/mits-pack.it\/en\/demander-un-devis\/\" class=\"et_btn button et_btn_md solid color-\"  role=\"button\" title=\"Contact\" ><span>Get a personalized quote<\/span><\/a>\n\t\t<\/div>\n\t\t\n\t<div class=\"vc_empty_space\"   style=\"height: 11px\"><span class=\"vc_empty_space_inner\"><\/span><\/div><div class=\"vc_empty_space\"   style=\"height: 90px\"><span class=\"vc_empty_space_inner\"><\/span><\/div><\/div><\/div><\/div><\/div><\/div><\/div><\/div><div class=\"wpb_column vc_column_container vc_col-sm-2 et-dark-column\"><div class=\"vc_column-inner\"><div class=\"wpb_wrapper\"><\/div><\/div><\/div><\/div><\/div>\n<\/div>","protected":false},"excerpt":{"rendered":"Remplisseuse liquide \u2013 bouchage et conditionnement Les \u00e9quipements d\u2019embouteillage industriels sont essentiels pour le remplissage pr\u00e9cis et efficace de produits liquides dans des bouteilles en verre, plastique ou m\u00e9tal. Polyvalents et automatis\u00e9s, ils prennent en charge l\u2019ensemble du processus : remplissage, bouchage, scellage, \u00e9tiquetage et conditionnement final. Conformes aux normes [...]","protected":false},"author":1,"featured_media":0,"parent":0,"menu_order":0,"comment_status":"closed","ping_status":"closed","template":"","meta":{"_acf_changed":false,"inline_featured_image":false,"footnotes":""},"class_list":["post-557","page","type-page","status-publish","hentry"],"acf":[],"yoast_head":"<!-- This site is optimized with the Yoast SEO plugin v27.0 - https:\/\/yoast.com\/product\/yoast-seo-wordpress\/ -->\n<title>Remplisseuse liquide, bouchage et conditionnement - MITS PACK<\/title>\n<meta name=\"description\" content=\"Les \u00e9quipements d\u2019embouteillage industriels sont essentiels pour le remplissage pr\u00e9cis et efficace de produits liquides dans des bouteilles en verre, plastique ou m\u00e9tal.\" \/>\n<meta name=\"robots\" content=\"index, follow, max-snippet:-1, max-image-preview:large, max-video-preview:-1\" \/>\n<link rel=\"canonical\" href=\"https:\/\/mits-pack.it\/en\/liquide\/\" \/>\n<meta property=\"og:locale\" content=\"en_GB\" \/>\n<meta property=\"og:type\" content=\"article\" \/>\n<meta property=\"og:title\" content=\"Remplisseuse liquide, bouchage et conditionnement - MITS PACK\" \/>\n<meta property=\"og:description\" content=\"Les \u00e9quipements d\u2019embouteillage industriels sont essentiels pour le remplissage pr\u00e9cis et efficace de produits liquides dans des bouteilles en verre, plastique ou m\u00e9tal.\" \/>\n<meta property=\"og:url\" content=\"https:\/\/mits-pack.it\/en\/liquide\/\" \/>\n<meta property=\"og:site_name\" content=\"MITS PACK\" \/>\n<meta property=\"article:modified_time\" content=\"2025-11-05T11:23:19+00:00\" \/>\n<meta name=\"twitter:card\" content=\"summary_large_image\" \/>\n<meta name=\"twitter:label1\" content=\"Estimated reading time\" \/>\n\t<meta name=\"twitter:data1\" content=\"4 minutes\" \/>\n<script type=\"application\/ld+json\" class=\"yoast-schema-graph\">{\"@context\":\"https:\/\/schema.org\",\"@graph\":[{\"@type\":\"WebPage\",\"@id\":\"https:\/\/mits-pack.it\/liquide\/\",\"url\":\"https:\/\/mits-pack.it\/liquide\/\",\"name\":\"Remplisseuse liquide, bouchage et conditionnement - MITS PACK\",\"isPartOf\":{\"@id\":\"https:\/\/mits-pack.it\/#website\"},\"datePublished\":\"2025-09-01T19:55:25+00:00\",\"dateModified\":\"2025-11-05T11:23:19+00:00\",\"description\":\"Les \u00e9quipements d\u2019embouteillage industriels sont essentiels pour le remplissage pr\u00e9cis et efficace de produits liquides dans des bouteilles en verre, plastique ou m\u00e9tal.\",\"breadcrumb\":{\"@id\":\"https:\/\/mits-pack.it\/liquide\/#breadcrumb\"},\"inLanguage\":\"en-GB\",\"potentialAction\":[{\"@type\":\"ReadAction\",\"target\":[\"https:\/\/mits-pack.it\/liquide\/\"]}]},{\"@type\":\"BreadcrumbList\",\"@id\":\"https:\/\/mits-pack.it\/liquide\/#breadcrumb\",\"itemListElement\":[{\"@type\":\"ListItem\",\"position\":1,\"name\":\"Accueil\",\"item\":\"https:\/\/mits-pack.it\/\"},{\"@type\":\"ListItem\",\"position\":2,\"name\":\"Liquide\"}]},{\"@type\":\"WebSite\",\"@id\":\"https:\/\/mits-pack.it\/#website\",\"url\":\"https:\/\/mits-pack.it\/\",\"name\":\"MITS PACK\",\"description\":\"\",\"potentialAction\":[{\"@type\":\"SearchAction\",\"target\":{\"@type\":\"EntryPoint\",\"urlTemplate\":\"https:\/\/mits-pack.it\/?s={search_term_string}\"},\"query-input\":{\"@type\":\"PropertyValueSpecification\",\"valueRequired\":true,\"valueName\":\"search_term_string\"}}],\"inLanguage\":\"en-GB\"}]}<\/script>\n<!-- \/ Yoast SEO plugin. -->","yoast_head_json":{"title":"Remplisseuse liquide, bouchage et conditionnement - MITS PACK","description":"Les \u00e9quipements d\u2019embouteillage industriels sont essentiels pour le remplissage pr\u00e9cis et efficace de produits liquides dans des bouteilles en verre, plastique ou m\u00e9tal.","robots":{"index":"index","follow":"follow","max-snippet":"max-snippet:-1","max-image-preview":"max-image-preview:large","max-video-preview":"max-video-preview:-1"},"canonical":"https:\/\/mits-pack.it\/en\/liquide\/","og_locale":"en_GB","og_type":"article","og_title":"Remplisseuse liquide, bouchage et conditionnement - MITS PACK","og_description":"Les \u00e9quipements d\u2019embouteillage industriels sont essentiels pour le remplissage pr\u00e9cis et efficace de produits liquides dans des bouteilles en verre, plastique ou m\u00e9tal.","og_url":"https:\/\/mits-pack.it\/en\/liquide\/","og_site_name":"MITS PACK","article_modified_time":"2025-11-05T11:23:19+00:00","twitter_card":"summary_large_image","twitter_misc":{"Estimated reading time":"4 minutes"},"schema":{"@context":"https:\/\/schema.org","@graph":[{"@type":"WebPage","@id":"https:\/\/mits-pack.it\/liquide\/","url":"https:\/\/mits-pack.it\/liquide\/","name":"Remplisseuse liquide, bouchage et conditionnement - MITS PACK","isPartOf":{"@id":"https:\/\/mits-pack.it\/#website"},"datePublished":"2025-09-01T19:55:25+00:00","dateModified":"2025-11-05T11:23:19+00:00","description":"Les \u00e9quipements d\u2019embouteillage industriels sont essentiels pour le remplissage pr\u00e9cis et efficace de produits liquides dans des bouteilles en verre, plastique ou m\u00e9tal.","breadcrumb":{"@id":"https:\/\/mits-pack.it\/liquide\/#breadcrumb"},"inLanguage":"en-GB","potentialAction":[{"@type":"ReadAction","target":["https:\/\/mits-pack.it\/liquide\/"]}]},{"@type":"BreadcrumbList","@id":"https:\/\/mits-pack.it\/liquide\/#breadcrumb","itemListElement":[{"@type":"ListItem","position":1,"name":"Accueil","item":"https:\/\/mits-pack.it\/"},{"@type":"ListItem","position":2,"name":"Liquide"}]},{"@type":"WebSite","@id":"https:\/\/mits-pack.it\/#website","url":"https:\/\/mits-pack.it\/","name":"MITS PACK","description":"","potentialAction":[{"@type":"SearchAction","target":{"@type":"EntryPoint","urlTemplate":"https:\/\/mits-pack.it\/?s={search_term_string}"},"query-input":{"@type":"PropertyValueSpecification","valueRequired":true,"valueName":"search_term_string"}}],"inLanguage":"en-GB"}]}},"_links":{"self":[{"href":"https:\/\/mits-pack.it\/en\/wp-json\/wp\/v2\/pages\/557","targetHints":{"allow":["GET"]}}],"collection":[{"href":"https:\/\/mits-pack.it\/en\/wp-json\/wp\/v2\/pages"}],"about":[{"href":"https:\/\/mits-pack.it\/en\/wp-json\/wp\/v2\/types\/page"}],"author":[{"embeddable":true,"href":"https:\/\/mits-pack.it\/en\/wp-json\/wp\/v2\/users\/1"}],"replies":[{"embeddable":true,"href":"https:\/\/mits-pack.it\/en\/wp-json\/wp\/v2\/comments?post=557"}],"version-history":[{"count":15,"href":"https:\/\/mits-pack.it\/en\/wp-json\/wp\/v2\/pages\/557\/revisions"}],"predecessor-version":[{"id":835,"href":"https:\/\/mits-pack.it\/en\/wp-json\/wp\/v2\/pages\/557\/revisions\/835"}],"wp:attachment":[{"href":"https:\/\/mits-pack.it\/en\/wp-json\/wp\/v2\/media?parent=557"}],"curies":[{"name":"wp","href":"https:\/\/api.w.org\/{rel}","templated":true}]}}