{"id":565,"date":"2025-09-01T22:09:33","date_gmt":"2025-09-01T20:09:33","guid":{"rendered":"https:\/\/mits-pack.it\/?page_id=565"},"modified":"2025-11-05T12:24:47","modified_gmt":"2025-11-05T11:24:47","slug":"poudre","status":"publish","type":"page","link":"https:\/\/mits-pack.it\/en\/poudre\/","title":{"rendered":"Powder"},"content":{"rendered":"<div class=\"wpb-content-wrapper\"><div  class=\"sec_row container\"><div class=\"vc_row wpb_row vc_row-fluid no-padding\"><div class=\"large-pic wpb_column vc_column_container vc_col-sm-12 et-dark-column\"><div class=\"vc_column-inner\"><div class=\"wpb_wrapper\"><div class=\"vc_row wpb_row vc_inner vc_row-fluid max_width\"><div class=\"wpb_column vc_column_container vc_col-sm-12 et-dark-column\"><div class=\"vc_column-inner\"><div class=\"wpb_wrapper\"><div class=\"vc_empty_space\"   style=\"height: 55px\"><span class=\"vc_empty_space_inner\"><\/span><\/div><h1 style=\"text-align: center\" class=\"vc_custom_heading vc_do_custom_heading mits-h1\" >Industrial machinery for processing and packaging powders<\/h1><div class=\"vc_empty_space  hide-mobile\"   style=\"height: 55px\"><span class=\"vc_empty_space_inner\"><\/span><\/div><div class=\"vc_empty_space  hide-desktop\"   style=\"height: 33px\"><span class=\"vc_empty_space_inner\"><\/span><\/div><\/div><\/div><\/div><\/div><div class=\"vc_row wpb_row vc_inner vc_row-fluid max_width align-center vc_row-o-content-middle vc_row-flex\"><div class=\"wpb_column vc_column_container vc_col-sm-6 et-dark-column\"><div class=\"vc_column-inner\"><div class=\"wpb_wrapper\">\n\t<div id=\"et-video-lightbox-69e91e7975aba\" class=\"et-lightbox et-video-lightbox mfp-video lightbox-image icon-pulse icon-color-  medium animation bottom-to-top\" data-mfp-type=\"iframe\" data-mfp-src=\"https:\/\/www.youtube.com\/watch?v=TCY92XNjMjw\" >\n\t\t\t\t\t\n\t\t\t<img decoding=\"async\" src=\"https:\/\/mits-pack.it\/wp-content\/uploads\/2025\/10\/Poudre-mix-photo.png\" alt=\"Poudre mix-photo\" \/>\n\t\t\t\t\n\t\t<div class=\"et-video-icon\">\n\t\t\t<svg xmlns=\"http:\/\/www.w3.org\/2000\/svg\" width=\"24\" height=\"24\" viewbox=\"0 0 24 24\" fill=\"none\" stroke=\"currentColor\" stroke-width=\"2\" stroke-linecap=\"round\" stroke-linejoin=\"round\" class=\"feather feather-play\"><polygon points=\"5 3 19 12 5 21 5 3\"><\/polygon><\/svg>\t\t<\/div>\n\n\t\t\t<\/div>\n\t<\/div><\/div><\/div><div class=\"wpb_column vc_column_container vc_col-sm-6 et-dark-column\"><div class=\"vc_column-inner\"><div class=\"wpb_wrapper\"><div class=\"vc_empty_space  hide-desktop\"   style=\"height: 33px\"><span class=\"vc_empty_space_inner\"><\/span><\/div>\n\t<div class=\"wpb_text_column wpb_content_element   vc_custom_1756757115034 caracteristiques\" >\n\t\t<div class=\"wpb_wrapper\">\n\t\t\t<p class=\"translation-block\">Our powder machines are designed to ensure accurate dosing, hygienic packaging, and efficient handling of all types of powders: pharmaceutical, food, chemical, cosmetic, or industrial.<\/p>\n<p class=\"translation-block\">Whether filling jars, bottles, sachets, capsules, boxes, or big bags, our solutions ensure precision, cleanliness, and productivity.\nThey are equipped with the latest weighing, capping, compaction, and dust control technologies, in full compliance with GMP and ISO standards.<\/p>\n\n\t\t<\/div>\n\t<\/div>\n<div class=\"vc_empty_space  hide-desktop\"   style=\"height: 33px\"><span class=\"vc_empty_space_inner\"><\/span><\/div><div class=\"vc_empty_space\"   style=\"height: 33px\"><span class=\"vc_empty_space_inner\"><\/span><\/div>\t\t<div id=\"et-button-69e91e79766c6\" class=\"et_btn_align_center\">\n\t\t\t<a href=\"https:\/\/mits-pack.it\/en\/contact\/\" class=\"et_btn button et_btn_md solid color-\"  role=\"button\" title=\"\" ><span>Request more information<\/span><\/a>\n\t\t<\/div>\n\t\t\n\t<\/div><\/div><\/div><\/div><div class=\"vc_empty_space\"   style=\"height: 55px\"><span class=\"vc_empty_space_inner\"><\/span><\/div><\/div><\/div><\/div><\/div><\/div><div  class=\"sec_row container\"><div class=\"vc_row wpb_row vc_row-fluid no-padding\"><div class=\"large-pic wpb_column vc_column_container vc_col-sm-12 et-dark-column\"><div class=\"vc_column-inner\"><div class=\"wpb_wrapper\"><div class=\"vc_row wpb_row vc_inner vc_row-fluid max_width align-center vc_row-o-content-middle vc_row-flex\"><div class=\"caracteristiques wpb_column vc_column_container vc_col-sm-6 et-dark-column\"><div class=\"vc_column-inner\"><div class=\"wpb_wrapper\"><h2 style=\"text-align: left\" class=\"vc_custom_heading vc_do_custom_heading mits-h2-2\" >Key performance and features<\/h2><div class=\"vc_empty_space\"   style=\"height: 9px\"><span class=\"vc_empty_space_inner\"><\/span><\/div>\n\t<div class=\"wpb_text_column wpb_content_element   vc_custom_1756757137878 caracteristiques\" >\n\t\t<div class=\"wpb_wrapper\">\n\t\t\t<ul>\n<li><strong>High-precision dosing<\/strong> : auger filler systems, micro-dispensers, electronic scales \u2192 minimum tolerances.<\/li>\n<li><strong>Versatility<\/strong> : fine powders, granules, fluid or difficult powders \u2192 solutions adapted to each product.<\/li>\n<li><strong>Hygiene and compliance<\/strong> SUS304\/316L stainless steel product contact, easy cleaning, GMP standards.<\/li>\n<li><strong>Advanced automation<\/strong> PLC control, touch screen, integrated weighing and counting systems.<\/li>\n<li><strong>Quality control<\/strong> sensors and detectors to ensure correct filling, regularity and absence of cross-contamination.<\/li>\n<li><strong>Dust management<\/strong> Filtration and extraction systems to guarantee safety, cleanliness and operator protection.<\/li>\n<li><strong>Modular options<\/strong> These include integrating sealing devices, screwing on caps and placing in a protective atmosphere (nitrogen).<\/li>\n<\/ul>\n\n\t\t<\/div>\n\t<\/div>\n<div class=\"vc_empty_space  hide-desktop\"   style=\"height: 33px\"><span class=\"vc_empty_space_inner\"><\/span><\/div><\/div><\/div><\/div><div class=\"wpb_column vc_column_container vc_col-sm-6 et-dark-column\"><div class=\"vc_column-inner\"><div class=\"wpb_wrapper\">\n\t<div  class=\"wpb_single_image wpb_content_element vc_align_left wpb_content_element vc_custom_1759311703868\">\n\t\t\n\t\t<figure class=\"wpb_wrapper vc_figure\">\n\t\t\t<div class=\"vc_single_image-wrapper   vc_box_border_grey\"><img decoding=\"async\" class=\"vc_single_image-img\" src=\"https:\/\/mits-pack.it\/wp-content\/uploads\/2025\/10\/Poudre_1-1024x900.jpg\" width=\"1024\" height=\"900\" alt=\"Poudre_1\" title=\"Powder_1\" loading=\"lazy\" \/><\/div>\n\t\t<\/figure>\n\t<\/div>\n<\/div><\/div><\/div><\/div><div class=\"vc_empty_space\"   style=\"height: 55px\"><span class=\"vc_empty_space_inner\"><\/span><\/div><div class=\"vc_row wpb_row vc_inner vc_row-fluid max_width align-center avantages vc_row-o-content-middle vc_row-flex\"><div class=\"wpb_column vc_column_container vc_col-sm-6 et-dark-column\"><div class=\"vc_column-inner\"><div class=\"wpb_wrapper\">\n\t<div  class=\"wpb_single_image wpb_content_element vc_align_left wpb_content_element vc_custom_1759311722188\">\n\t\t\n\t\t<figure class=\"wpb_wrapper vc_figure\">\n\t\t\t<div class=\"vc_single_image-wrapper   vc_box_border_grey\"><img decoding=\"async\" class=\"vc_single_image-img\" src=\"https:\/\/mits-pack.it\/wp-content\/uploads\/2025\/10\/Poudre_2-1024x900.jpg\" width=\"1024\" height=\"900\" alt=\"Poudre_2\" title=\"Powder_2\" loading=\"lazy\" \/><\/div>\n\t\t<\/figure>\n\t<\/div>\n<\/div><\/div><\/div><div class=\"wpb_column vc_column_container vc_col-sm-6 et-dark-column\"><div class=\"vc_column-inner\"><div class=\"wpb_wrapper\"><div class=\"vc_empty_space  hide-desktop\"   style=\"height: 33px\"><span class=\"vc_empty_space_inner\"><\/span><\/div><h2 style=\"text-align: left\" class=\"vc_custom_heading vc_do_custom_heading mits-h2\" >Applications by sector<\/h2><div class=\"vc_empty_space\"   style=\"height: 9px\"><span class=\"vc_empty_space_inner\"><\/span><\/div>\n\t<div class=\"wpb_text_column wpb_content_element   vc_custom_1756757160198\" >\n\t\t<div class=\"wpb_wrapper\">\n\t\t\t<ul>\n<li><strong>Pharmaceutical industry<\/strong> capsules, medicinal powders, food supplements.<\/li>\n<li><strong>Food Industry<\/strong> Milk powder, proteins, spices, cocoa, flour, instant drinks.<\/li>\n<li><strong>Cosmetics<\/strong> Compact powders, skincare powders, masks and hair products.<\/li>\n<li><strong>Chemical &amp; industrial products<\/strong> additives, pigments, technical powders, dry lubricants.<\/li>\n<li><strong>Veterinary products and animal nutrition<\/strong> supplements and specialist formulations.<\/li>\n<\/ul>\n\n\t\t<\/div>\n\t<\/div>\n<div class=\"vc_empty_space  hide-desktop\"   style=\"height: 33px\"><span class=\"vc_empty_space_inner\"><\/span><\/div><\/div><\/div><\/div><\/div><div class=\"vc_empty_space\"   style=\"height: 55px\"><span class=\"vc_empty_space_inner\"><\/span><\/div><\/div><\/div><\/div><\/div><\/div><div  class=\"sec_row container-fluid\"><div class=\"vc_row wpb_row vc_row-fluid no-padding align-center vc_custom_1756744040306 vc_row-has-fill vc_row-o-content-middle vc_row-flex\"><div class=\"wpb_column vc_column_container vc_col-sm-12 et-dark-column\"><div class=\"vc_column-inner\"><div class=\"wpb_wrapper\"><div class=\"vc_empty_space\"   style=\"height: 55px\"><span class=\"vc_empty_space_inner\"><\/span><\/div><div class=\"vc_row wpb_row vc_inner vc_row-fluid max_width align-center vc_row-o-content-middle vc_row-flex\"><div class=\"wpb_column vc_column_container vc_col-sm-6 et-dark-column\"><div class=\"vc_column-inner\"><div class=\"wpb_wrapper\">\n\t<div  class=\"wpb_single_image wpb_content_element vc_align_left wpb_content_element vc_custom_1759311988062\">\n\t\t\n\t\t<figure class=\"wpb_wrapper vc_figure\">\n\t\t\t<div class=\"vc_single_image-wrapper   vc_box_border_grey\"><img decoding=\"async\" class=\"vc_single_image-img\" src=\"https:\/\/mits-pack.it\/wp-content\/uploads\/2025\/10\/Page-produits-Proteines-de-lait.jpg\" width=\"720\" height=\"480\" alt=\"Page-produits-Proteines-de-lait\" title=\"Page-products-Milk proteins\" loading=\"lazy\" \/><\/div>\n\t\t<\/figure>\n\t<\/div>\n<\/div><\/div><\/div><div class=\"wpb_column vc_column_container vc_col-sm-6 et-dark-column\"><div class=\"vc_column-inner\"><div class=\"wpb_wrapper\"><div class=\"vc_empty_space  hide-desktop\"   style=\"height: 33px\"><span class=\"vc_empty_space_inner\"><\/span><\/div><h2 style=\"text-align: left\" class=\"vc_custom_heading vc_do_custom_heading mits-h2\" >Why choose our powder machines?<\/h2><div class=\"vc_empty_space\"   style=\"height: 9px\"><span class=\"vc_empty_space_inner\"><\/span><\/div>\n\t<div class=\"wpb_text_column wpb_content_element   vc_custom_1756757204755 caracteristiques\" >\n\t\t<div class=\"wpb_wrapper\">\n\t\t\t<ul>\n<li><strong>Maximum accuracy<\/strong> \u2192 every dose is guaranteed, with no wastage.<\/li>\n<li><strong>Flexibility<\/strong> \u2192 a single machine can handle different formats and products.<\/li>\n<li><strong>Health and safety<\/strong> \u2192 dustproof design, GMP-compliant stainless steel.<\/li>\n<li><strong>Productivity<\/strong> \u2192 high output, suitable for both small and large production runs.<\/li>\n<li><strong>Customisation<\/strong> \u2192 tailor-made solutions for your products and packaging.<\/li>\n<li><strong>Full support<\/strong> \u2192 installation, commissioning, training, maintenance.<\/li>\n<\/ul>\n\n\t\t<\/div>\n\t<\/div>\n<div class=\"vc_empty_space\"   style=\"height: 13px\"><span class=\"vc_empty_space_inner\"><\/span><\/div>\t\t<div id=\"et-button-69e91e79c2c03\" class=\"et_btn_align_left\">\n\t\t\t<a href=\"https:\/\/mits-pack.it\/en\/demander-un-devis\/\" class=\"et_btn button et_btn_md solid color-\"  role=\"button\" title=\"Request a quote\" ><span>Request a quote<\/span><\/a>\n\t\t<\/div>\n\t\t\n\t<\/div><\/div><\/div><\/div><div class=\"vc_empty_space\"   style=\"height: 55px\"><span class=\"vc_empty_space_inner\"><\/span><\/div><\/div><\/div><\/div><\/div><\/div><div  class=\"sec_row container\"><div class=\"vc_row wpb_row vc_row-fluid\"><div class=\"wpb_column vc_column_container vc_col-sm-12 et-dark-column\"><div class=\"vc_column-inner\"><div class=\"wpb_wrapper\"><div class=\"vc_empty_space\"   style=\"height: 55px\"><span class=\"vc_empty_space_inner\"><\/span><\/div><h2 style=\"text-align: center\" class=\"vc_custom_heading vc_do_custom_heading mits-h2\" >FAQ - Powder packaging machines<\/h2><div class=\"vc_empty_space\"   style=\"height: 33px\"><span class=\"vc_empty_space_inner\"><\/span><\/div><div  class=\"vc_do_toggle vc_toggle vc_toggle_default vc_toggle_color_default  vc_toggle_size_md vc_toggle_active\"><div class=\"vc_toggle_title\"><h4>What types of powder can be processed?<\/h4><i class=\"vc_toggle_icon\"><\/i><\/div><div class=\"vc_toggle_content\"><ul>\n<li>Food powders (milk, proteins, cocoa, spices, flour).<\/li>\n<li>Pharmaceutical and nutraceutical powders.<\/li>\n<li>Powder cosmetics (make-up, skincare).<\/li>\n<li>Chemical and industrial products.<\/li>\n<\/ul>\n<\/div><\/div><div  class=\"vc_do_toggle vc_toggle vc_toggle_default vc_toggle_color_default  vc_toggle_size_md\"><div class=\"vc_toggle_title\"><h4>How accurate is the dosage?<\/h4><i class=\"vc_toggle_icon\"><\/i><\/div><div class=\"vc_toggle_content\"><p class=\"translation-block\">Our machines use screw conveyor and electronic weighing systems with an accuracy of up to \u00b10.2 to 1%.<\/p>\n<\/div><\/div><div  class=\"vc_do_toggle vc_toggle vc_toggle_default vc_toggle_color_default  vc_toggle_size_md\"><div class=\"vc_toggle_title\"><h4>How does the equipment manage dust?<\/h4><i class=\"vc_toggle_icon\"><\/i><\/div><div class=\"vc_toggle_content\"><p class=\"translation-block\">Our machines are equipped with integrated suction and filtration systems, which maintain a clean and safe working environment by preventing dust dispersion.<\/p>\n<\/div><\/div><div  class=\"vc_do_toggle vc_toggle vc_toggle_default vc_toggle_color_default  vc_toggle_size_md\"><div class=\"vc_toggle_title\"><h4>Does it comply with GMP standards?<\/h4><i class=\"vc_toggle_icon\"><\/i><\/div><div class=\"vc_toggle_content\"><p>Yes, all surfaces in contact with the product are made of SUS304\/316L stainless steel and meet GMP\/ISO requirements.<\/p>\n<\/div><\/div><div  class=\"vc_do_toggle vc_toggle vc_toggle_default vc_toggle_color_default  vc_toggle_size_md\"><div class=\"vc_toggle_title\"><h4>Do you provide training and support?<\/h4><i class=\"vc_toggle_icon\"><\/i><\/div><div class=\"vc_toggle_content\"><p class=\"translation-block\">Yes. We offer installation, commissioning, and staff training, as well as comprehensive support and maintenance services.<\/p>\n<\/div><\/div><div class=\"vc_empty_space\"   style=\"height: 55px\"><span class=\"vc_empty_space_inner\"><\/span><\/div><\/div><\/div><\/div><\/div><\/div><div id=\"contact-banner\" class=\"sec_row container-fluid\"><div class=\"vc_row wpb_row vc_row-fluid no-padding vc_custom_1748611716768 vc_row-has-fill\"><div class=\"wpb_column vc_column_container vc_col-sm-2 et-dark-column\"><div class=\"vc_column-inner  vc_custom_1679921854256\"><div class=\"wpb_wrapper\"><\/div><\/div><\/div><div class=\"wpb_column vc_column_container vc_col-sm-8 et-dark-column\"><div class=\"vc_column-inner  vc_custom_1680263875816\"><div class=\"wpb_wrapper\"><div class=\"vc_row wpb_row vc_inner vc_row-fluid max_width\"><div class=\"text-center wpb_column vc_column_container vc_col-sm-12 et-dark-column\"><div class=\"vc_column-inner  vc_custom_1678278908258\"><div class=\"wpb_wrapper\"><div class=\"vc_empty_space\"   style=\"height: 90px\"><span class=\"vc_empty_space_inner\"><\/span><\/div><h2 style=\"color: #0E1851;text-align: center\" class=\"vc_custom_heading vc_do_custom_heading heading-solystic vc_custom_1756741566076\" >Take action<\/h2><p style=\"font-size: 21px;color: #0E1851;line-height: 1.4;text-align: center\" class=\"vc_custom_heading vc_do_custom_heading vc_custom_1756757364207\" >Are you looking for a reliable, precise solution for packaging your powders? Our experts will work with you to define the machine best suited to your needs and production rates.<\/p>\t\t<div id=\"et-button-69e91e79c40c0\" class=\"et_btn_align_left\">\n\t\t\t<a href=\"https:\/\/mits-pack.it\/en\/demander-un-devis\/\" class=\"et_btn button et_btn_md solid color-\"  role=\"button\" title=\"Contact\" ><span>Get a personalized quote<\/span><\/a>\n\t\t<\/div>\n\t\t\n\t<div class=\"vc_empty_space\"   style=\"height: 11px\"><span class=\"vc_empty_space_inner\"><\/span><\/div><div class=\"vc_empty_space\"   style=\"height: 90px\"><span class=\"vc_empty_space_inner\"><\/span><\/div><\/div><\/div><\/div><\/div><\/div><\/div><\/div><div class=\"wpb_column vc_column_container vc_col-sm-2 et-dark-column\"><div class=\"vc_column-inner\"><div class=\"wpb_wrapper\"><\/div><\/div><\/div><\/div><\/div>\n<\/div>","protected":false},"excerpt":{"rendered":"Machines industrielles pour le traitement et le conditionnement des poudres Nos machines pour poudres sont con\u00e7ues pour assurer un dosage pr\u00e9cis, un conditionnement hygi\u00e9nique et une manipulation efficace de tous types de poudres : pharmaceutiques, alimentaires, chimiques, cosm\u00e9tiques ou industrielles. Qu\u2019il s\u2019agisse de remplissage en pots, flacons, sachets, capsules, bo\u00eetes [...]","protected":false},"author":1,"featured_media":0,"parent":0,"menu_order":0,"comment_status":"closed","ping_status":"closed","template":"","meta":{"_acf_changed":false,"inline_featured_image":false,"footnotes":""},"class_list":["post-565","page","type-page","status-publish","hentry"],"acf":[],"yoast_head":"<!-- This site is optimized with the Yoast SEO plugin v27.0 - https:\/\/yoast.com\/product\/yoast-seo-wordpress\/ -->\n<title>Machines traitement et conditionnement des poudres | MITS PACK<\/title>\n<meta name=\"description\" content=\"Nos machines pour poudres sont con\u00e7ues pour assurer un dosage pr\u00e9cis, un conditionnement hygi\u00e9nique et une manipulation efficace de tous types de poudres : pharmaceutiques, alimentaires, chimiques, cosm\u00e9tiques ou industrielles.\" \/>\n<meta name=\"robots\" content=\"index, follow, max-snippet:-1, max-image-preview:large, max-video-preview:-1\" \/>\n<link rel=\"canonical\" href=\"https:\/\/mits-pack.it\/en\/poudre\/\" \/>\n<meta property=\"og:locale\" content=\"en_GB\" \/>\n<meta property=\"og:type\" content=\"article\" \/>\n<meta property=\"og:title\" content=\"Machines traitement et conditionnement des poudres | MITS PACK\" \/>\n<meta property=\"og:description\" content=\"Nos machines pour poudres sont con\u00e7ues pour assurer un dosage pr\u00e9cis, un conditionnement hygi\u00e9nique et une manipulation efficace de tous types de poudres : pharmaceutiques, alimentaires, chimiques, cosm\u00e9tiques ou industrielles.\" \/>\n<meta property=\"og:url\" content=\"https:\/\/mits-pack.it\/en\/poudre\/\" \/>\n<meta property=\"og:site_name\" content=\"MITS PACK\" \/>\n<meta property=\"article:modified_time\" content=\"2025-11-05T11:24:47+00:00\" \/>\n<meta name=\"twitter:card\" content=\"summary_large_image\" \/>\n<meta name=\"twitter:label1\" content=\"Estimated reading time\" \/>\n\t<meta name=\"twitter:data1\" content=\"4 minutes\" \/>\n<script type=\"application\/ld+json\" class=\"yoast-schema-graph\">{\"@context\":\"https:\/\/schema.org\",\"@graph\":[{\"@type\":\"WebPage\",\"@id\":\"https:\/\/mits-pack.it\/poudre\/\",\"url\":\"https:\/\/mits-pack.it\/poudre\/\",\"name\":\"Machines traitement et conditionnement des poudres | MITS PACK\",\"isPartOf\":{\"@id\":\"https:\/\/mits-pack.it\/#website\"},\"datePublished\":\"2025-09-01T20:09:33+00:00\",\"dateModified\":\"2025-11-05T11:24:47+00:00\",\"description\":\"Nos machines pour poudres sont con\u00e7ues pour assurer un dosage pr\u00e9cis, un conditionnement hygi\u00e9nique et une manipulation efficace de tous types de poudres : pharmaceutiques, alimentaires, chimiques, cosm\u00e9tiques ou industrielles.\",\"breadcrumb\":{\"@id\":\"https:\/\/mits-pack.it\/poudre\/#breadcrumb\"},\"inLanguage\":\"en-GB\",\"potentialAction\":[{\"@type\":\"ReadAction\",\"target\":[\"https:\/\/mits-pack.it\/poudre\/\"]}]},{\"@type\":\"BreadcrumbList\",\"@id\":\"https:\/\/mits-pack.it\/poudre\/#breadcrumb\",\"itemListElement\":[{\"@type\":\"ListItem\",\"position\":1,\"name\":\"Accueil\",\"item\":\"https:\/\/mits-pack.it\/\"},{\"@type\":\"ListItem\",\"position\":2,\"name\":\"Poudre\"}]},{\"@type\":\"WebSite\",\"@id\":\"https:\/\/mits-pack.it\/#website\",\"url\":\"https:\/\/mits-pack.it\/\",\"name\":\"MITS PACK\",\"description\":\"\",\"potentialAction\":[{\"@type\":\"SearchAction\",\"target\":{\"@type\":\"EntryPoint\",\"urlTemplate\":\"https:\/\/mits-pack.it\/?s={search_term_string}\"},\"query-input\":{\"@type\":\"PropertyValueSpecification\",\"valueRequired\":true,\"valueName\":\"search_term_string\"}}],\"inLanguage\":\"en-GB\"}]}<\/script>\n<!-- \/ Yoast SEO plugin. -->","yoast_head_json":{"title":"Machines traitement et conditionnement des poudres | MITS PACK","description":"Nos machines pour poudres sont con\u00e7ues pour assurer un dosage pr\u00e9cis, un conditionnement hygi\u00e9nique et une manipulation efficace de tous types de poudres : pharmaceutiques, alimentaires, chimiques, cosm\u00e9tiques ou industrielles.","robots":{"index":"index","follow":"follow","max-snippet":"max-snippet:-1","max-image-preview":"max-image-preview:large","max-video-preview":"max-video-preview:-1"},"canonical":"https:\/\/mits-pack.it\/en\/poudre\/","og_locale":"en_GB","og_type":"article","og_title":"Machines traitement et conditionnement des poudres | MITS PACK","og_description":"Nos machines pour poudres sont con\u00e7ues pour assurer un dosage pr\u00e9cis, un conditionnement hygi\u00e9nique et une manipulation efficace de tous types de poudres : pharmaceutiques, alimentaires, chimiques, cosm\u00e9tiques ou industrielles.","og_url":"https:\/\/mits-pack.it\/en\/poudre\/","og_site_name":"MITS PACK","article_modified_time":"2025-11-05T11:24:47+00:00","twitter_card":"summary_large_image","twitter_misc":{"Estimated reading time":"4 minutes"},"schema":{"@context":"https:\/\/schema.org","@graph":[{"@type":"WebPage","@id":"https:\/\/mits-pack.it\/poudre\/","url":"https:\/\/mits-pack.it\/poudre\/","name":"Machines traitement et conditionnement des poudres | MITS PACK","isPartOf":{"@id":"https:\/\/mits-pack.it\/#website"},"datePublished":"2025-09-01T20:09:33+00:00","dateModified":"2025-11-05T11:24:47+00:00","description":"Nos machines pour poudres sont con\u00e7ues pour assurer un dosage pr\u00e9cis, un conditionnement hygi\u00e9nique et une manipulation efficace de tous types de poudres : pharmaceutiques, alimentaires, chimiques, cosm\u00e9tiques ou industrielles.","breadcrumb":{"@id":"https:\/\/mits-pack.it\/poudre\/#breadcrumb"},"inLanguage":"en-GB","potentialAction":[{"@type":"ReadAction","target":["https:\/\/mits-pack.it\/poudre\/"]}]},{"@type":"BreadcrumbList","@id":"https:\/\/mits-pack.it\/poudre\/#breadcrumb","itemListElement":[{"@type":"ListItem","position":1,"name":"Accueil","item":"https:\/\/mits-pack.it\/"},{"@type":"ListItem","position":2,"name":"Poudre"}]},{"@type":"WebSite","@id":"https:\/\/mits-pack.it\/#website","url":"https:\/\/mits-pack.it\/","name":"MITS PACK","description":"","potentialAction":[{"@type":"SearchAction","target":{"@type":"EntryPoint","urlTemplate":"https:\/\/mits-pack.it\/?s={search_term_string}"},"query-input":{"@type":"PropertyValueSpecification","valueRequired":true,"valueName":"search_term_string"}}],"inLanguage":"en-GB"}]}},"_links":{"self":[{"href":"https:\/\/mits-pack.it\/en\/wp-json\/wp\/v2\/pages\/565","targetHints":{"allow":["GET"]}}],"collection":[{"href":"https:\/\/mits-pack.it\/en\/wp-json\/wp\/v2\/pages"}],"about":[{"href":"https:\/\/mits-pack.it\/en\/wp-json\/wp\/v2\/types\/page"}],"author":[{"embeddable":true,"href":"https:\/\/mits-pack.it\/en\/wp-json\/wp\/v2\/users\/1"}],"replies":[{"embeddable":true,"href":"https:\/\/mits-pack.it\/en\/wp-json\/wp\/v2\/comments?post=565"}],"version-history":[{"count":10,"href":"https:\/\/mits-pack.it\/en\/wp-json\/wp\/v2\/pages\/565\/revisions"}],"predecessor-version":[{"id":837,"href":"https:\/\/mits-pack.it\/en\/wp-json\/wp\/v2\/pages\/565\/revisions\/837"}],"wp:attachment":[{"href":"https:\/\/mits-pack.it\/en\/wp-json\/wp\/v2\/media?parent=565"}],"curies":[{"name":"wp","href":"https:\/\/api.w.org\/{rel}","templated":true}]}}