{"id":939,"date":"2025-12-03T16:02:27","date_gmt":"2025-12-03T15:02:27","guid":{"rendered":"https:\/\/mits-pack.it\/?page_id=939"},"modified":"2026-02-23T14:45:45","modified_gmt":"2026-02-23T13:45:45","slug":"ligne_de_conditionnement","status":"publish","type":"page","link":"https:\/\/mits-pack.it\/en\/ligne_de_conditionnement\/","title":{"rendered":"Packaging Lines"},"content":{"rendered":"<div class=\"wpb-content-wrapper\"><div  class=\"sec_row container\"><div class=\"vc_row wpb_row vc_row-fluid no-padding\"><div class=\"large-pic wpb_column vc_column_container vc_col-sm-12 et-dark-column\"><div class=\"vc_column-inner\"><div class=\"wpb_wrapper\"><div class=\"vc_row wpb_row vc_inner vc_row-fluid max_width\"><div class=\"wpb_column vc_column_container vc_col-sm-12 et-dark-column\"><div class=\"vc_column-inner\"><div class=\"wpb_wrapper\"><div class=\"vc_empty_space\"   style=\"height: 55px\"><span class=\"vc_empty_space_inner\"><\/span><\/div><h1 style=\"text-align: center\" class=\"vc_custom_heading vc_do_custom_heading mits-h1\" >Packaging line<\/h1><div class=\"vc_empty_space  hide-mobile\"   style=\"height: 55px\"><span class=\"vc_empty_space_inner\"><\/span><\/div><div class=\"vc_empty_space  hide-desktop\"   style=\"height: 33px\"><span class=\"vc_empty_space_inner\"><\/span><\/div><\/div><\/div><\/div><\/div><div class=\"vc_row wpb_row vc_inner vc_row-fluid max_width align-center vc_row-o-content-middle vc_row-flex\"><div class=\"wpb_column vc_column_container vc_col-sm-6 et-dark-column\"><div class=\"vc_column-inner\"><div class=\"wpb_wrapper\">\n\t<div id=\"et-video-lightbox-69e91ee587ab7\" class=\"et-lightbox et-video-lightbox mfp-video lightbox-image icon-pulse icon-color-  medium animation bottom-to-top\" data-mfp-type=\"iframe\" data-mfp-src=\"https:\/\/www.youtube.com\/watch?v=1Zs6Ir4V9hc\" >\n\t\t\t\t\t\n\t\t\t<img decoding=\"async\" src=\"https:\/\/mits-pack.it\/wp-content\/uploads\/2025\/12\/Capture-decran-2025-12-03-a-15.47.17.png\" alt=\"Capture d\u2019e\u0301cran 2025-12-03 a\u0300 15.47.17\" \/>\n\t\t\t\t\n\t\t<div class=\"et-video-icon\">\n\t\t\t<svg xmlns=\"http:\/\/www.w3.org\/2000\/svg\" width=\"24\" height=\"24\" viewbox=\"0 0 24 24\" fill=\"none\" stroke=\"currentColor\" stroke-width=\"2\" stroke-linecap=\"round\" stroke-linejoin=\"round\" class=\"feather feather-play\"><polygon points=\"5 3 19 12 5 21 5 3\"><\/polygon><\/svg>\t\t<\/div>\n\n\t\t\t<\/div>\n\t<\/div><\/div><\/div><div class=\"wpb_column vc_column_container vc_col-sm-6 et-dark-column\"><div class=\"vc_column-inner\"><div class=\"wpb_wrapper\"><div class=\"vc_empty_space  hide-desktop\"   style=\"height: 33px\"><span class=\"vc_empty_space_inner\"><\/span><\/div>\n\t<div class=\"wpb_text_column wpb_content_element   vc_custom_1764754780571 caracteristiques\" >\n\t\t<div class=\"wpb_wrapper\">\n\t\t\t<p data-start=\"643\" data-end=\"947\" class=\"translation-block\">MITS PACK designs and integrates complete packaging lines tailored to your product and production rate.\nAs a supplier of packaging lines and equipment, we support you in implementing a high-performance, flexible, turnkey solution.<\/p>\n<p data-start=\"949\" data-end=\"1055\" class=\"translation-block\">Our lines can be dedicated to beverages, liquid products, powders, or creams.<\/p>\n\n\t\t<\/div>\n\t<\/div>\n<div class=\"vc_empty_space  hide-desktop\"   style=\"height: 33px\"><span class=\"vc_empty_space_inner\"><\/span><\/div><div class=\"vc_empty_space\"   style=\"height: 33px\"><span class=\"vc_empty_space_inner\"><\/span><\/div>\t\t<div id=\"et-button-69e91ee5880e2\" class=\"et_btn_align_center\">\n\t\t\t<a href=\"https:\/\/mits-pack.it\/en\/demander-un-devis\/\" class=\"et_btn button et_btn_md solid color-\"  role=\"button\" title=\"\" ><span>Request more information<\/span><\/a>\n\t\t<\/div>\n\t\t\n\t<\/div><\/div><\/div><\/div><div class=\"vc_empty_space\"   style=\"height: 55px\"><span class=\"vc_empty_space_inner\"><\/span><\/div><\/div><\/div><\/div><\/div><\/div><div  class=\"sec_row container\"><div class=\"vc_row wpb_row vc_row-fluid no-padding\"><div class=\"large-pic wpb_column vc_column_container vc_col-sm-12 et-dark-column\"><div class=\"vc_column-inner\"><div class=\"wpb_wrapper\"><div class=\"vc_row wpb_row vc_inner vc_row-fluid max_width align-center vc_row-o-content-middle vc_row-flex\"><div class=\"caracteristiques wpb_column vc_column_container vc_col-sm-6 et-dark-column\"><div class=\"vc_column-inner\"><div class=\"wpb_wrapper\"><h2 style=\"text-align: left\" class=\"vc_custom_heading vc_do_custom_heading mits-h2-2\" >Our expertise<\/h2><div class=\"vc_empty_space\"   style=\"height: 9px\"><span class=\"vc_empty_space_inner\"><\/span><\/div>\n\t<div class=\"wpb_text_column wpb_content_element   vc_custom_1764755325709 caracteristiques\" >\n\t\t<div class=\"wpb_wrapper\">\n\t\t\t<p data-start=\"1083\" data-end=\"1394\" class=\"translation-block\">We act as a packaging line producer, selecting the best equipment to create a tailor-made packaging line perfectly suited to your needs.\nDepending on your project, we can integrate a fully automatic or semi-automatic packaging line.<\/p>\n\n\t\t<\/div>\n\t<\/div>\n<div class=\"vc_empty_space  hide-desktop\"   style=\"height: 33px\"><span class=\"vc_empty_space_inner\"><\/span><\/div><\/div><\/div><\/div><div class=\"wpb_column vc_column_container vc_col-sm-6 et-dark-column\"><div class=\"vc_column-inner\"><div class=\"wpb_wrapper\">\n\t<div  class=\"wpb_single_image wpb_content_element vc_align_left wpb_content_element vc_custom_1764773813739\">\n\t\t\n\t\t<figure class=\"wpb_wrapper vc_figure\">\n\t\t\t<div class=\"vc_single_image-wrapper   vc_box_border_grey\"><img decoding=\"async\" class=\"vc_single_image-img\" src=\"https:\/\/mits-pack.it\/wp-content\/uploads\/2025\/10\/Ligne-de-conditionnement-min-1140x900.jpg\" width=\"1140\" height=\"900\" alt=\"Ligne de conditionnement-min\" title=\"Conditioning line-min\" loading=\"lazy\" \/><\/div>\n\t\t<\/figure>\n\t<\/div>\n<\/div><\/div><\/div><\/div><div class=\"vc_empty_space\"   style=\"height: 55px\"><span class=\"vc_empty_space_inner\"><\/span><\/div><div class=\"vc_row wpb_row vc_inner vc_row-fluid max_width align-center avantages vc_row-o-content-middle vc_row-flex\"><div class=\"wpb_column vc_column_container vc_col-sm-6 et-dark-column\"><div class=\"vc_column-inner\"><div class=\"wpb_wrapper\">\n\t<div  class=\"wpb_single_image wpb_content_element vc_align_left wpb_content_element vc_custom_1764774116349\">\n\t\t\n\t\t<figure class=\"wpb_wrapper vc_figure\">\n\t\t\t<div class=\"vc_single_image-wrapper   vc_box_border_grey\"><img decoding=\"async\" class=\"vc_single_image-img\" src=\"https:\/\/mits-pack.it\/wp-content\/uploads\/2025\/12\/Pilulier-1024x900.png\" width=\"1024\" height=\"900\" alt=\"Pilulier\" title=\"Pill Dispenser\" loading=\"lazy\" \/><\/div>\n\t\t<\/figure>\n\t<\/div>\n<\/div><\/div><\/div><div class=\"wpb_column vc_column_container vc_col-sm-6 et-dark-column\"><div class=\"vc_column-inner\"><div class=\"wpb_wrapper\"><div class=\"vc_empty_space  hide-desktop\"   style=\"height: 33px\"><span class=\"vc_empty_space_inner\"><\/span><\/div><h2 style=\"text-align: left\" class=\"vc_custom_heading vc_do_custom_heading mits-h2\" >A complete packaging line includes<\/h2><div class=\"vc_empty_space\"   style=\"height: 9px\"><span class=\"vc_empty_space_inner\"><\/span><\/div>\n\t<div class=\"wpb_text_column wpb_content_element   vc_custom_1764755230423\" >\n\t\t<div class=\"wpb_wrapper\">\n\t\t\t<ul data-start=\"1453\" data-end=\"1683\">\n<li data-start=\"1453\" data-end=\"1497\">\n<p data-start=\"1455\" data-end=\"1497\">Container feeding and conveying<\/p>\n<\/li>\n<li data-start=\"1498\" data-end=\"1533\">\n<p data-start=\"1500\" data-end=\"1533\">Liquid, powder, or cream dosing<\/p>\n<\/li>\n<li data-start=\"1534\" data-end=\"1557\">\n<p data-start=\"1536\" data-end=\"1557\">Capping \/ sealing<\/p>\n<\/li>\n<li data-start=\"1558\" data-end=\"1572\">\n<p data-start=\"1560\" data-end=\"1572\">Labeling<\/p>\n<\/li>\n<li data-start=\"1573\" data-end=\"1598\">\n<p data-start=\"1575\" data-end=\"1598\">Printing \/ marking<\/p>\n<\/li>\n<li data-start=\"1599\" data-end=\"1619\">\n<p data-start=\"1601\" data-end=\"1619\">Quality control<\/p>\n<\/li>\n<li data-start=\"1620\" data-end=\"1649\">\n<p data-start=\"1622\" data-end=\"1649\">Case packing or cartoning<\/p>\n<\/li>\n<li data-start=\"1650\" data-end=\"1683\">\n<p data-start=\"1652\" data-end=\"1683\">Palletizing and end-of-line<\/p>\n<\/li>\n<\/ul>\n<p data-start=\"1685\" data-end=\"1771\">Each project is designed to ensure reliability, production rate, and ease of use.<\/p>\n\n\t\t<\/div>\n\t<\/div>\n<div class=\"vc_empty_space  hide-desktop\"   style=\"height: 33px\"><span class=\"vc_empty_space_inner\"><\/span><\/div><\/div><\/div><\/div><\/div><div class=\"vc_empty_space\"   style=\"height: 55px\"><span class=\"vc_empty_space_inner\"><\/span><\/div><\/div><\/div><\/div><\/div><\/div><div  class=\"sec_row container-fluid\"><div class=\"vc_row wpb_row vc_row-fluid no-padding align-center vc_custom_1756744040306 vc_row-has-fill vc_row-o-content-middle vc_row-flex\"><div class=\"wpb_column vc_column_container vc_col-sm-12 et-dark-column\"><div class=\"vc_column-inner\"><div class=\"wpb_wrapper\"><div class=\"vc_empty_space\"   style=\"height: 55px\"><span class=\"vc_empty_space_inner\"><\/span><\/div><div class=\"vc_row wpb_row vc_inner vc_row-fluid max_width align-center vc_row-o-content-middle vc_row-flex\"><div class=\"wpb_column vc_column_container vc_col-sm-6 et-dark-column\"><div class=\"vc_column-inner\"><div class=\"wpb_wrapper\">\n\t<div  class=\"wpb_single_image wpb_content_element vc_align_left wpb_content_element vc_custom_1756745230560\">\n\t\t\n\t\t<figure class=\"wpb_wrapper vc_figure\">\n\t\t\t<div class=\"vc_single_image-wrapper   vc_box_border_grey\"><img decoding=\"async\" class=\"vc_single_image-img\" src=\"https:\/\/mits-pack.it\/wp-content\/uploads\/2025\/07\/transparent-plastic-bottles-fi_2048x2048-1200x900.webp\" width=\"1200\" height=\"900\" alt=\"transparent-plastic-bottles-fi_2048x2048\" title=\"transparent-plastic-bottles-fi_2048x2048\" loading=\"lazy\" \/><\/div>\n\t\t<\/figure>\n\t<\/div>\n<\/div><\/div><\/div><div class=\"wpb_column vc_column_container vc_col-sm-6 et-dark-column\"><div class=\"vc_column-inner\"><div class=\"wpb_wrapper\"><div class=\"vc_empty_space  hide-desktop\"   style=\"height: 33px\"><span class=\"vc_empty_space_inner\"><\/span><\/div><h2 style=\"text-align: left\" class=\"vc_custom_heading vc_do_custom_heading mits-h2\" >Applications<\/h2><div class=\"vc_empty_space\"   style=\"height: 9px\"><span class=\"vc_empty_space_inner\"><\/span><\/div>\n\t<div class=\"wpb_text_column wpb_content_element   vc_custom_1764755286590 caracteristiques\" >\n\t\t<div class=\"wpb_wrapper\">\n\t\t\t<p data-start=\"1796\" data-end=\"1865\" class=\"translation-block\">Our packaging lines are suitable for many industries:<\/p>\n<ul data-start=\"1867\" data-end=\"2060\">\n<li data-start=\"1867\" data-end=\"1895\">\n<p data-start=\"1869\" data-end=\"1895\">Dietary supplements<\/p>\n<\/li>\n<li data-start=\"1896\" data-end=\"1969\">\n<p data-start=\"1898\" data-end=\"1969\">Beverages (shots, juices, water, etc.) \u2192 packaging line for beverages<\/p>\n<\/li>\n<li data-start=\"1970\" data-end=\"2010\">\n<p data-start=\"1972\" data-end=\"2010\">Cosmetics: creams, serums, lotions<\/p>\n<\/li>\n<li data-start=\"2011\" data-end=\"2030\">\n<p data-start=\"2013\" data-end=\"2030\">Food Industry<\/p>\n<\/li>\n<li data-start=\"2031\" data-end=\"2060\">\n<p data-start=\"2033\" data-end=\"2060\">Light chemical products<\/p>\n<\/li>\n<\/ul>\n<p data-start=\"2062\" data-end=\"2187\" class=\"translation-block\">We can act as a machine manufacturer for packaging lines or as an integrator, depending on your requirements.<\/p>\n\n\t\t<\/div>\n\t<\/div>\n<div class=\"vc_empty_space\"   style=\"height: 13px\"><span class=\"vc_empty_space_inner\"><\/span><\/div>\t\t<div id=\"et-button-69e91ee7713ce\" class=\"et_btn_align_left\">\n\t\t\t<a href=\"https:\/\/mits-pack.it\/en\/demander-un-devis\/\" class=\"et_btn button et_btn_md solid color-\"  role=\"button\" title=\"Request a quote\" ><span>Request a quote<\/span><\/a>\n\t\t<\/div>\n\t\t\n\t<\/div><\/div><\/div><\/div><div class=\"vc_empty_space\"   style=\"height: 55px\"><span class=\"vc_empty_space_inner\"><\/span><\/div><\/div><\/div><\/div><\/div><\/div><div  class=\"sec_row container\"><div class=\"vc_row wpb_row vc_row-fluid\"><div class=\"wpb_column vc_column_container vc_col-sm-12 et-dark-column\"><div class=\"vc_column-inner\"><div class=\"wpb_wrapper\"><div class=\"vc_empty_space\"   style=\"height: 55px\"><span class=\"vc_empty_space_inner\"><\/span><\/div><h2 style=\"text-align: center\" class=\"vc_custom_heading vc_do_custom_heading mits-h2\" >FAQ \u2013 Packaging line<\/h2><div class=\"vc_empty_space\"   style=\"height: 33px\"><span class=\"vc_empty_space_inner\"><\/span><\/div><div  class=\"vc_do_toggle vc_toggle vc_toggle_default vc_toggle_color_default  vc_toggle_size_md vc_toggle_active\"><div class=\"vc_toggle_title\"><h4>What is a packaging line?<\/h4><i class=\"vc_toggle_icon\"><\/i><\/div><div class=\"vc_toggle_content\"><p class=\"translation-block\">It is a set of machines that allows a product to be filled, closed, labeled, and packaged in an automated way. A complete packaging line covers all stages, from feeding to palletizing.<\/p>\n<\/div><\/div><div  class=\"vc_do_toggle vc_toggle vc_toggle_default vc_toggle_color_default  vc_toggle_size_md\"><div class=\"vc_toggle_title\"><h4>Do you offer custom packaging lines?<\/h4><i class=\"vc_toggle_icon\"><\/i><\/div><div class=\"vc_toggle_content\"><p class=\"translation-block\">Yes, we design custom packaging lines tailored to your product type and production rate.<\/p>\n<\/div><\/div><div  class=\"vc_do_toggle vc_toggle vc_toggle_default vc_toggle_color_default  vc_toggle_size_md\"><div class=\"vc_toggle_title\"><h4>Can you supply a packaging line for beverages?<\/h4><i class=\"vc_toggle_icon\"><\/i><\/div><div class=\"vc_toggle_content\"><p class=\"translation-block\">Yes, we are a supplier of packaging lines for beverages and liquid products, with dedicated solutions for juices, water, shots, syrups, and functional drinks.<\/p>\n<\/div><\/div><div  class=\"vc_do_toggle vc_toggle vc_toggle_default vc_toggle_color_default  vc_toggle_size_md\"><div class=\"vc_toggle_title\"><h4>Do you supply the machines and equipment?<\/h4><i class=\"vc_toggle_icon\"><\/i><\/div><div class=\"vc_toggle_content\"><p class=\"translation-block\">Yes, MITS PACK is a supplier of packaging lines and equipment: fillers, cappers, labeling machines, printers, quality control systems, etc.<\/p>\n<\/div><\/div><div  class=\"vc_do_toggle vc_toggle vc_toggle_default vc_toggle_color_default  vc_toggle_size_md\"><div class=\"vc_toggle_title\"><h4>Are you a machine manufacturer for packaging lines?<\/h4><i class=\"vc_toggle_icon\"><\/i><\/div><div class=\"vc_toggle_content\"><p class=\"translation-block\">We can operate as a packaging line machine manufacturer or as an integrator, depending on the customer\u2019s needs.<\/p>\n<\/div><\/div><div  class=\"vc_do_toggle vc_toggle vc_toggle_default vc_toggle_color_default  vc_toggle_size_md\"><div class=\"vc_toggle_title\"><h4>How can I get a quote?<\/h4><i class=\"vc_toggle_icon\"><\/i><\/div><div class=\"vc_toggle_content\"><p class=\"translation-block\">Simply contact us via the website form. We will prepare a detailed packaging line quotation after analyzing your project.<\/p>\n<\/div><\/div><div class=\"vc_empty_space\"   style=\"height: 55px\"><span class=\"vc_empty_space_inner\"><\/span><\/div><\/div><\/div><\/div><\/div><\/div><div id=\"contact-banner\" class=\"sec_row container-fluid\"><div class=\"vc_row wpb_row vc_row-fluid no-padding vc_custom_1748611716768 vc_row-has-fill\"><div class=\"wpb_column vc_column_container vc_col-sm-2 et-dark-column\"><div class=\"vc_column-inner  vc_custom_1679921854256\"><div class=\"wpb_wrapper\"><\/div><\/div><\/div><div class=\"wpb_column vc_column_container vc_col-sm-8 et-dark-column\"><div class=\"vc_column-inner  vc_custom_1680263875816\"><div class=\"wpb_wrapper\"><div class=\"vc_row wpb_row vc_inner vc_row-fluid max_width\"><div class=\"text-center wpb_column vc_column_container vc_col-sm-12 et-dark-column\"><div class=\"vc_column-inner  vc_custom_1678278908258\"><div class=\"wpb_wrapper\"><div class=\"vc_empty_space\"   style=\"height: 90px\"><span class=\"vc_empty_space_inner\"><\/span><\/div><h2 style=\"color: #0E1851;text-align: center\" class=\"vc_custom_heading vc_do_custom_heading heading-solystic vc_custom_1756741566076\" >Take action<\/h2><p style=\"font-size: 21px;color: #0E1851;line-height: 1.4;text-align: center\" class=\"vc_custom_heading vc_do_custom_heading vc_custom_1764755568278 translation-block\" >Build your complete packaging line with a reliable partner.\nContact MITS PACK for a high-performance, tailor-made, and scalable solution.<\/p>\t\t<div id=\"et-button-69e91ee7726b1\" class=\"et_btn_align_left\">\n\t\t\t<a href=\"https:\/\/mits-pack.it\/en\/demander-un-devis\/\" class=\"et_btn button et_btn_md solid color-\"  role=\"button\" title=\"Contact\" ><span>Get a personalized quote<\/span><\/a>\n\t\t<\/div>\n\t\t\n\t<div class=\"vc_empty_space\"   style=\"height: 11px\"><span class=\"vc_empty_space_inner\"><\/span><\/div><div class=\"vc_empty_space\"   style=\"height: 90px\"><span class=\"vc_empty_space_inner\"><\/span><\/div><\/div><\/div><\/div><\/div><\/div><\/div><\/div><div class=\"wpb_column vc_column_container vc_col-sm-2 et-dark-column\"><div class=\"vc_column-inner\"><div class=\"wpb_wrapper\"><\/div><\/div><\/div><\/div><\/div>\n<\/div>","protected":false},"excerpt":{"rendered":"Ligne de conditionnement MITS PACK con\u00e7oit et int\u00e8gre des lignes de conditionnement compl\u00e8tes, adapt\u00e9es \u00e0 votre produit et \u00e0 votre cadence de production.En tant que fournisseur de ligne de conditionnement et \u00e9quipements, nous vous accompagnons dans la mise en place d\u2019une solution performante, flexible et cl\u00e9 en main. Nos lignes [...]","protected":false},"author":2,"featured_media":0,"parent":0,"menu_order":0,"comment_status":"closed","ping_status":"closed","template":"","meta":{"_acf_changed":false,"inline_featured_image":false,"footnotes":""},"class_list":["post-939","page","type-page","status-publish","hentry"],"acf":[],"yoast_head":"<!-- This site is optimized with the Yoast SEO plugin v27.0 - https:\/\/yoast.com\/product\/yoast-seo-wordpress\/ -->\n<title>Lignes Compl\u00e8tes - MITS PACK<\/title>\n<meta name=\"robots\" content=\"index, follow, max-snippet:-1, max-image-preview:large, max-video-preview:-1\" \/>\n<link rel=\"canonical\" href=\"https:\/\/mits-pack.it\/en\/ligne_de_conditionnement\/\" \/>\n<meta property=\"og:locale\" content=\"en_GB\" \/>\n<meta property=\"og:type\" content=\"article\" \/>\n<meta property=\"og:title\" content=\"Lignes Compl\u00e8tes - MITS PACK\" \/>\n<meta property=\"og:url\" content=\"https:\/\/mits-pack.it\/en\/ligne_de_conditionnement\/\" \/>\n<meta property=\"og:site_name\" content=\"MITS PACK\" \/>\n<meta property=\"article:modified_time\" content=\"2026-02-23T13:45:45+00:00\" \/>\n<meta name=\"twitter:card\" content=\"summary_large_image\" \/>\n<meta name=\"twitter:label1\" content=\"Estimated reading time\" \/>\n\t<meta name=\"twitter:data1\" content=\"4 minutes\" \/>\n<script type=\"application\/ld+json\" class=\"yoast-schema-graph\">{\"@context\":\"https:\/\/schema.org\",\"@graph\":[{\"@type\":\"WebPage\",\"@id\":\"https:\/\/mits-pack.it\/ligne_de_conditionnement\/\",\"url\":\"https:\/\/mits-pack.it\/ligne_de_conditionnement\/\",\"name\":\"Lignes Compl\u00e8tes - MITS PACK\",\"isPartOf\":{\"@id\":\"https:\/\/mits-pack.it\/#website\"},\"datePublished\":\"2025-12-03T15:02:27+00:00\",\"dateModified\":\"2026-02-23T13:45:45+00:00\",\"breadcrumb\":{\"@id\":\"https:\/\/mits-pack.it\/ligne_de_conditionnement\/#breadcrumb\"},\"inLanguage\":\"en-GB\",\"potentialAction\":[{\"@type\":\"ReadAction\",\"target\":[\"https:\/\/mits-pack.it\/ligne_de_conditionnement\/\"]}]},{\"@type\":\"BreadcrumbList\",\"@id\":\"https:\/\/mits-pack.it\/ligne_de_conditionnement\/#breadcrumb\",\"itemListElement\":[{\"@type\":\"ListItem\",\"position\":1,\"name\":\"Accueil\",\"item\":\"https:\/\/mits-pack.it\/\"},{\"@type\":\"ListItem\",\"position\":2,\"name\":\"Lignes Compl\u00e8tes\"}]},{\"@type\":\"WebSite\",\"@id\":\"https:\/\/mits-pack.it\/#website\",\"url\":\"https:\/\/mits-pack.it\/\",\"name\":\"MITS PACK\",\"description\":\"\",\"potentialAction\":[{\"@type\":\"SearchAction\",\"target\":{\"@type\":\"EntryPoint\",\"urlTemplate\":\"https:\/\/mits-pack.it\/?s={search_term_string}\"},\"query-input\":{\"@type\":\"PropertyValueSpecification\",\"valueRequired\":true,\"valueName\":\"search_term_string\"}}],\"inLanguage\":\"en-GB\"}]}<\/script>\n<!-- \/ Yoast SEO plugin. -->","yoast_head_json":{"title":"Lignes Compl\u00e8tes - MITS PACK","robots":{"index":"index","follow":"follow","max-snippet":"max-snippet:-1","max-image-preview":"max-image-preview:large","max-video-preview":"max-video-preview:-1"},"canonical":"https:\/\/mits-pack.it\/en\/ligne_de_conditionnement\/","og_locale":"en_GB","og_type":"article","og_title":"Lignes Compl\u00e8tes - MITS PACK","og_url":"https:\/\/mits-pack.it\/en\/ligne_de_conditionnement\/","og_site_name":"MITS PACK","article_modified_time":"2026-02-23T13:45:45+00:00","twitter_card":"summary_large_image","twitter_misc":{"Estimated reading time":"4 minutes"},"schema":{"@context":"https:\/\/schema.org","@graph":[{"@type":"WebPage","@id":"https:\/\/mits-pack.it\/ligne_de_conditionnement\/","url":"https:\/\/mits-pack.it\/ligne_de_conditionnement\/","name":"Lignes Compl\u00e8tes - MITS PACK","isPartOf":{"@id":"https:\/\/mits-pack.it\/#website"},"datePublished":"2025-12-03T15:02:27+00:00","dateModified":"2026-02-23T13:45:45+00:00","breadcrumb":{"@id":"https:\/\/mits-pack.it\/ligne_de_conditionnement\/#breadcrumb"},"inLanguage":"en-GB","potentialAction":[{"@type":"ReadAction","target":["https:\/\/mits-pack.it\/ligne_de_conditionnement\/"]}]},{"@type":"BreadcrumbList","@id":"https:\/\/mits-pack.it\/ligne_de_conditionnement\/#breadcrumb","itemListElement":[{"@type":"ListItem","position":1,"name":"Accueil","item":"https:\/\/mits-pack.it\/"},{"@type":"ListItem","position":2,"name":"Lignes Compl\u00e8tes"}]},{"@type":"WebSite","@id":"https:\/\/mits-pack.it\/#website","url":"https:\/\/mits-pack.it\/","name":"MITS PACK","description":"","potentialAction":[{"@type":"SearchAction","target":{"@type":"EntryPoint","urlTemplate":"https:\/\/mits-pack.it\/?s={search_term_string}"},"query-input":{"@type":"PropertyValueSpecification","valueRequired":true,"valueName":"search_term_string"}}],"inLanguage":"en-GB"}]}},"_links":{"self":[{"href":"https:\/\/mits-pack.it\/en\/wp-json\/wp\/v2\/pages\/939","targetHints":{"allow":["GET"]}}],"collection":[{"href":"https:\/\/mits-pack.it\/en\/wp-json\/wp\/v2\/pages"}],"about":[{"href":"https:\/\/mits-pack.it\/en\/wp-json\/wp\/v2\/types\/page"}],"author":[{"embeddable":true,"href":"https:\/\/mits-pack.it\/en\/wp-json\/wp\/v2\/users\/2"}],"replies":[{"embeddable":true,"href":"https:\/\/mits-pack.it\/en\/wp-json\/wp\/v2\/comments?post=939"}],"version-history":[{"count":11,"href":"https:\/\/mits-pack.it\/en\/wp-json\/wp\/v2\/pages\/939\/revisions"}],"predecessor-version":[{"id":992,"href":"https:\/\/mits-pack.it\/en\/wp-json\/wp\/v2\/pages\/939\/revisions\/992"}],"wp:attachment":[{"href":"https:\/\/mits-pack.it\/en\/wp-json\/wp\/v2\/media?parent=939"}],"curies":[{"name":"wp","href":"https:\/\/api.w.org\/{rel}","templated":true}]}}