{"id":27,"date":"2025-05-27T16:34:36","date_gmt":"2025-05-27T14:34:36","guid":{"rendered":"https:\/\/mits-pack.it\/?page_id=27"},"modified":"2025-11-27T14:32:55","modified_gmt":"2025-11-27T13:32:55","slug":"contact","status":"publish","type":"page","link":"https:\/\/mits-pack.it\/it\/contact\/","title":{"rendered":"Contatti"},"content":{"rendered":"<div class=\"wpb-content-wrapper\"><div id=\"first-banner\" class=\"sec_row container-fluid\"><div class=\"vc_row wpb_row vc_row-fluid no-padding vc_custom_1748608869438 vc_row-has-fill\"><div class=\"wpb_column vc_column_container vc_col-sm-3 et-dark-column\"><div class=\"vc_column-inner\"><div class=\"wpb_wrapper\"><\/div><\/div><\/div><div class=\"text-align-center wpb_column vc_column_container vc_col-sm-6 et-dark-column\"><div class=\"vc_column-inner  vc_custom_1748608975645\"><div class=\"wpb_wrapper\"><h1 style=\"font-size: 33px;color: #FFFFFF;line-height: 1.3;text-align: center\" class=\"vc_custom_heading vc_do_custom_heading super vc_custom_1748622969807\" >Besoin d'aide ?<\/h1><p style=\"font-size: 21px;color: #FFFFFF;text-align: center\" class=\"vc_custom_heading vc_do_custom_heading font-weight500 vc_custom_1764250362366\" >Nos experts sont disponibles pour vous guider.<\/p><\/div><\/div><\/div><div class=\"wpb_column vc_column_container vc_col-sm-3 et-dark-column\"><div class=\"vc_column-inner\"><div class=\"wpb_wrapper\"><\/div><\/div><\/div><\/div><\/div><div id=\"barel-tel\" class=\"sec_row container-fluid\"><div class=\"vc_row wpb_row vc_row-fluid no-padding vc_custom_1748627237856 vc_row-has-fill\"><div class=\"wpb_column vc_column_container vc_col-sm-12 et-dark-column\"><div class=\"vc_column-inner  vc_custom_1760352233190\"><div class=\"wpb_wrapper\"><div class=\"vc_row wpb_row vc_inner vc_row-fluid max_width\"><div class=\"wpb_column vc_column_container vc_col-sm-12 et-dark-column\"><div class=\"vc_column-inner  vc_custom_1760352228670\"><div class=\"wpb_wrapper\">\n\t<div class=\"wpb_raw_code wpb_raw_html wpb_content_element vc_custom_1760352280069\" >\n\t\t<div class=\"wpb_wrapper\">\n\t\t\t<a href=\"tel:+393893116126\"><div style=\"display: flex;align-items: center;justify-content: center;gap: 8px;font-size: 23px;font-weight: 600;\">\n      <i class=\"fa-solid fa-phone\"><\/i>\n      <span>+39 389 311 61 26<\/span>\n    <\/div><\/a>\n\t\t<\/div>\n\t<\/div>\n<\/div><\/div><\/div><\/div><\/div><\/div><\/div><\/div><\/div><div  class=\"sec_row container-fluid\"><div class=\"vc_row wpb_row vc_row-fluid no-padding vc_custom_1748606998811 vc_row-has-fill\"><div class=\"wpb_column vc_column_container vc_col-sm-12 et-dark-column\"><div class=\"vc_column-inner\"><div class=\"wpb_wrapper\"><div id=\"devis-form\" class=\"vc_row wpb_row vc_inner vc_row-fluid max_width vc_custom_1748607494227\"><div class=\"hide-mobile wpb_column vc_column_container vc_col-sm-2 et-dark-column\"><div class=\"vc_column-inner\"><div class=\"wpb_wrapper\"><\/div><\/div><\/div><div class=\"box-shadow-slagon wpb_column vc_column_container vc_col-sm-8 et-dark-column vc_col-has-fill\"><div class=\"vc_column-inner  vc_custom_1748623040052\"><div class=\"wpb_wrapper\"><h2 style=\"font-size: 25px;color: #21294d;line-height: 1.2;text-align: center\" class=\"vc_custom_heading vc_do_custom_heading super vc_custom_1748622990447\" >Contactez-nous<\/h2><p style=\"font-size: 15px;color: #21294d;text-align: center\" class=\"vc_custom_heading vc_do_custom_heading font-weight500 vc_custom_1748623548906\" >Une question, un projet ou besoin d\u2019un conseil ? Notre \u00e9quipe est \u00e0 votre \u00e9coute.<\/p>\n<div class=\"wpcf7 no-js\" id=\"wpcf7-f62-o1\" lang=\"fr-FR\" dir=\"ltr\" data-wpcf7-id=\"62\">\n<div class=\"screen-reader-response\"><p role=\"status\" aria-live=\"polite\" aria-atomic=\"true\"><\/p> <ul><\/ul><\/div>\n<form action=\"\/it\/wp-json\/wp\/v2\/pages\/27#wpcf7-f62-o1\" method=\"post\" class=\"wpcf7-form init\" aria-label=\"Formulaire de contact\" novalidate=\"novalidate\" data-status=\"init\">\n<fieldset class=\"hidden-fields-container\"><input type=\"hidden\" name=\"_wpcf7\" value=\"62\" \/><input type=\"hidden\" name=\"_wpcf7_version\" value=\"6.1.5\" \/><input type=\"hidden\" name=\"_wpcf7_locale\" value=\"fr_FR\" \/><input type=\"hidden\" name=\"_wpcf7_unit_tag\" value=\"wpcf7-f62-o1\" \/><input type=\"hidden\" name=\"_wpcf7_container_post\" value=\"0\" \/><input type=\"hidden\" name=\"_wpcf7_posted_data_hash\" value=\"\" \/>\n<\/fieldset>\n<div class=\"bloc-info-input\">\n\t<div class=\"one-half\">\n\t\t<p><span class=\"wpcf7-form-control-wrap\" data-name=\"your-name\"><input size=\"40\" maxlength=\"400\" class=\"wpcf7-form-control wpcf7-text wpcf7-validates-as-required\" aria-required=\"true\" aria-invalid=\"false\" placeholder=\"Nom*\" value=\"\" type=\"text\" name=\"your-name\" \/><\/span>\n\t\t<\/p>\n\t<\/div>\n\t<div class=\"one-half last\">\n\t\t<p><span class=\"wpcf7-form-control-wrap\" data-name=\"firstname\"><input size=\"40\" maxlength=\"400\" class=\"wpcf7-form-control wpcf7-text wpcf7-validates-as-required\" aria-required=\"true\" aria-invalid=\"false\" placeholder=\"Pr\u00e9nom*\" value=\"\" type=\"text\" name=\"firstname\" \/><\/span>\n\t\t<\/p>\n\t<\/div>\n\t<div class=\"one-half\">\n\t\t<p><span class=\"wpcf7-form-control-wrap\" data-name=\"your-email\"><input size=\"40\" maxlength=\"400\" class=\"wpcf7-form-control wpcf7-email wpcf7-validates-as-required wpcf7-text wpcf7-validates-as-email\" aria-required=\"true\" aria-invalid=\"false\" placeholder=\"E-mail*\" value=\"\" type=\"email\" name=\"your-email\" \/><\/span>\n\t\t<\/p>\n\t<\/div>\n\t<div class=\"one-half last\">\n\t\t<p><span class=\"wpcf7-form-control-wrap intl_tel-565\"><input class=\"wpcf7-form-control wpcf7-intl_tel wpcf7-validates-as-required wpcf7-intl-tel\" aria-required=\"true\" aria-invalid=\"false\" placeholder=\"T\u00e9l\u00e9phone*\" data-initialcountry=\"fr\" value=\"\" type=\"tel\" name=\"intl_tel-565-cf7it-national\" \/><input name=\"intl_tel-565\" type=\"hidden\" class=\"wpcf7-intl-tel-full\" \/><input type=\"hidden\" name=\"intl_tel-565-cf7it-country-name\" class=\"wpcf7-intl-tel-country-name\" \/><input type=\"hidden\" name=\"intl_tel-565-cf7it-country-code\" class=\"wpcf7-intl-tel-country-code\" \/><input type=\"hidden\" name=\"intl_tel-565-cf7it-country-iso2\" class=\"wpcf7-intl-tel-country-iso2\" \/><\/span>\n\t\t<\/p>\n\t<\/div>\n\t<p><span class=\"wpcf7-form-control-wrap\" data-name=\"company\"><input size=\"40\" maxlength=\"400\" class=\"wpcf7-form-control wpcf7-text\" aria-invalid=\"false\" placeholder=\"Soci\u00e9t\u00e9 (optionnel)\" value=\"\" type=\"text\" name=\"company\" \/><\/span>\n\t<\/p>\n\t<div class=\"bloc-form without-barel\">\n\t\t<p>Merci de d\u00e9tailler votre besoin.\n\t\t<\/p>\n\t\t<p><span class=\"wpcf7-form-control-wrap\" data-name=\"your-message\"><textarea cols=\"40\" rows=\"10\" maxlength=\"2000\" class=\"wpcf7-form-control wpcf7-textarea wpcf7-validates-as-required\" aria-required=\"true\" aria-invalid=\"false\" placeholder=\"D\u00e9taillez votre projet : type de produit(s), format, cadence, niveau d\u2019automatisation, etc.\" name=\"your-message\"><\/textarea><\/span>\n\t\t<\/p>\n\t\t<p>Voulez-vous joindre un cahier des charges ou d'autres documents ?\n\t\t<\/p>\n\t\t<p class=\"p-special-form\" style=\"margin-top: 1px !important;\">(Fichiers accept\u00e9s PDF, PNG, JPG)\n\t\t<\/p>\n\t\t<p><span class=\"wpcf7-form-control-wrap\" data-name=\"joindre-doc\"><span class=\"wpcf7-form-control wpcf7-radio\"><span class=\"wpcf7-list-item first\"><label><input type=\"radio\" name=\"joindre-doc\" value=\"NON\" checked=\"checked\" \/><span class=\"wpcf7-list-item-label\">NON<\/span><\/label><\/span><span class=\"wpcf7-list-item last\"><label><input type=\"radio\" name=\"joindre-doc\" value=\"OUI\" \/><span class=\"wpcf7-list-item-label\">OUI<\/span><\/label><\/span><\/span><\/span>\n\t\t<\/p>\n\t\t<div class=\"si-joindre-doc\">\n\t\t\t<p><span class=\"wpcf7-form-control-wrap\" data-name=\"upload-file-760\"><input size=\"40\" class=\"wpcf7-form-control wpcf7-drag-n-drop-file d-none\" aria-invalid=\"false\" type=\"file\" multiple=\"multiple\" data-name=\"upload-file-760\" data-type=\"jpeg|png|jpg|gif|pdf\" data-max=\"10\" data-id=\"62\" data-version=\"free version 1.3.9.5\" accept=\".jpeg, .png, .jpg, .gif, .pdf\" \/><\/span>\n\t\t\t<\/p>\n\t\t<\/div>\n\t<\/div>\n<\/div>\n<p><input class=\"wpcf7-form-control wpcf7-submit has-spinner\" type=\"submit\" value=\"Envoyer\" \/>\n<\/p>\n<p><script>\ndocument.addEventListener( 'wpcf7mailsent', function( event ) {\n location = 'https:\/\/mits-pack.it\/merci';\n}, false );\n<\/script>\n<\/p><div class=\"wpcf7-response-output\" aria-hidden=\"true\"><\/div>\n<\/form>\n<\/div>\n<div class=\"vc_empty_space\"   style=\"height: 77px\"><span class=\"vc_empty_space_inner\"><\/span><\/div><\/div><\/div><\/div><div class=\"wpb_column vc_column_container vc_col-sm-2 et-dark-column\"><div class=\"vc_column-inner\"><div class=\"wpb_wrapper\"><\/div><\/div><\/div><\/div><\/div><\/div><\/div><\/div><\/div><div  class=\"sec_row container\"><div class=\"vc_row wpb_row vc_row-fluid\"><div class=\"wpb_column vc_column_container vc_col-sm-12 et-dark-column\"><div class=\"vc_column-inner\"><div class=\"wpb_wrapper\">\n\t<div class=\"wpb_raw_code wpb_raw_html wpb_content_element vc_custom_1748623074741\" >\n\t\t<div class=\"wpb_wrapper\">\n\t\t\t<style>\r\n  .si-joindre-doc {\r\n    display: none;\r\n  }\r\n<\/style>\r\n<script>\r\n  document.addEventListener('DOMContentLoaded', function () {\r\n    const docDiv = document.querySelector('.si-joindre-doc');\r\n    if (!docDiv) return;\r\n\r\n    function updateDocVisibility() {\r\n      const selected = document.querySelector('input[name=\"joindre-doc\"]:checked');\r\n      if (selected && selected.value.toUpperCase() === 'OUI') {\r\n        docDiv.style.display = 'block';\r\n      } else {\r\n        docDiv.style.display = 'none';\r\n      }\r\n    }\r\n\r\n    \/\/ Initial state\r\n    updateDocVisibility();\r\n\r\n    \/\/ Attach change listener to future radio buttons (use delegation just in case)\r\n    document.querySelectorAll('input[name=\"joindre-doc\"]').forEach(radio => {\r\n      radio.addEventListener('change', updateDocVisibility);\r\n    });\r\n  });\r\n<\/script>\r\n\n\t\t<\/div>\n\t<\/div>\n<\/div><\/div><\/div><\/div><\/div>\n<\/div>","protected":false},"excerpt":{"rendered":"Besoin d'aide ?Nos experts sont disponibles pour vous guider. +39 389 311 61 26 Contactez-nousUne question, un projet ou besoin d\u2019un conseil ? Notre \u00e9quipe est \u00e0 votre \u00e9coute. Merci de d\u00e9tailler votre besoin. Voulez-vous joindre un cahier des charges ou d'autres documents ? (Fichiers accept\u00e9s PDF, PNG, JPG) NONOUI","protected":false},"author":1,"featured_media":0,"parent":0,"menu_order":0,"comment_status":"closed","ping_status":"closed","template":"","meta":{"_acf_changed":false,"inline_featured_image":false,"footnotes":""},"class_list":["post-27","page","type-page","status-publish","hentry"],"acf":[],"yoast_head":"<!-- This site is optimized with the Yoast SEO plugin v27.0 - https:\/\/yoast.com\/product\/yoast-seo-wordpress\/ -->\n<title>Contact - MITS PACK<\/title>\n<meta name=\"robots\" content=\"index, follow, max-snippet:-1, max-image-preview:large, max-video-preview:-1\" \/>\n<link rel=\"canonical\" href=\"https:\/\/mits-pack.it\/it\/contact\/\" \/>\n<meta property=\"og:locale\" content=\"it_IT\" \/>\n<meta property=\"og:type\" content=\"article\" \/>\n<meta property=\"og:title\" content=\"Contact - MITS PACK\" \/>\n<meta property=\"og:url\" content=\"https:\/\/mits-pack.it\/it\/contact\/\" \/>\n<meta property=\"og:site_name\" content=\"MITS PACK\" \/>\n<meta property=\"article:modified_time\" content=\"2025-11-27T13:32:55+00:00\" \/>\n<meta name=\"twitter:card\" content=\"summary_large_image\" \/>\n<meta name=\"twitter:label1\" content=\"Tempo di lettura stimato\" \/>\n\t<meta name=\"twitter:data1\" content=\"1 minuto\" \/>\n<script type=\"application\/ld+json\" class=\"yoast-schema-graph\">{\"@context\":\"https:\/\/schema.org\",\"@graph\":[{\"@type\":\"WebPage\",\"@id\":\"https:\/\/mits-pack.it\/contact\/\",\"url\":\"https:\/\/mits-pack.it\/contact\/\",\"name\":\"Contact - MITS PACK\",\"isPartOf\":{\"@id\":\"https:\/\/mits-pack.it\/#website\"},\"datePublished\":\"2025-05-27T14:34:36+00:00\",\"dateModified\":\"2025-11-27T13:32:55+00:00\",\"breadcrumb\":{\"@id\":\"https:\/\/mits-pack.it\/contact\/#breadcrumb\"},\"inLanguage\":\"it-IT\",\"potentialAction\":[{\"@type\":\"ReadAction\",\"target\":[\"https:\/\/mits-pack.it\/contact\/\"]}]},{\"@type\":\"BreadcrumbList\",\"@id\":\"https:\/\/mits-pack.it\/contact\/#breadcrumb\",\"itemListElement\":[{\"@type\":\"ListItem\",\"position\":1,\"name\":\"Accueil\",\"item\":\"https:\/\/mits-pack.it\/\"},{\"@type\":\"ListItem\",\"position\":2,\"name\":\"Contact\"}]},{\"@type\":\"WebSite\",\"@id\":\"https:\/\/mits-pack.it\/#website\",\"url\":\"https:\/\/mits-pack.it\/\",\"name\":\"MITS PACK\",\"description\":\"\",\"potentialAction\":[{\"@type\":\"SearchAction\",\"target\":{\"@type\":\"EntryPoint\",\"urlTemplate\":\"https:\/\/mits-pack.it\/?s={search_term_string}\"},\"query-input\":{\"@type\":\"PropertyValueSpecification\",\"valueRequired\":true,\"valueName\":\"search_term_string\"}}],\"inLanguage\":\"it-IT\"}]}<\/script>\n<!-- \/ Yoast SEO plugin. -->","yoast_head_json":{"title":"Contact - MITS PACK","robots":{"index":"index","follow":"follow","max-snippet":"max-snippet:-1","max-image-preview":"max-image-preview:large","max-video-preview":"max-video-preview:-1"},"canonical":"https:\/\/mits-pack.it\/it\/contact\/","og_locale":"it_IT","og_type":"article","og_title":"Contact - MITS PACK","og_url":"https:\/\/mits-pack.it\/it\/contact\/","og_site_name":"MITS PACK","article_modified_time":"2025-11-27T13:32:55+00:00","twitter_card":"summary_large_image","twitter_misc":{"Tempo di lettura stimato":"1 minuto"},"schema":{"@context":"https:\/\/schema.org","@graph":[{"@type":"WebPage","@id":"https:\/\/mits-pack.it\/contact\/","url":"https:\/\/mits-pack.it\/contact\/","name":"Contact - MITS PACK","isPartOf":{"@id":"https:\/\/mits-pack.it\/#website"},"datePublished":"2025-05-27T14:34:36+00:00","dateModified":"2025-11-27T13:32:55+00:00","breadcrumb":{"@id":"https:\/\/mits-pack.it\/contact\/#breadcrumb"},"inLanguage":"it-IT","potentialAction":[{"@type":"ReadAction","target":["https:\/\/mits-pack.it\/contact\/"]}]},{"@type":"BreadcrumbList","@id":"https:\/\/mits-pack.it\/contact\/#breadcrumb","itemListElement":[{"@type":"ListItem","position":1,"name":"Accueil","item":"https:\/\/mits-pack.it\/"},{"@type":"ListItem","position":2,"name":"Contact"}]},{"@type":"WebSite","@id":"https:\/\/mits-pack.it\/#website","url":"https:\/\/mits-pack.it\/","name":"MITS PACK","description":"","potentialAction":[{"@type":"SearchAction","target":{"@type":"EntryPoint","urlTemplate":"https:\/\/mits-pack.it\/?s={search_term_string}"},"query-input":{"@type":"PropertyValueSpecification","valueRequired":true,"valueName":"search_term_string"}}],"inLanguage":"it-IT"}]}},"_links":{"self":[{"href":"https:\/\/mits-pack.it\/it\/wp-json\/wp\/v2\/pages\/27","targetHints":{"allow":["GET"]}}],"collection":[{"href":"https:\/\/mits-pack.it\/it\/wp-json\/wp\/v2\/pages"}],"about":[{"href":"https:\/\/mits-pack.it\/it\/wp-json\/wp\/v2\/types\/page"}],"author":[{"embeddable":true,"href":"https:\/\/mits-pack.it\/it\/wp-json\/wp\/v2\/users\/1"}],"replies":[{"embeddable":true,"href":"https:\/\/mits-pack.it\/it\/wp-json\/wp\/v2\/comments?post=27"}],"version-history":[{"count":19,"href":"https:\/\/mits-pack.it\/it\/wp-json\/wp\/v2\/pages\/27\/revisions"}],"predecessor-version":[{"id":930,"href":"https:\/\/mits-pack.it\/it\/wp-json\/wp\/v2\/pages\/27\/revisions\/930"}],"wp:attachment":[{"href":"https:\/\/mits-pack.it\/it\/wp-json\/wp\/v2\/media?parent=27"}],"curies":[{"name":"wp","href":"https:\/\/api.w.org\/{rel}","templated":true}]}}