{"id":29,"date":"2025-05-27T16:34:47","date_gmt":"2025-05-27T14:34:47","guid":{"rendered":"https:\/\/mits-pack.it\/?page_id=29"},"modified":"2026-02-25T16:51:38","modified_gmt":"2026-02-25T15:51:38","slug":"demander-un-devis","status":"publish","type":"page","link":"https:\/\/mits-pack.it\/it\/demander-un-devis\/","title":{"rendered":"Richiedi un preventivo"},"content":{"rendered":"<div class=\"wpb-content-wrapper\"><div id=\"first-banner\" class=\"sec_row container-fluid\"><div class=\"vc_row wpb_row vc_row-fluid no-padding vc_custom_1748608869438 vc_row-has-fill\"><div class=\"wpb_column vc_column_container vc_col-sm-3 et-dark-column\"><div class=\"vc_column-inner\"><div class=\"wpb_wrapper\"><\/div><\/div><\/div><div class=\"text-align-center wpb_column vc_column_container vc_col-sm-6 et-dark-column\"><div class=\"vc_column-inner  vc_custom_1748608975645\"><div class=\"wpb_wrapper\"><h1 style=\"font-size: 33px;color: #FFFFFF;line-height: 1.3;text-align: center\" class=\"vc_custom_heading vc_do_custom_heading super vc_custom_1748608946388\" >Demande de devis<\/h1><p style=\"font-size: 21px;color: #FFFFFF;text-align: center\" class=\"vc_custom_heading vc_do_custom_heading font-weight500 vc_custom_1748622409386\" >Chez MITS PACK nous prenons le temps d\u2019analyser attentivement vos besoins pour vous proposer des solutions sur mesure.<\/p><\/div><\/div><\/div><div class=\"wpb_column vc_column_container vc_col-sm-3 et-dark-column\"><div class=\"vc_column-inner\"><div class=\"wpb_wrapper\"><\/div><\/div><\/div><\/div><\/div><div  class=\"sec_row container-fluid\"><div class=\"vc_row wpb_row vc_row-fluid no-padding vc_custom_1748606998811 vc_row-has-fill\"><div class=\"wpb_column vc_column_container vc_col-sm-12 et-dark-column\"><div class=\"vc_column-inner\"><div class=\"wpb_wrapper\"><div id=\"devis-form\" class=\"vc_row wpb_row vc_inner vc_row-fluid max_width vc_custom_1748607494227\"><div class=\"hide-mobile wpb_column vc_column_container vc_col-sm-4 et-dark-column\"><div class=\"vc_column-inner\"><div class=\"wpb_wrapper\">\n\t<div class=\"wpb_raw_code wpb_raw_html wpb_content_element vc_custom_1772034490262\" >\n\t\t<div class=\"wpb_wrapper\">\n\t\t\t<div style=\"background-color: #fff; color: #0E1851; padding: 0; text-align: center; width: 100%; margin: auto; box-shadow: 0 5px 15px 0 rgb(110 110 110 \/ 10%);\">\n  <div style=\"background-color: #0E1851; padding: 10px 0;\">\n    <img decoding=\"async\" src=\"https:\/\/mits-pack.it\/wp-content\/uploads\/2025\/05\/mits-pack-logo-w.svg\" alt=\"Mits Pack Logo\" style=\"height: 50px; display: block; margin: auto;\">\n  <\/div>\n    <div style=\"padding: 55px 19px;\">\n    <div style=\"display: flex;align-items: center;justify-content: center;gap: 8px;margin-bottom: 10px;margin-top: 10px;font-weight: 400;\">\n      <i class=\"fa-solid fa-clock\"><\/i>\n      <span>R\u00e9ponses sous 24\/48h<\/span>\n    <\/div>\n    <div style=\"display: flex;align-items: center;justify-content: center;gap: 8px;margin-bottom: 10px;font-weight: 400;\">\n      <i class=\"fa-solid fa-hand-holding\"><\/i>\n      <span>FAT en Italie (Milan), SAT sur site<\/span>\n    <\/div>\n    <div style=\"display: flex;align-items: center;justify-content: center;gap: 8px;margin-bottom: 10px;font-weight: 400;\">\n      <i class=\"fa-solid fa-award\"><\/i>\n      <span>Garantie 12 mois, extension possible<\/span>\n    <\/div>\n    <div style=\"display: flex;align-items: center;justify-content: center;gap: 8px;margin-bottom: 10px;font-weight: 400;\">\n      <i class=\"fa-solid fa-headset\"><\/i>\n      <span>Pi\u00e8ces d\u00e9tach\u00e9es + support<\/span>\n    <\/div>\n    <h2 style=\"margin-bottom: 10px; color: #0E1851;\">Un projet en t\u00eate ?<\/h2>\n    <p style=\"margin-bottom: 20px;padding: 0 17px;\">\n\u00c9changez avec un expert pour d\u00e9finir la solution adapt\u00e9e \u00e0 votre environnement de production.<\/p>\n    <a href=\"tel:+393893116126\"><div style=\"display: flex;align-items: center;justify-content: center;gap: 8px;font-size: 23px;margin-bottom: 10px;font-weight: 600;\">\n      <i class=\"fa-solid fa-phone\"><\/i>\n      <span>+39 389 311 61 26<\/span>\n    <\/div><\/a>\n  <\/div>\n  \n\n  \n<\/div>\n\n\t\t<\/div>\n\t<\/div>\n<\/div><\/div><\/div><div class=\"box-shadow-slagon wpb_column vc_column_container vc_col-sm-8 et-dark-column vc_col-has-fill\"><div class=\"vc_column-inner  vc_custom_1748609197339\"><div class=\"wpb_wrapper\"><h2 style=\"font-size: 25px;color: #21294d;line-height: 1.2;text-align: center\" class=\"vc_custom_heading vc_do_custom_heading super vc_custom_1759311252623\" >Obtenez votre devis<\/h2><p style=\"font-size: 15px;color: #21294d;text-align: center\" class=\"vc_custom_heading vc_do_custom_heading font-weight500 vc_custom_1748622419051\" >Demandez votre devis gratuit et recevez une proposition personnalis\u00e9e.<\/p>\n<div class=\"wpcf7 no-js\" id=\"wpcf7-f154-o1\" lang=\"fr-FR\" dir=\"ltr\" data-wpcf7-id=\"154\">\n<div class=\"screen-reader-response\"><p role=\"status\" aria-live=\"polite\" aria-atomic=\"true\"><\/p> <ul><\/ul><\/div>\n<form action=\"\/it\/wp-json\/wp\/v2\/pages\/29#wpcf7-f154-o1\" method=\"post\" class=\"wpcf7-form init\" aria-label=\"Formulaire de contact\" novalidate=\"novalidate\" data-status=\"init\">\n<fieldset class=\"hidden-fields-container\"><input type=\"hidden\" name=\"_wpcf7\" value=\"154\" \/><input type=\"hidden\" name=\"_wpcf7_version\" value=\"6.1.5\" \/><input type=\"hidden\" name=\"_wpcf7_locale\" value=\"fr_FR\" \/><input type=\"hidden\" name=\"_wpcf7_unit_tag\" value=\"wpcf7-f154-o1\" \/><input type=\"hidden\" name=\"_wpcf7_container_post\" value=\"0\" \/><input type=\"hidden\" name=\"_wpcf7_posted_data_hash\" value=\"\" \/>\n<\/fieldset>\n<div class=\"bloc-info-input\">\n\t<div class=\"one-half\">\n\t\t<p><span class=\"wpcf7-form-control-wrap\" data-name=\"your-name\"><input size=\"40\" maxlength=\"400\" class=\"wpcf7-form-control wpcf7-text wpcf7-validates-as-required\" aria-required=\"true\" aria-invalid=\"false\" placeholder=\"Nom*\" value=\"\" type=\"text\" name=\"your-name\" \/><\/span>\n\t\t<\/p>\n\t<\/div>\n\t<div class=\"one-half last\">\n\t\t<p><span class=\"wpcf7-form-control-wrap\" data-name=\"firstname\"><input size=\"40\" maxlength=\"400\" class=\"wpcf7-form-control wpcf7-text wpcf7-validates-as-required\" aria-required=\"true\" aria-invalid=\"false\" placeholder=\"Pr\u00e9nom*\" value=\"\" type=\"text\" name=\"firstname\" \/><\/span>\n\t\t<\/p>\n\t<\/div>\n\t<div class=\"one-half\">\n\t\t<p><span class=\"wpcf7-form-control-wrap\" data-name=\"your-email\"><input size=\"40\" maxlength=\"400\" class=\"wpcf7-form-control wpcf7-email wpcf7-validates-as-required wpcf7-text wpcf7-validates-as-email\" aria-required=\"true\" aria-invalid=\"false\" placeholder=\"E-mail*\" value=\"\" type=\"email\" name=\"your-email\" \/><\/span>\n\t\t<\/p>\n\t<\/div>\n\t<div class=\"one-half last\">\n\t\t<p><span class=\"wpcf7-form-control-wrap intl_tel-565\"><input class=\"wpcf7-form-control wpcf7-intl_tel wpcf7-validates-as-required wpcf7-intl-tel\" aria-required=\"true\" aria-invalid=\"false\" placeholder=\"T\u00e9l\u00e9phone*\" data-initialcountry=\"fr\" value=\"\" type=\"tel\" name=\"intl_tel-565-cf7it-national\" \/><input name=\"intl_tel-565\" type=\"hidden\" class=\"wpcf7-intl-tel-full\" \/><input type=\"hidden\" name=\"intl_tel-565-cf7it-country-name\" class=\"wpcf7-intl-tel-country-name\" \/><input type=\"hidden\" name=\"intl_tel-565-cf7it-country-code\" class=\"wpcf7-intl-tel-country-code\" \/><input type=\"hidden\" name=\"intl_tel-565-cf7it-country-iso2\" class=\"wpcf7-intl-tel-country-iso2\" \/><\/span>\n\t\t<\/p>\n\t<\/div>\n\t<p><span class=\"wpcf7-form-control-wrap\" data-name=\"company\"><input size=\"40\" maxlength=\"400\" class=\"wpcf7-form-control wpcf7-text\" aria-invalid=\"false\" placeholder=\"Soci\u00e9t\u00e9 (optionnel)\" value=\"\" type=\"text\" name=\"company\" \/><\/span>\n\t<\/p>\n\t<div class=\"bloc-form without-barel\">\n\t\t<p>Merci de d\u00e9tailler votre besoin.\n\t\t<\/p>\n\t\t<p><span class=\"wpcf7-form-control-wrap\" data-name=\"your-message\"><textarea cols=\"40\" rows=\"10\" maxlength=\"2000\" class=\"wpcf7-form-control wpcf7-textarea wpcf7-validates-as-required\" aria-required=\"true\" aria-invalid=\"false\" placeholder=\"D\u00e9taillez votre projet : type de produit(s), format, cadence, niveau d\u2019automatisation, etc.\" name=\"your-message\"><\/textarea><\/span>\n\t\t<\/p>\n\t<\/div>\n<\/div>\n<p><input class=\"wpcf7-form-control wpcf7-submit has-spinner\" type=\"submit\" value=\"Obtenir mon devis\" \/>\n<\/p>\n<p><script>\ndocument.addEventListener( 'wpcf7mailsent', function( event ) {\n location = 'https:\/\/mits-pack.it\/merci';\n}, false );\n<\/script>\n<\/p><div class=\"wpcf7-response-output\" aria-hidden=\"true\"><\/div>\n<\/form>\n<\/div>\n<div class=\"vc_empty_space\"   style=\"height: 77px\"><span class=\"vc_empty_space_inner\"><\/span><\/div><\/div><\/div><\/div><\/div><\/div><\/div><\/div><\/div><\/div><div  class=\"sec_row container\"><div class=\"vc_row wpb_row vc_row-fluid\"><div class=\"wpb_column vc_column_container vc_col-sm-12 et-dark-column\"><div class=\"vc_column-inner\"><div class=\"wpb_wrapper\">\n\t<div class=\"wpb_raw_code wpb_raw_html wpb_content_element vc_custom_1748623614753\" >\n\t\t<div class=\"wpb_wrapper\">\n\t\t\t<style>\r\n  .si-joindre-doc {\r\n    display: none;\r\n  }\r\n<\/style>\r\n<script>\r\n  document.addEventListener('DOMContentLoaded', function () {\r\n    const docDiv = document.querySelector('.si-joindre-doc');\r\n    if (!docDiv) return;\r\n\r\n    function updateDocVisibility() {\r\n      const selected = document.querySelector('input[name=\"joindre-doc\"]:checked');\r\n      if (selected && selected.value.toUpperCase() === 'OUI') {\r\n        docDiv.style.display = 'block';\r\n      } else {\r\n        docDiv.style.display = 'none';\r\n      }\r\n    }\r\n\r\n    \/\/ Initial state\r\n    updateDocVisibility();\r\n\r\n    \/\/ Attach change listener to future radio buttons (use delegation just in case)\r\n    document.querySelectorAll('input[name=\"joindre-doc\"]').forEach(radio => {\r\n      radio.addEventListener('change', updateDocVisibility);\r\n    });\r\n  });\r\n<\/script>\r\n\n\t\t<\/div>\n\t<\/div>\n<\/div><\/div><\/div><\/div><\/div>\n<\/div>","protected":false},"excerpt":{"rendered":"Demande de devisChez MITS PACK nous prenons le temps d\u2019analyser attentivement vos besoins pour vous proposer des solutions sur mesure. R\u00e9ponses sous 24\/48h FAT en Italie (Milan), SAT sur site Garantie 12 mois, extension possible Pi\u00e8ces d\u00e9tach\u00e9es + support Un projet en t\u00eate ? \u00c9changez avec un expert pour d\u00e9finir [...]","protected":false},"author":1,"featured_media":0,"parent":0,"menu_order":0,"comment_status":"closed","ping_status":"closed","template":"","meta":{"_acf_changed":false,"inline_featured_image":false,"footnotes":""},"class_list":["post-29","page","type-page","status-publish","hentry"],"acf":[],"yoast_head":"<!-- This site is optimized with the Yoast SEO plugin v27.0 - https:\/\/yoast.com\/product\/yoast-seo-wordpress\/ -->\n<title>Demander un devis - MITS PACK<\/title>\n<meta name=\"robots\" content=\"index, follow, max-snippet:-1, max-image-preview:large, max-video-preview:-1\" \/>\n<link rel=\"canonical\" href=\"https:\/\/mits-pack.it\/it\/demander-un-devis\/\" \/>\n<meta property=\"og:locale\" content=\"it_IT\" \/>\n<meta property=\"og:type\" content=\"article\" \/>\n<meta property=\"og:title\" content=\"Demander un devis - MITS PACK\" \/>\n<meta property=\"og:url\" content=\"https:\/\/mits-pack.it\/it\/demander-un-devis\/\" \/>\n<meta property=\"og:site_name\" content=\"MITS PACK\" \/>\n<meta property=\"article:modified_time\" content=\"2026-02-25T15:51:38+00:00\" \/>\n<meta name=\"twitter:card\" content=\"summary_large_image\" \/>\n<meta name=\"twitter:label1\" content=\"Tempo di lettura stimato\" \/>\n\t<meta name=\"twitter:data1\" content=\"1 minuto\" \/>\n<script type=\"application\/ld+json\" class=\"yoast-schema-graph\">{\"@context\":\"https:\/\/schema.org\",\"@graph\":[{\"@type\":\"WebPage\",\"@id\":\"https:\/\/mits-pack.it\/demander-un-devis\/\",\"url\":\"https:\/\/mits-pack.it\/demander-un-devis\/\",\"name\":\"Demander un devis - MITS PACK\",\"isPartOf\":{\"@id\":\"https:\/\/mits-pack.it\/#website\"},\"datePublished\":\"2025-05-27T14:34:47+00:00\",\"dateModified\":\"2026-02-25T15:51:38+00:00\",\"breadcrumb\":{\"@id\":\"https:\/\/mits-pack.it\/demander-un-devis\/#breadcrumb\"},\"inLanguage\":\"it-IT\",\"potentialAction\":[{\"@type\":\"ReadAction\",\"target\":[\"https:\/\/mits-pack.it\/demander-un-devis\/\"]}]},{\"@type\":\"BreadcrumbList\",\"@id\":\"https:\/\/mits-pack.it\/demander-un-devis\/#breadcrumb\",\"itemListElement\":[{\"@type\":\"ListItem\",\"position\":1,\"name\":\"Accueil\",\"item\":\"https:\/\/mits-pack.it\/\"},{\"@type\":\"ListItem\",\"position\":2,\"name\":\"Demander un devis\"}]},{\"@type\":\"WebSite\",\"@id\":\"https:\/\/mits-pack.it\/#website\",\"url\":\"https:\/\/mits-pack.it\/\",\"name\":\"MITS PACK\",\"description\":\"\",\"potentialAction\":[{\"@type\":\"SearchAction\",\"target\":{\"@type\":\"EntryPoint\",\"urlTemplate\":\"https:\/\/mits-pack.it\/?s={search_term_string}\"},\"query-input\":{\"@type\":\"PropertyValueSpecification\",\"valueRequired\":true,\"valueName\":\"search_term_string\"}}],\"inLanguage\":\"it-IT\"}]}<\/script>\n<!-- \/ Yoast SEO plugin. -->","yoast_head_json":{"title":"Demander un devis - MITS PACK","robots":{"index":"index","follow":"follow","max-snippet":"max-snippet:-1","max-image-preview":"max-image-preview:large","max-video-preview":"max-video-preview:-1"},"canonical":"https:\/\/mits-pack.it\/it\/demander-un-devis\/","og_locale":"it_IT","og_type":"article","og_title":"Demander un devis - MITS PACK","og_url":"https:\/\/mits-pack.it\/it\/demander-un-devis\/","og_site_name":"MITS PACK","article_modified_time":"2026-02-25T15:51:38+00:00","twitter_card":"summary_large_image","twitter_misc":{"Tempo di lettura stimato":"1 minuto"},"schema":{"@context":"https:\/\/schema.org","@graph":[{"@type":"WebPage","@id":"https:\/\/mits-pack.it\/demander-un-devis\/","url":"https:\/\/mits-pack.it\/demander-un-devis\/","name":"Demander un devis - MITS PACK","isPartOf":{"@id":"https:\/\/mits-pack.it\/#website"},"datePublished":"2025-05-27T14:34:47+00:00","dateModified":"2026-02-25T15:51:38+00:00","breadcrumb":{"@id":"https:\/\/mits-pack.it\/demander-un-devis\/#breadcrumb"},"inLanguage":"it-IT","potentialAction":[{"@type":"ReadAction","target":["https:\/\/mits-pack.it\/demander-un-devis\/"]}]},{"@type":"BreadcrumbList","@id":"https:\/\/mits-pack.it\/demander-un-devis\/#breadcrumb","itemListElement":[{"@type":"ListItem","position":1,"name":"Accueil","item":"https:\/\/mits-pack.it\/"},{"@type":"ListItem","position":2,"name":"Demander un devis"}]},{"@type":"WebSite","@id":"https:\/\/mits-pack.it\/#website","url":"https:\/\/mits-pack.it\/","name":"MITS PACK","description":"","potentialAction":[{"@type":"SearchAction","target":{"@type":"EntryPoint","urlTemplate":"https:\/\/mits-pack.it\/?s={search_term_string}"},"query-input":{"@type":"PropertyValueSpecification","valueRequired":true,"valueName":"search_term_string"}}],"inLanguage":"it-IT"}]}},"_links":{"self":[{"href":"https:\/\/mits-pack.it\/it\/wp-json\/wp\/v2\/pages\/29","targetHints":{"allow":["GET"]}}],"collection":[{"href":"https:\/\/mits-pack.it\/it\/wp-json\/wp\/v2\/pages"}],"about":[{"href":"https:\/\/mits-pack.it\/it\/wp-json\/wp\/v2\/types\/page"}],"author":[{"embeddable":true,"href":"https:\/\/mits-pack.it\/it\/wp-json\/wp\/v2\/users\/1"}],"replies":[{"embeddable":true,"href":"https:\/\/mits-pack.it\/it\/wp-json\/wp\/v2\/comments?post=29"}],"version-history":[{"count":33,"href":"https:\/\/mits-pack.it\/it\/wp-json\/wp\/v2\/pages\/29\/revisions"}],"predecessor-version":[{"id":1088,"href":"https:\/\/mits-pack.it\/it\/wp-json\/wp\/v2\/pages\/29\/revisions\/1088"}],"wp:attachment":[{"href":"https:\/\/mits-pack.it\/it\/wp-json\/wp\/v2\/media?parent=29"}],"curies":[{"name":"wp","href":"https:\/\/api.w.org\/{rel}","templated":true}]}}