{"id":522,"date":"2025-09-01T20:36:32","date_gmt":"2025-09-01T18:36:32","guid":{"rendered":"https:\/\/mits-pack.it\/?page_id=522"},"modified":"2026-03-18T17:45:06","modified_gmt":"2026-03-18T16:45:06","slug":"vissage","status":"publish","type":"page","link":"https:\/\/mits-pack.it\/it\/vissage\/","title":{"rendered":"Avvitatura"},"content":{"rendered":"<div class=\"wpb-content-wrapper\"><div  class=\"sec_row container\"><div class=\"vc_row wpb_row vc_row-fluid no-padding\"><div class=\"large-pic wpb_column vc_column_container vc_col-sm-12 et-dark-column\"><div class=\"vc_column-inner\"><div class=\"wpb_wrapper\"><div class=\"vc_row wpb_row vc_inner vc_row-fluid max_width\"><div class=\"wpb_column vc_column_container vc_col-sm-12 et-dark-column\"><div class=\"vc_column-inner\"><div class=\"wpb_wrapper\"><div class=\"vc_empty_space\"   style=\"height: 55px\"><span class=\"vc_empty_space_inner\"><\/span><\/div><h1 style=\"text-align: center\" class=\"vc_custom_heading vc_do_custom_heading mits-h1\" >Soluzioni di avvitatura e chiusura per tutti i tipi di tappi.<\/h1><div class=\"vc_empty_space  hide-mobile\"   style=\"height: 55px\"><span class=\"vc_empty_space_inner\"><\/span><\/div><div class=\"vc_empty_space  hide-desktop\"   style=\"height: 33px\"><span class=\"vc_empty_space_inner\"><\/span><\/div><\/div><\/div><\/div><\/div><div class=\"vc_row wpb_row vc_inner vc_row-fluid max_width align-center vc_row-o-content-middle vc_row-flex\"><div class=\"wpb_column vc_column_container vc_col-sm-6 et-dark-column\"><div class=\"vc_column-inner\"><div class=\"wpb_wrapper\">\n\t<div id=\"et-video-lightbox-69e93186e5077\" class=\"et-lightbox et-video-lightbox mfp-video lightbox-image icon-pulse icon-color-  medium animation bottom-to-top\" data-mfp-type=\"iframe\" data-mfp-src=\"https:\/\/www.youtube.com\/watch?v=VR19tyqoyi0\" >\n\t\t\t\t\t\n\t\t\t<img decoding=\"async\" src=\"https:\/\/mits-pack.it\/wp-content\/uploads\/2025\/10\/Vissage-photo.png\" alt=\"Vissage-photo\" \/>\n\t\t\t\t\n\t\t<div class=\"et-video-icon\">\n\t\t\t<svg xmlns=\"http:\/\/www.w3.org\/2000\/svg\" width=\"24\" height=\"24\" viewbox=\"0 0 24 24\" fill=\"none\" stroke=\"currentColor\" stroke-width=\"2\" stroke-linecap=\"round\" stroke-linejoin=\"round\" class=\"feather feather-play\"><polygon points=\"5 3 19 12 5 21 5 3\"><\/polygon><\/svg>\t\t<\/div>\n\n\t\t\t<\/div>\n\t<\/div><\/div><\/div><div class=\"wpb_column vc_column_container vc_col-sm-6 et-dark-column\"><div class=\"vc_column-inner\"><div class=\"wpb_wrapper\"><div class=\"vc_empty_space  hide-desktop\"   style=\"height: 33px\"><span class=\"vc_empty_space_inner\"><\/span><\/div>\n\t<div class=\"wpb_text_column wpb_content_element   vc_custom_1773852301591 caracteristiques\" >\n\t\t<div class=\"wpb_wrapper\">\n\t\t\t<p class=\"translation-block\">Le nostre macchine di avvitatura e chiusura assicurano l\u2019applicazione rapida, precisa e sicura di tappi su tutti i tipi di contenitori: bottiglie, flaconi, vasetti, taniche, tubetti e molto altro.\nGrazie alla loro progettazione flessibile, supportano un\u2019ampia variet\u00e0 di sistemi di chiusura:<\/p>\n<ul>\n<li>tappi a vite,<\/li>\n<li>tappi a pressione (a scatto),<\/li>\n<li>capsule dosatrici,<\/li>\n<li>pompe e nebulizzatori,<\/li>\n<li>tappi di sicurezza o antimanomissione (farmaceutico, alimentare),<\/li>\n<li>capsule a pressione o speciali.<\/li>\n<\/ul>\n<p class=\"translation-block\">Le nostre attrezzature si integrano facilmente alle vostre linee di confezionamento o funzionano come postazioni autonome, garantendo una chiusura omogenea, igienica e conforme agli standard GMP.<\/p>\n\n\t\t<\/div>\n\t<\/div>\n<div class=\"vc_empty_space  hide-desktop\"   style=\"height: 33px\"><span class=\"vc_empty_space_inner\"><\/span><\/div><div class=\"vc_empty_space\"   style=\"height: 33px\"><span class=\"vc_empty_space_inner\"><\/span><\/div>\t\t<div id=\"et-button-69e93186e57dd\" class=\"et_btn_align_center\">\n\t\t\t<a href=\"https:\/\/mits-pack.it\/it\/contact\/\" class=\"et_btn button et_btn_md solid color-\"  role=\"button\" title=\"\" ><span>Richiedi maggiori informazioni<\/span><\/a>\n\t\t<\/div>\n\t\t\n\t<\/div><\/div><\/div><\/div><div class=\"vc_row wpb_row vc_inner vc_row-fluid max_width\"><div class=\"wpb_column vc_column_container vc_col-sm-3 et-dark-column\"><div class=\"vc_column-inner\"><div class=\"wpb_wrapper\"><\/div><\/div><\/div><div class=\"wpb_column vc_column_container vc_col-sm-3 et-dark-column\"><div class=\"vc_column-inner\"><div class=\"wpb_wrapper\"><\/div><\/div><\/div><\/div><\/div><\/div><\/div><\/div><\/div><div  class=\"sec_row container\"><div class=\"vc_row wpb_row vc_row-fluid no-padding\"><div class=\"large-pic wpb_column vc_column_container vc_col-sm-12 et-dark-column\"><div class=\"vc_column-inner\"><div class=\"wpb_wrapper\"><div class=\"vc_row wpb_row vc_inner vc_row-fluid max_width align-center vc_row-o-content-middle vc_row-flex\"><div class=\"caracteristiques wpb_column vc_column_container vc_col-sm-6 et-dark-column\"><div class=\"vc_column-inner\"><div class=\"wpb_wrapper\"><h2 style=\"text-align: left\" class=\"vc_custom_heading vc_do_custom_heading mits-h2-2\" >Prestazioni e funzionalit\u00e0 principali<\/h2><div class=\"vc_empty_space\"   style=\"height: 9px\"><span class=\"vc_empty_space_inner\"><\/span><\/div>\n\t<div class=\"wpb_text_column wpb_content_element   vc_custom_1756749775284 caracteristiques\" >\n\t\t<div class=\"wpb_wrapper\">\n\t\t\t<ul>\n<li class=\"translation-block\">Compatibilit\u00e0 totale: gestione di tutti i tipi e formati di tappi (plastica, metallo, a vite, a pressione).<\/li>\n<li class=\"translation-block\">Precisione della coppia di serraggio: avvitatura regolare ed ermetica, senza danneggiare n\u00e9 il tappo n\u00e9 il contenitore.<\/li>\n<li class=\"translation-block\">Automazione completa: alimentazione automatica dei tappi, avvitatura\/chiusura e scarto dei prodotti non conformi.<\/li>\n<li class=\"translation-block\">Sensori intelligenti: rilevamento di presenza, corretto posizionamento e controllo della coppia applicata.<\/li>\n<li class=\"translation-block\">Igiene e conformit\u00e0: costruzione in acciaio inox SUS304\/316L, facile pulizia e rispetto degli standard GMP.<\/li>\n<li class=\"translation-block\">Flessibilit\u00e0: cambio formato rapido grazie a sistemi di attrezzaggio intercambiabili.<\/li>\n<li class=\"translation-block\">Moduli opzionali: integrazione con riempitrici, etichettatrici e linee complete di confezionamento.<\/li>\n<\/ul>\n\n\t\t<\/div>\n\t<\/div>\n<div class=\"vc_empty_space  hide-desktop\"   style=\"height: 33px\"><span class=\"vc_empty_space_inner\"><\/span><\/div><\/div><\/div><\/div><div class=\"wpb_column vc_column_container vc_col-sm-6 et-dark-column\"><div class=\"vc_column-inner\"><div class=\"wpb_wrapper\">\n\t<div  class=\"wpb_single_image wpb_content_element vc_align_left wpb_content_element vc_custom_1759485575903\">\n\t\t\n\t\t<figure class=\"wpb_wrapper vc_figure\">\n\t\t\t<div class=\"vc_single_image-wrapper   vc_box_border_grey\"><img decoding=\"async\" class=\"vc_single_image-img\" src=\"https:\/\/mits-pack.it\/wp-content\/uploads\/2025\/10\/Vissage_1.png\" width=\"768\" height=\"705\" alt=\"Vissage_1\" title=\"Avvitamento_1\" loading=\"lazy\" \/><\/div>\n\t\t<\/figure>\n\t<\/div>\n<\/div><\/div><\/div><\/div><div class=\"vc_empty_space\"   style=\"height: 55px\"><span class=\"vc_empty_space_inner\"><\/span><\/div><div class=\"vc_row wpb_row vc_inner vc_row-fluid max_width align-center avantages vc_row-o-content-middle vc_row-flex\"><div class=\"wpb_column vc_column_container vc_col-sm-6 et-dark-column\"><div class=\"vc_column-inner\"><div class=\"wpb_wrapper\">\n\t<div  class=\"wpb_single_image wpb_content_element vc_align_left wpb_content_element vc_custom_1759485606566\">\n\t\t\n\t\t<figure class=\"wpb_wrapper vc_figure\">\n\t\t\t<div class=\"vc_single_image-wrapper   vc_box_border_grey\"><img decoding=\"async\" class=\"vc_single_image-img\" src=\"https:\/\/mits-pack.it\/wp-content\/uploads\/2025\/10\/Liquide_2-1024x900.jpg\" width=\"1024\" height=\"900\" alt=\"Liquide_2\" title=\"Liquido_2\" loading=\"lazy\" \/><\/div>\n\t\t<\/figure>\n\t<\/div>\n<\/div><\/div><\/div><div class=\"wpb_column vc_column_container vc_col-sm-6 et-dark-column\"><div class=\"vc_column-inner\"><div class=\"wpb_wrapper\"><div class=\"vc_empty_space  hide-desktop\"   style=\"height: 33px\"><span class=\"vc_empty_space_inner\"><\/span><\/div><h2 style=\"text-align: left\" class=\"vc_custom_heading vc_do_custom_heading mits-h2\" >Applicazioni per settore<\/h2><div class=\"vc_empty_space\"   style=\"height: 9px\"><span class=\"vc_empty_space_inner\"><\/span><\/div>\n\t<div class=\"wpb_text_column wpb_content_element   vc_custom_1756750064555\" >\n\t\t<div class=\"wpb_wrapper\">\n\t\t\t<ul>\n<li class=\"translation-block\">Agroalimentare: bottiglie di succhi, oli, salse, condimenti.<\/li>\n<li class=\"translation-block\">Farmaceutico: sciroppi, flaconi contagocce, barattoli per pillole, prodotti sterili.<\/li>\n<li class=\"translation-block\">Cosmetico e cura personale: profumi, lozioni, shampoo, creme, prodotti per capelli.<\/li>\n<li class=\"translation-block\">Prodotti domestici e chimici: detergenti, disinfettanti, solventi, taniche.<\/li>\n<li class=\"translation-block\">Bevande e alcolici: bottiglie con tappo a vite, capsule di sicurezza.<\/li>\n<li class=\"translation-block\">Industria: contenitori tecnici, lubrificanti, prodotti speciali.<\/li>\n<\/ul>\n\n\t\t<\/div>\n\t<\/div>\n<div class=\"vc_empty_space  hide-desktop\"   style=\"height: 33px\"><span class=\"vc_empty_space_inner\"><\/span><\/div><\/div><\/div><\/div><\/div><div class=\"vc_empty_space\"   style=\"height: 55px\"><span class=\"vc_empty_space_inner\"><\/span><\/div><\/div><\/div><\/div><\/div><\/div><div  class=\"sec_row container-fluid\"><div class=\"vc_row wpb_row vc_row-fluid no-padding align-center vc_custom_1756744040306 vc_row-has-fill vc_row-o-content-middle vc_row-flex\"><div class=\"wpb_column vc_column_container vc_col-sm-12 et-dark-column\"><div class=\"vc_column-inner\"><div class=\"wpb_wrapper\"><div class=\"vc_empty_space\"   style=\"height: 55px\"><span class=\"vc_empty_space_inner\"><\/span><\/div><div class=\"vc_row wpb_row vc_inner vc_row-fluid max_width align-center vc_row-o-content-middle vc_row-flex\"><div class=\"wpb_column vc_column_container vc_col-sm-6 et-dark-column\"><div class=\"vc_column-inner\"><div class=\"wpb_wrapper\">\n\t<div  class=\"wpb_single_image wpb_content_element vc_align_left wpb_content_element vc_custom_1759505689067\">\n\t\t\n\t\t<figure class=\"wpb_wrapper vc_figure\">\n\t\t\t<div class=\"vc_single_image-wrapper   vc_box_border_grey\"><img decoding=\"async\" class=\"vc_single_image-img\" src=\"https:\/\/mits-pack.it\/wp-content\/uploads\/2025\/10\/Vissage_3-1024x900.png\" width=\"1024\" height=\"900\" alt=\"Vissage_3\" title=\"Vissage_3\" loading=\"lazy\" \/><\/div>\n\t\t<\/figure>\n\t<\/div>\n<\/div><\/div><\/div><div class=\"wpb_column vc_column_container vc_col-sm-6 et-dark-column\"><div class=\"vc_column-inner\"><div class=\"wpb_wrapper\"><div class=\"vc_empty_space  hide-desktop\"   style=\"height: 33px\"><span class=\"vc_empty_space_inner\"><\/span><\/div><h2 style=\"text-align: left\" class=\"vc_custom_heading vc_do_custom_heading mits-h2\" >Perch\u00e9 scegliere le nostre soluzioni di avvitatura?<\/h2><div class=\"vc_empty_space\"   style=\"height: 9px\"><span class=\"vc_empty_space_inner\"><\/span><\/div>\n\t<div class=\"wpb_text_column wpb_content_element   vc_custom_1756750188566 caracteristiques\" >\n\t\t<div class=\"wpb_wrapper\">\n\t\t\t<ul>\n<li class=\"translation-block\">Affidabilit\u00e0: ogni tappo viene applicato con precisione e sicurezza.<\/li>\n<li class=\"translation-block\">Polivalenza: una sola macchina pu\u00f2 gestire diversi formati e tipi di tappi.<\/li>\n<li class=\"translation-block\">Produttivit\u00e0: alta velocit\u00e0, automazione completa e riduzione degli errori.<\/li>\n<li class=\"translation-block\">Sicurezza del prodotto: rilevamento automatico delle chiusure non corrette.<\/li>\n<li class=\"translation-block\">Conformit\u00e0 GMP: acciaio inox, igiene e tracciabilit\u00e0 garantite.<\/li>\n<li class=\"translation-block\">Assistenza completa: installazione, messa in servizio, formazione e supporto tecnico.<\/li>\n<\/ul>\n\n\t\t<\/div>\n\t<\/div>\n<div class=\"vc_empty_space\"   style=\"height: 13px\"><span class=\"vc_empty_space_inner\"><\/span><\/div>\t\t<div id=\"et-button-69e93188e8b8a\" class=\"et_btn_align_left\">\n\t\t\t<a href=\"https:\/\/mits-pack.it\/it\/demander-un-devis\/\" class=\"et_btn button et_btn_md solid color-\"  role=\"button\" title=\"Richiedi un preventivo\" ><span>Richiedi un preventivo<\/span><\/a>\n\t\t<\/div>\n\t\t\n\t<\/div><\/div><\/div><\/div><div class=\"vc_empty_space\"   style=\"height: 55px\"><span class=\"vc_empty_space_inner\"><\/span><\/div><\/div><\/div><\/div><\/div><\/div><div  class=\"sec_row container\"><div class=\"vc_row wpb_row vc_row-fluid\"><div class=\"wpb_column vc_column_container vc_col-sm-12 et-dark-column\"><div class=\"vc_column-inner\"><div class=\"wpb_wrapper\"><div class=\"vc_empty_space\"   style=\"height: 55px\"><span class=\"vc_empty_space_inner\"><\/span><\/div><h2 style=\"text-align: center\" class=\"vc_custom_heading vc_do_custom_heading mits-h2\" >FAQ \u2013 Macchine di avvitatura e chiusura<\/h2><div class=\"vc_empty_space\"   style=\"height: 33px\"><span class=\"vc_empty_space_inner\"><\/span><\/div><div  class=\"vc_do_toggle vc_toggle vc_toggle_default vc_toggle_color_default  vc_toggle_size_md vc_toggle_active\"><div class=\"vc_toggle_title\"><h4>Quali tipi di tappi possono essere trattati?<\/h4><i class=\"vc_toggle_icon\"><\/i><\/div><div class=\"vc_toggle_content\"><p class=\"translation-block\">Le nostre macchine gestiscono: tappi a vite, tappi a pressione (snap-on), capsule dosatrici, pompe, nebulizzatori, pipette, tappi di sicurezza e capsule speciali.<\/p>\n<\/div><\/div><div  class=\"vc_do_toggle vc_toggle vc_toggle_default vc_toggle_color_default  vc_toggle_size_md\"><div class=\"vc_toggle_title\"><h4>Come garantire una chiusura uniforme?<\/h4><i class=\"vc_toggle_icon\"><\/i><\/div><div class=\"vc_toggle_content\"><p class=\"translation-block\">Le attrezzature integrano sistemi di controllo della coppia e sensori di posizionamento per assicurare un\u2019avvitatura costante e conforme agli standard.<\/p>\n<\/div><\/div><div  class=\"vc_do_toggle vc_toggle vc_toggle_default vc_toggle_color_default  vc_toggle_size_md\"><div class=\"vc_toggle_title\"><h4>Le vostre macchine sono compatibili con linee esistenti?<\/h4><i class=\"vc_toggle_icon\"><\/i><\/div><div class=\"vc_toggle_content\"><p class=\"translation-block\">S\u00ec, possono funzionare come postazioni autonome oppure essere integrate in linee complete di confezionamento (riempimento + tappatura + etichettatura).<\/p>\n<\/div><\/div><div  class=\"vc_do_toggle vc_toggle vc_toggle_default vc_toggle_color_default  vc_toggle_size_md\"><div class=\"vc_toggle_title\"><h4>\u00c8 possibile cambiare rapidamente formato di tappo?<\/h4><i class=\"vc_toggle_icon\"><\/i><\/div><div class=\"vc_toggle_content\"><p class=\"translation-block\">S\u00ec, grazie ad attrezzature intercambiabili, il passaggio da un formato all\u2019altro \u00e8 semplice e rapido.<\/p>\n<\/div><\/div><div  class=\"vc_do_toggle vc_toggle vc_toggle_default vc_toggle_color_default  vc_toggle_size_md\"><div class=\"vc_toggle_title\"><h4>Fornite installazione e formazione?<\/h4><i class=\"vc_toggle_icon\"><\/i><\/div><div class=\"vc_toggle_content\"><p class=\"translation-block\">S\u00ec, i nostri esperti si occupano dell\u2019installazione in loco, della messa in servizio, della formazione degli operatori e dell\u2019assistenza tecnica.<\/p>\n<\/div><\/div><div class=\"vc_empty_space\"   style=\"height: 55px\"><span class=\"vc_empty_space_inner\"><\/span><\/div><\/div><\/div><\/div><\/div><\/div><div id=\"contact-banner\" class=\"sec_row container-fluid\"><div class=\"vc_row wpb_row vc_row-fluid no-padding vc_custom_1748611716768 vc_row-has-fill\"><div class=\"wpb_column vc_column_container vc_col-sm-2 et-dark-column\"><div class=\"vc_column-inner  vc_custom_1679921854256\"><div class=\"wpb_wrapper\"><\/div><\/div><\/div><div class=\"wpb_column vc_column_container vc_col-sm-8 et-dark-column\"><div class=\"vc_column-inner  vc_custom_1680263875816\"><div class=\"wpb_wrapper\"><div class=\"vc_row wpb_row vc_inner vc_row-fluid max_width\"><div class=\"text-center wpb_column vc_column_container vc_col-sm-12 et-dark-column\"><div class=\"vc_column-inner  vc_custom_1678278908258\"><div class=\"wpb_wrapper\"><div class=\"vc_empty_space\"   style=\"height: 90px\"><span class=\"vc_empty_space_inner\"><\/span><\/div><h2 style=\"color: #0E1851;text-align: center\" class=\"vc_custom_heading vc_do_custom_heading heading-solystic vc_custom_1756741566076\" >Passa all\u2019azione<\/h2><p style=\"font-size: 21px;color: #0E1851;line-height: 1.4;text-align: center\" class=\"vc_custom_heading vc_do_custom_heading vc_custom_1756750520484\" >Cerchi una soluzione di avvitatura e chiusura affidabile, veloce e adattabile a tutti i tipi di tappi?\nI nostri specialisti ti accompagneranno nella scelta della macchina pi\u00f9 adatta ai tuoi prodotti e ai tuoi ritmi di produzione.<\/p>\t\t<div id=\"et-button-69e93188ea02c\" class=\"et_btn_align_left\">\n\t\t\t<a href=\"https:\/\/mits-pack.it\/it\/demander-un-devis\/\" class=\"et_btn button et_btn_md solid color-\"  role=\"button\" title=\"Contatti\" ><span>Richiedi un preventivo personalizzato<\/span><\/a>\n\t\t<\/div>\n\t\t\n\t<div class=\"vc_empty_space\"   style=\"height: 11px\"><span class=\"vc_empty_space_inner\"><\/span><\/div><div class=\"vc_empty_space\"   style=\"height: 90px\"><span class=\"vc_empty_space_inner\"><\/span><\/div><\/div><\/div><\/div><\/div><\/div><\/div><\/div><div class=\"wpb_column vc_column_container vc_col-sm-2 et-dark-column\"><div class=\"vc_column-inner\"><div class=\"wpb_wrapper\"><\/div><\/div><\/div><\/div><\/div>\n<\/div>","protected":false},"excerpt":{"rendered":"Solutions de vissage et de fermeture pour tous types de bouchons Nos machines de vissage et de fermeture assurent la pose rapide, pr\u00e9cise et s\u00e9curis\u00e9e de bouchons sur tous types de contenants : bouteilles, flacons, pots, bidons, tubes et bien plus. Gr\u00e2ce \u00e0 leur conception flexible, elles prennent en charge [...]","protected":false},"author":1,"featured_media":0,"parent":0,"menu_order":0,"comment_status":"closed","ping_status":"closed","template":"","meta":{"_acf_changed":false,"inline_featured_image":false,"footnotes":""},"class_list":["post-522","page","type-page","status-publish","hentry"],"acf":[],"yoast_head":"<!-- This site is optimized with the Yoast SEO plugin v27.0 - https:\/\/yoast.com\/product\/yoast-seo-wordpress\/ -->\n<title>Solutions de vissage et fermeture bouchons | MITS PACK<\/title>\n<meta name=\"description\" content=\"Nos machines de vissage et de fermeture assurent la pose rapide, pr\u00e9cise et s\u00e9curis\u00e9e de bouchons sur tous types de contenants : bouteilles, flacons, pots, bidons, tubes et bien plus.\" \/>\n<meta name=\"robots\" content=\"index, follow, max-snippet:-1, max-image-preview:large, max-video-preview:-1\" \/>\n<link rel=\"canonical\" href=\"https:\/\/mits-pack.it\/it\/vissage\/\" \/>\n<meta property=\"og:locale\" content=\"it_IT\" \/>\n<meta property=\"og:type\" content=\"article\" \/>\n<meta property=\"og:title\" content=\"Solutions de vissage et fermeture bouchons | MITS PACK\" \/>\n<meta property=\"og:description\" content=\"Nos machines de vissage et de fermeture assurent la pose rapide, pr\u00e9cise et s\u00e9curis\u00e9e de bouchons sur tous types de contenants : bouteilles, flacons, pots, bidons, tubes et bien plus.\" \/>\n<meta property=\"og:url\" content=\"https:\/\/mits-pack.it\/it\/vissage\/\" \/>\n<meta property=\"og:site_name\" content=\"MITS PACK\" \/>\n<meta property=\"article:modified_time\" content=\"2026-03-18T16:45:06+00:00\" \/>\n<meta name=\"twitter:card\" content=\"summary_large_image\" \/>\n<meta name=\"twitter:label1\" content=\"Tempo di lettura stimato\" \/>\n\t<meta name=\"twitter:data1\" content=\"5 minuti\" \/>\n<script type=\"application\/ld+json\" class=\"yoast-schema-graph\">{\"@context\":\"https:\/\/schema.org\",\"@graph\":[{\"@type\":\"WebPage\",\"@id\":\"https:\/\/mits-pack.it\/vissage\/\",\"url\":\"https:\/\/mits-pack.it\/vissage\/\",\"name\":\"Solutions de vissage et fermeture bouchons | MITS PACK\",\"isPartOf\":{\"@id\":\"https:\/\/mits-pack.it\/#website\"},\"datePublished\":\"2025-09-01T18:36:32+00:00\",\"dateModified\":\"2026-03-18T16:45:06+00:00\",\"description\":\"Nos machines de vissage et de fermeture assurent la pose rapide, pr\u00e9cise et s\u00e9curis\u00e9e de bouchons sur tous types de contenants : bouteilles, flacons, pots, bidons, tubes et bien plus.\",\"breadcrumb\":{\"@id\":\"https:\/\/mits-pack.it\/vissage\/#breadcrumb\"},\"inLanguage\":\"it-IT\",\"potentialAction\":[{\"@type\":\"ReadAction\",\"target\":[\"https:\/\/mits-pack.it\/vissage\/\"]}]},{\"@type\":\"BreadcrumbList\",\"@id\":\"https:\/\/mits-pack.it\/vissage\/#breadcrumb\",\"itemListElement\":[{\"@type\":\"ListItem\",\"position\":1,\"name\":\"Accueil\",\"item\":\"https:\/\/mits-pack.it\/\"},{\"@type\":\"ListItem\",\"position\":2,\"name\":\"Vissage\"}]},{\"@type\":\"WebSite\",\"@id\":\"https:\/\/mits-pack.it\/#website\",\"url\":\"https:\/\/mits-pack.it\/\",\"name\":\"MITS PACK\",\"description\":\"\",\"potentialAction\":[{\"@type\":\"SearchAction\",\"target\":{\"@type\":\"EntryPoint\",\"urlTemplate\":\"https:\/\/mits-pack.it\/?s={search_term_string}\"},\"query-input\":{\"@type\":\"PropertyValueSpecification\",\"valueRequired\":true,\"valueName\":\"search_term_string\"}}],\"inLanguage\":\"it-IT\"}]}<\/script>\n<!-- \/ Yoast SEO plugin. -->","yoast_head_json":{"title":"Solutions de vissage et fermeture bouchons | MITS PACK","description":"Nos machines de vissage et de fermeture assurent la pose rapide, pr\u00e9cise et s\u00e9curis\u00e9e de bouchons sur tous types de contenants : bouteilles, flacons, pots, bidons, tubes et bien plus.","robots":{"index":"index","follow":"follow","max-snippet":"max-snippet:-1","max-image-preview":"max-image-preview:large","max-video-preview":"max-video-preview:-1"},"canonical":"https:\/\/mits-pack.it\/it\/vissage\/","og_locale":"it_IT","og_type":"article","og_title":"Solutions de vissage et fermeture bouchons | MITS PACK","og_description":"Nos machines de vissage et de fermeture assurent la pose rapide, pr\u00e9cise et s\u00e9curis\u00e9e de bouchons sur tous types de contenants : bouteilles, flacons, pots, bidons, tubes et bien plus.","og_url":"https:\/\/mits-pack.it\/it\/vissage\/","og_site_name":"MITS PACK","article_modified_time":"2026-03-18T16:45:06+00:00","twitter_card":"summary_large_image","twitter_misc":{"Tempo di lettura stimato":"5 minuti"},"schema":{"@context":"https:\/\/schema.org","@graph":[{"@type":"WebPage","@id":"https:\/\/mits-pack.it\/vissage\/","url":"https:\/\/mits-pack.it\/vissage\/","name":"Solutions de vissage et fermeture bouchons | MITS PACK","isPartOf":{"@id":"https:\/\/mits-pack.it\/#website"},"datePublished":"2025-09-01T18:36:32+00:00","dateModified":"2026-03-18T16:45:06+00:00","description":"Nos machines de vissage et de fermeture assurent la pose rapide, pr\u00e9cise et s\u00e9curis\u00e9e de bouchons sur tous types de contenants : bouteilles, flacons, pots, bidons, tubes et bien plus.","breadcrumb":{"@id":"https:\/\/mits-pack.it\/vissage\/#breadcrumb"},"inLanguage":"it-IT","potentialAction":[{"@type":"ReadAction","target":["https:\/\/mits-pack.it\/vissage\/"]}]},{"@type":"BreadcrumbList","@id":"https:\/\/mits-pack.it\/vissage\/#breadcrumb","itemListElement":[{"@type":"ListItem","position":1,"name":"Accueil","item":"https:\/\/mits-pack.it\/"},{"@type":"ListItem","position":2,"name":"Vissage"}]},{"@type":"WebSite","@id":"https:\/\/mits-pack.it\/#website","url":"https:\/\/mits-pack.it\/","name":"MITS PACK","description":"","potentialAction":[{"@type":"SearchAction","target":{"@type":"EntryPoint","urlTemplate":"https:\/\/mits-pack.it\/?s={search_term_string}"},"query-input":{"@type":"PropertyValueSpecification","valueRequired":true,"valueName":"search_term_string"}}],"inLanguage":"it-IT"}]}},"_links":{"self":[{"href":"https:\/\/mits-pack.it\/it\/wp-json\/wp\/v2\/pages\/522","targetHints":{"allow":["GET"]}}],"collection":[{"href":"https:\/\/mits-pack.it\/it\/wp-json\/wp\/v2\/pages"}],"about":[{"href":"https:\/\/mits-pack.it\/it\/wp-json\/wp\/v2\/types\/page"}],"author":[{"embeddable":true,"href":"https:\/\/mits-pack.it\/it\/wp-json\/wp\/v2\/users\/1"}],"replies":[{"embeddable":true,"href":"https:\/\/mits-pack.it\/it\/wp-json\/wp\/v2\/comments?post=522"}],"version-history":[{"count":24,"href":"https:\/\/mits-pack.it\/it\/wp-json\/wp\/v2\/pages\/522\/revisions"}],"predecessor-version":[{"id":1162,"href":"https:\/\/mits-pack.it\/it\/wp-json\/wp\/v2\/pages\/522\/revisions\/1162"}],"wp:attachment":[{"href":"https:\/\/mits-pack.it\/it\/wp-json\/wp\/v2\/media?parent=522"}],"curies":[{"name":"wp","href":"https:\/\/api.w.org\/{rel}","templated":true}]}}