{"id":544,"date":"2025-09-01T21:06:55","date_gmt":"2025-09-01T19:06:55","guid":{"rendered":"https:\/\/mits-pack.it\/?page_id=544"},"modified":"2025-11-05T12:31:57","modified_gmt":"2025-11-05T11:31:57","slug":"carton","status":"publish","type":"page","link":"https:\/\/mits-pack.it\/it\/carton\/","title":{"rendered":"Cartoni"},"content":{"rendered":"<div class=\"wpb-content-wrapper\"><div  class=\"sec_row container\"><div class=\"vc_row wpb_row vc_row-fluid no-padding\"><div class=\"large-pic wpb_column vc_column_container vc_col-sm-12 et-dark-column\"><div class=\"vc_column-inner\"><div class=\"wpb_wrapper\"><div class=\"vc_row wpb_row vc_inner vc_row-fluid max_width\"><div class=\"wpb_column vc_column_container vc_col-sm-12 et-dark-column\"><div class=\"vc_column-inner\"><div class=\"wpb_wrapper\"><div class=\"vc_empty_space\"   style=\"height: 55px\"><span class=\"vc_empty_space_inner\"><\/span><\/div><h1 style=\"text-align: center\" class=\"vc_custom_heading vc_do_custom_heading mits-h1\" >Attrezzature industriali per l\u2019imballaggio e l\u2019astucciamento \u2013 efficienza e affidabilit\u00e0<\/h1><div class=\"vc_empty_space  hide-mobile\"   style=\"height: 55px\"><span class=\"vc_empty_space_inner\"><\/span><\/div><div class=\"vc_empty_space  hide-desktop\"   style=\"height: 33px\"><span class=\"vc_empty_space_inner\"><\/span><\/div><\/div><\/div><\/div><\/div><div class=\"vc_row wpb_row vc_inner vc_row-fluid max_width align-center vc_row-o-content-middle vc_row-flex\"><div class=\"wpb_column vc_column_container vc_col-sm-6 et-dark-column\"><div class=\"vc_column-inner\"><div class=\"wpb_wrapper\">\n\t<div id=\"et-video-lightbox-69e93091c0726\" class=\"et-lightbox et-video-lightbox mfp-video lightbox-image icon-pulse icon-color-  medium animation bottom-to-top\" data-mfp-type=\"iframe\" data-mfp-src=\"https:\/\/www.youtube.com\/watch?v=cl64tG8ri04\" >\n\t\t\t\t\t\n\t\t\t<img decoding=\"async\" src=\"https:\/\/mits-pack.it\/wp-content\/uploads\/2025\/10\/Etuyeuse-photo.png\" alt=\"Etuyeuse-photo\" \/>\n\t\t\t\t\n\t\t<div class=\"et-video-icon\">\n\t\t\t<svg xmlns=\"http:\/\/www.w3.org\/2000\/svg\" width=\"24\" height=\"24\" viewbox=\"0 0 24 24\" fill=\"none\" stroke=\"currentColor\" stroke-width=\"2\" stroke-linecap=\"round\" stroke-linejoin=\"round\" class=\"feather feather-play\"><polygon points=\"5 3 19 12 5 21 5 3\"><\/polygon><\/svg>\t\t<\/div>\n\n\t\t\t<\/div>\n\t<\/div><\/div><\/div><div class=\"wpb_column vc_column_container vc_col-sm-6 et-dark-column\"><div class=\"vc_column-inner\"><div class=\"wpb_wrapper\"><div class=\"vc_empty_space  hide-desktop\"   style=\"height: 33px\"><span class=\"vc_empty_space_inner\"><\/span><\/div>\n\t<div class=\"wpb_text_column wpb_content_element   vc_custom_1756753128231 caracteristiques\" >\n\t\t<div class=\"wpb_wrapper\">\n\t\t\t<p class=\"translation-block\">Le nostre attrezzature per l\u2019astucciamento e l\u2019imballaggio consentono di inserire automaticamente i prodotti in cartoni, scatole o contenitori, garantendo il confezionamento finale preciso e sicuro.<\/p>\n<p class=\"translation-block\">Grazie a soluzioni semi-automatiche o completamente automatiche, vi aiutiamo ad aumentare la produttivit\u00e0, ridurre i costi di manodopera e assicurare un imballaggio uniforme e conforme agli standard GMP.<\/p>\n\n\t\t<\/div>\n\t<\/div>\n<div class=\"vc_empty_space  hide-desktop\"   style=\"height: 33px\"><span class=\"vc_empty_space_inner\"><\/span><\/div><div class=\"vc_empty_space\"   style=\"height: 33px\"><span class=\"vc_empty_space_inner\"><\/span><\/div>\t\t<div id=\"et-button-69e93091c114d\" class=\"et_btn_align_center\">\n\t\t\t<a href=\"https:\/\/mits-pack.it\/it\/contact\/\" class=\"et_btn button et_btn_md solid color-\"  role=\"button\" title=\"\" ><span>Richiedi maggiori informazioni<\/span><\/a>\n\t\t<\/div>\n\t\t\n\t<\/div><\/div><\/div><\/div><div class=\"vc_empty_space\"   style=\"height: 55px\"><span class=\"vc_empty_space_inner\"><\/span><\/div><\/div><\/div><\/div><\/div><\/div><div  class=\"sec_row container\"><div class=\"vc_row wpb_row vc_row-fluid no-padding\"><div class=\"large-pic wpb_column vc_column_container vc_col-sm-12 et-dark-column\"><div class=\"vc_column-inner\"><div class=\"wpb_wrapper\"><div class=\"vc_row wpb_row vc_inner vc_row-fluid max_width align-center vc_row-o-content-middle vc_row-flex\"><div class=\"caracteristiques wpb_column vc_column_container vc_col-sm-6 et-dark-column\"><div class=\"vc_column-inner\"><div class=\"wpb_wrapper\"><h2 style=\"text-align: left\" class=\"vc_custom_heading vc_do_custom_heading mits-h2-2\" >Prestazioni e funzionalit\u00e0 principali<\/h2><div class=\"vc_empty_space\"   style=\"height: 9px\"><span class=\"vc_empty_space_inner\"><\/span><\/div>\n\t<div class=\"wpb_text_column wpb_content_element   vc_custom_1760616474312 caracteristiques\" >\n\t\t<div class=\"wpb_wrapper\">\n\t\t\t<ul>\n<li class=\"translation-block\">Alta affidabilit\u00e0: integrazione delle pi\u00f9 recenti tecnologie per una produzione stabile, continua e precisa.<\/li>\n<li class=\"translation-block\">Polivalenza: adattamento a tutte le forme e dimensioni dei prodotti.<\/li>\n<li class=\"translation-block\">Automazione avanzata: controllo PLC, regolazione della velocit\u00e0, funzioni di diagnostica automatica e conteggio integrato.<\/li>\n<li class=\"translation-block\">Manutenzione semplificata: struttura in acciaio inox SUS304, conforme agli standard GMP, facile da pulire e mantenere.<\/li>\n<li><strong>Ampia scelta di modelli:<\/strong> :\n<ul>\n<li>Astucciatrici e incartonatrici semi-automatiche e automatiche<\/li>\n<li>Incartonatrici verticali e a ciclo continuo<\/li>\n<li>Formatrici e chiuditrici di cartoni semi-automatiche e automatiche<\/li>\n<li>Incartonatrici \/ Astucciatrici<\/li>\n<li>Soluzioni complementari: confezionamento tridimensionale sotto film trasparente.<\/li>\n<\/ul>\n<\/li>\n<li class=\"translation-block\">Soluzioni personalizzate: progettazione su misura per rispondere alle esigenze specifiche dei vostri prodotti e del vostro mercato.<\/li>\n<\/ul>\n\n\t\t<\/div>\n\t<\/div>\n<div class=\"vc_empty_space  hide-desktop\"   style=\"height: 33px\"><span class=\"vc_empty_space_inner\"><\/span><\/div><\/div><\/div><\/div><div class=\"wpb_column vc_column_container vc_col-sm-6 et-dark-column\"><div class=\"vc_column-inner\"><div class=\"wpb_wrapper\">\n\t<div  class=\"wpb_single_image wpb_content_element vc_align_left wpb_content_element vc_custom_1759506522405\">\n\t\t\n\t\t<figure class=\"wpb_wrapper vc_figure\">\n\t\t\t<div class=\"vc_single_image-wrapper   vc_box_border_grey\"><img decoding=\"async\" class=\"vc_single_image-img\" src=\"https:\/\/mits-pack.it\/wp-content\/uploads\/2025\/10\/Carton_Ita.png\" width=\"1140\" height=\"900\" alt=\"carton_3\" title=\"cartone_3\" loading=\"lazy\" \/><\/div>\n\t\t<\/figure>\n\t<\/div>\n<\/div><\/div><\/div><\/div><div class=\"vc_empty_space\"   style=\"height: 55px\"><span class=\"vc_empty_space_inner\"><\/span><\/div><div class=\"vc_row wpb_row vc_inner vc_row-fluid max_width align-center avantages vc_row-o-content-middle vc_row-flex\"><div class=\"wpb_column vc_column_container vc_col-sm-6 et-dark-column\"><div class=\"vc_column-inner\"><div class=\"wpb_wrapper\">\n\t<div  class=\"wpb_single_image wpb_content_element vc_align_left wpb_content_element vc_custom_1759312461643\">\n\t\t\n\t\t<figure class=\"wpb_wrapper vc_figure\">\n\t\t\t<div class=\"vc_single_image-wrapper   vc_box_border_grey\"><img decoding=\"async\" class=\"vc_single_image-img\" src=\"https:\/\/mits-pack.it\/wp-content\/uploads\/2025\/10\/Carton_2-952x900.jpg\" width=\"952\" height=\"900\" alt=\"Carton_2\" title=\"Cartone_2\" loading=\"lazy\" \/><\/div>\n\t\t<\/figure>\n\t<\/div>\n<\/div><\/div><\/div><div class=\"wpb_column vc_column_container vc_col-sm-6 et-dark-column\"><div class=\"vc_column-inner\"><div class=\"wpb_wrapper\"><div class=\"vc_empty_space  hide-desktop\"   style=\"height: 33px\"><span class=\"vc_empty_space_inner\"><\/span><\/div><h2 style=\"text-align: left\" class=\"vc_custom_heading vc_do_custom_heading mits-h2\" >Applicazioni per settore<\/h2><div class=\"vc_empty_space\"   style=\"height: 9px\"><span class=\"vc_empty_space_inner\"><\/span><\/div>\n\t<div class=\"wpb_text_column wpb_content_element   vc_custom_1756753297633\" >\n\t\t<div class=\"wpb_wrapper\">\n\t\t\t<ul>\n<li class=\"translation-block\">Industria farmaceutica: compresse, capsule, iniettabili, dispositivi e materiali sanitari.<\/li>\n<li class=\"translation-block\">Agroalimentare: cioccolatini, biscotti, prodotti da forno, bevande, salse.<\/li>\n<li class=\"translation-block\">Cosmetici e cura personale: creme, lozioni, prodotti per capelli, cofanetti e set di bellezza.<\/li>\n<li class=\"translation-block\">Prodotti per la pulizia: detergenti, agenti pulenti, saponi.<\/li>\n<li class=\"translation-block\">Giochi ed elettronica: giocattoli, gadget, componenti elettronici.<\/li>\n<li class=\"translation-block\">Industria e componenti meccanici: parti industriali, componenti automobilistici.<\/li>\n<li class=\"translation-block\">Forniture per ufficio: cancelleria, articoli scolastici e per ufficio.<\/li>\n<\/ul>\n\n\t\t<\/div>\n\t<\/div>\n<div class=\"vc_empty_space  hide-desktop\"   style=\"height: 33px\"><span class=\"vc_empty_space_inner\"><\/span><\/div><\/div><\/div><\/div><\/div><div class=\"vc_empty_space\"   style=\"height: 55px\"><span class=\"vc_empty_space_inner\"><\/span><\/div><\/div><\/div><\/div><\/div><\/div><div  class=\"sec_row container-fluid\"><div class=\"vc_row wpb_row vc_row-fluid no-padding align-center vc_custom_1756744040306 vc_row-has-fill vc_row-o-content-middle vc_row-flex\"><div class=\"wpb_column vc_column_container vc_col-sm-12 et-dark-column\"><div class=\"vc_column-inner\"><div class=\"wpb_wrapper\"><div class=\"vc_empty_space\"   style=\"height: 55px\"><span class=\"vc_empty_space_inner\"><\/span><\/div><div class=\"vc_row wpb_row vc_inner vc_row-fluid max_width align-center vc_row-o-content-middle vc_row-flex\"><div class=\"wpb_column vc_column_container vc_col-sm-6 et-dark-column\"><div class=\"vc_column-inner\"><div class=\"wpb_wrapper\">\n\t<div  class=\"wpb_single_image wpb_content_element vc_align_left wpb_content_element vc_custom_1759506556543\">\n\t\t\n\t\t<figure class=\"wpb_wrapper vc_figure\">\n\t\t\t<div class=\"vc_single_image-wrapper   vc_box_border_grey\"><img decoding=\"async\" class=\"vc_single_image-img\" src=\"https:\/\/mits-pack.it\/wp-content\/uploads\/2025\/10\/carton-4-1024x900.png\" width=\"1024\" height=\"900\" alt=\"carton-4\" title=\"cartone-4\" loading=\"lazy\" \/><\/div>\n\t\t<\/figure>\n\t<\/div>\n<\/div><\/div><\/div><div class=\"wpb_column vc_column_container vc_col-sm-6 et-dark-column\"><div class=\"vc_column-inner\"><div class=\"wpb_wrapper\"><div class=\"vc_empty_space  hide-desktop\"   style=\"height: 33px\"><span class=\"vc_empty_space_inner\"><\/span><\/div><h2 style=\"text-align: left\" class=\"vc_custom_heading vc_do_custom_heading mits-h2\" >Perch\u00e9 scegliere le nostre soluzioni di astucciamento e imballaggio?<\/h2><div class=\"vc_empty_space\"   style=\"height: 9px\"><span class=\"vc_empty_space_inner\"><\/span><\/div>\n\t<div class=\"wpb_text_column wpb_content_element   vc_custom_1756753343286 caracteristiques\" >\n\t\t<div class=\"wpb_wrapper\">\n\t\t\t<ul>\n<li class=\"translation-block\">Maggiore efficienza: automazione delle operazioni ripetitive e riduzione degli errori umani.<\/li>\n<li class=\"translation-block\">Flessibilit\u00e0: macchine adatte a diversi formati, settori e velocit\u00e0 di produzione.<\/li>\n<li class=\"translation-block\">Igiene e conformit\u00e0: realizzate in acciaio inox SUS304 e conformi agli standard GMP.<\/li>\n<li class=\"translation-block\">Investimento redditizio: ottimizzazione dei costi di produzione e rapido ritorno sull\u2019investimento.<\/li>\n<li class=\"translation-block\">Assistenza completa: installazione, messa in servizio, formazione e ricambi sempre disponibili.<\/li>\n<li class=\"translation-block\">Assistenza post-vendita a vita: supporto tecnico e monitoraggio continuo delle vostre linee.<\/li>\n<\/ul>\n\n\t\t<\/div>\n\t<\/div>\n<div class=\"vc_empty_space\"   style=\"height: 13px\"><span class=\"vc_empty_space_inner\"><\/span><\/div>\t\t<div id=\"et-button-69e9309334e09\" class=\"et_btn_align_left\">\n\t\t\t<a href=\"https:\/\/mits-pack.it\/it\/demander-un-devis\/\" class=\"et_btn button et_btn_md solid color-\"  role=\"button\" title=\"Richiedi un preventivo\" ><span>Richiedi un preventivo<\/span><\/a>\n\t\t<\/div>\n\t\t\n\t<\/div><\/div><\/div><\/div><div class=\"vc_empty_space\"   style=\"height: 55px\"><span class=\"vc_empty_space_inner\"><\/span><\/div><\/div><\/div><\/div><\/div><\/div><div  class=\"sec_row container\"><div class=\"vc_row wpb_row vc_row-fluid\"><div class=\"wpb_column vc_column_container vc_col-sm-12 et-dark-column\"><div class=\"vc_column-inner\"><div class=\"wpb_wrapper\"><div class=\"vc_empty_space\"   style=\"height: 55px\"><span class=\"vc_empty_space_inner\"><\/span><\/div><h2 style=\"text-align: center\" class=\"vc_custom_heading vc_do_custom_heading mits-h2\" >FAQ \u2013 Attrezzature per l\u2019astucciamento e l\u2019imballaggio<\/h2><div class=\"vc_empty_space\"   style=\"height: 33px\"><span class=\"vc_empty_space_inner\"><\/span><\/div><div  class=\"vc_do_toggle vc_toggle vc_toggle_default vc_toggle_color_default  vc_toggle_size_md vc_toggle_active\"><div class=\"vc_toggle_title\"><h4>Quali tipi di prodotti possono essere confezionati?<\/h4><i class=\"vc_toggle_icon\"><\/i><\/div><div class=\"vc_toggle_content\"><ul>\n<li class=\"translation-block\">Farmaceutico: compresse, capsule, sciroppi, iniettabili.<\/li>\n<li class=\"translation-block\">Agroalimentare: biscotti, cioccolatini, salse, bevande.<\/li>\n<li class=\"translation-block\">Cosmetico: prodotti per la cura del viso, cofanetti, prodotti per capelli.<\/li>\n<li class=\"translation-block\">Domestico e industriale: detergenti, componenti meccanici, giocattoli, articoli di cancelleria.<\/li>\n<\/ul>\n<\/div><\/div><div  class=\"vc_do_toggle vc_toggle vc_toggle_default vc_toggle_color_default  vc_toggle_size_md\"><div class=\"vc_toggle_title\"><h4>Come si adatta la macchina ai diversi formati di prodotto?<\/h4><i class=\"vc_toggle_icon\"><\/i><\/div><div class=\"vc_toggle_content\"><p class=\"translation-block\">Ogni modello \u00e8 progettato con ampie possibilit\u00e0 di regolazione \u2013 alimentatori, aspiratori di scatole e pinze regolabili \u2013 per garantire la massima adattabilit\u00e0 ai diversi formati. Per applicazioni specifiche, offriamo stampi e soluzioni personalizzate sviluppate su misura in base alle esigenze del cliente.<\/p>\n<\/div><\/div><div  class=\"vc_do_toggle vc_toggle vc_toggle_default vc_toggle_color_default  vc_toggle_size_md\"><div class=\"vc_toggle_title\"><h4>Come si effettua la manutenzione dell\u2019attrezzatura?<\/h4><i class=\"vc_toggle_icon\"><\/i><\/div><div class=\"vc_toggle_content\"><ul>\n<li class=\"translation-block\">Pulizia regolare dopo ogni lotto di produzione.<\/li>\n<li class=\"translation-block\">Lubrificazione periodica di motori, catene e cuscinetti.<\/li>\n<li class=\"translation-block\">Controllo delle cinghie e dei nastri trasportatori per ridurre l\u2019usura.<\/li>\n<li class=\"translation-block\">Conservazione in ambiente asciutto e ventilato per evitare corrosione e danni ai componenti.<\/li>\n<\/ul>\n<\/div><\/div><div  class=\"vc_do_toggle vc_toggle vc_toggle_default vc_toggle_color_default  vc_toggle_size_md\"><div class=\"vc_toggle_title\"><h4>Qual \u00e8 la capacit\u00e0 produttiva?<\/h4><i class=\"vc_toggle_icon\"><\/i><\/div><div class=\"vc_toggle_content\"><p class=\"translation-block\">Proponiamo macchine adatte a piccole, medie e grandi capacit\u00e0 produttive.\nI nostri esperti vi guidano nella scelta del modello pi\u00f9 adatto ai vostri obiettivi di produzione.<\/p>\n<\/div><\/div><div  class=\"vc_do_toggle vc_toggle vc_toggle_default vc_toggle_color_default  vc_toggle_size_md\"><div class=\"vc_toggle_title\"><h4>Le macchine rispettano le norme GMP?<\/h4><i class=\"vc_toggle_icon\"><\/i><\/div><div class=\"vc_toggle_content\"><p class=\"translation-block\">S\u00ec, tutte le nostre macchine sono realizzate in acciaio inox SUS304\/316L e conformi agli standard GMP.<\/p>\n<\/div><\/div><div  class=\"vc_do_toggle vc_toggle vc_toggle_default vc_toggle_color_default  vc_toggle_size_md\"><div class=\"vc_toggle_title\"><h4>Fornite installazione e formazione?<\/h4><i class=\"vc_toggle_icon\"><\/i><\/div><div class=\"vc_toggle_content\"><p class=\"translation-block\">S\u00ec, il nostro team si occupa di installazione in loco, messa in servizio, formazione del personale e supporto tecnico.<\/p>\n<\/div><\/div><div class=\"vc_empty_space\"   style=\"height: 55px\"><span class=\"vc_empty_space_inner\"><\/span><\/div><\/div><\/div><\/div><\/div><\/div><div id=\"contact-banner\" class=\"sec_row container-fluid\"><div class=\"vc_row wpb_row vc_row-fluid no-padding vc_custom_1748611716768 vc_row-has-fill\"><div class=\"wpb_column vc_column_container vc_col-sm-2 et-dark-column\"><div class=\"vc_column-inner  vc_custom_1679921854256\"><div class=\"wpb_wrapper\"><\/div><\/div><\/div><div class=\"wpb_column vc_column_container vc_col-sm-8 et-dark-column\"><div class=\"vc_column-inner  vc_custom_1680263875816\"><div class=\"wpb_wrapper\"><div class=\"vc_row wpb_row vc_inner vc_row-fluid max_width\"><div class=\"text-center wpb_column vc_column_container vc_col-sm-12 et-dark-column\"><div class=\"vc_column-inner  vc_custom_1678278908258\"><div class=\"wpb_wrapper\"><div class=\"vc_empty_space\"   style=\"height: 90px\"><span class=\"vc_empty_space_inner\"><\/span><\/div><h2 style=\"color: #0E1851;text-align: center\" class=\"vc_custom_heading vc_do_custom_heading heading-solystic vc_custom_1756741566076\" >Passa all\u2019azione<\/h2><p style=\"font-size: 21px;color: #0E1851;line-height: 1.4;text-align: center\" class=\"vc_custom_heading vc_do_custom_heading vc_custom_1756753590168\" >Aumentate la vostra efficienza produttiva con le nostre soluzioni su misura per l\u2019astucciamento e il confezionamento.\nI nostri esperti vi accompagnano nella scelta della macchina ideale per i vostri prodotti e per le vostre esigenze di produzione.<\/p>\t\t<div id=\"et-button-69e9309336749\" class=\"et_btn_align_left\">\n\t\t\t<a href=\"https:\/\/mits-pack.it\/it\/demander-un-devis\/\" class=\"et_btn button et_btn_md solid color-\"  role=\"button\" title=\"Contatti\" ><span>Richiedi un preventivo personalizzato<\/span><\/a>\n\t\t<\/div>\n\t\t\n\t<div class=\"vc_empty_space\"   style=\"height: 11px\"><span class=\"vc_empty_space_inner\"><\/span><\/div><div class=\"vc_empty_space\"   style=\"height: 90px\"><span class=\"vc_empty_space_inner\"><\/span><\/div><\/div><\/div><\/div><\/div><\/div><\/div><\/div><div class=\"wpb_column vc_column_container vc_col-sm-2 et-dark-column\"><div class=\"vc_column-inner\"><div class=\"wpb_wrapper\"><\/div><\/div><\/div><\/div><\/div>\n<\/div>","protected":false},"excerpt":{"rendered":"\u00c9quipements d\u2019encaissage et d\u2019emballage industriels \u2013 efficacit\u00e9 et fiabilit\u00e9 Nos \u00e9quipements d\u2019encaissage et d\u2019emballage permettent de placer automatiquement vos produits dans des cartons, bo\u00eetes ou conteneurs et d\u2019assurer leur conditionnement final. Gr\u00e2ce \u00e0 des solutions semi-automatiques ou enti\u00e8rement automatiques, nous vous aidons \u00e0 gagner en productivit\u00e9, r\u00e9duire vos co\u00fbts de [...]","protected":false},"author":1,"featured_media":0,"parent":0,"menu_order":0,"comment_status":"closed","ping_status":"closed","template":"","meta":{"_acf_changed":false,"inline_featured_image":false,"footnotes":""},"class_list":["post-544","page","type-page","status-publish","hentry"],"acf":[],"yoast_head":"<!-- This site is optimized with the Yoast SEO plugin v27.0 - https:\/\/yoast.com\/product\/yoast-seo-wordpress\/ -->\n<title>Machines d\u2019encaissage et d\u2019emballage industriels | MITS PACK<\/title>\n<meta name=\"description\" content=\"Nos \u00e9quipements d\u2019encaissage et d\u2019emballage permettent de placer automatiquement vos produits dans des cartons, bo\u00eetes ou conteneurs et d\u2019assurer leur conditionnement final.\" \/>\n<meta name=\"robots\" content=\"index, follow, max-snippet:-1, max-image-preview:large, max-video-preview:-1\" \/>\n<link rel=\"canonical\" href=\"https:\/\/mits-pack.it\/it\/carton\/\" \/>\n<meta property=\"og:locale\" content=\"it_IT\" \/>\n<meta property=\"og:type\" content=\"article\" \/>\n<meta property=\"og:title\" content=\"Machines d\u2019encaissage et d\u2019emballage industriels | MITS PACK\" \/>\n<meta property=\"og:description\" content=\"Nos \u00e9quipements d\u2019encaissage et d\u2019emballage permettent de placer automatiquement vos produits dans des cartons, bo\u00eetes ou conteneurs et d\u2019assurer leur conditionnement final.\" \/>\n<meta property=\"og:url\" content=\"https:\/\/mits-pack.it\/it\/carton\/\" \/>\n<meta property=\"og:site_name\" content=\"MITS PACK\" \/>\n<meta property=\"article:modified_time\" content=\"2025-11-05T11:31:57+00:00\" \/>\n<meta name=\"twitter:card\" content=\"summary_large_image\" \/>\n<meta name=\"twitter:label1\" content=\"Tempo di lettura stimato\" \/>\n\t<meta name=\"twitter:data1\" content=\"4 minuti\" \/>\n<script type=\"application\/ld+json\" class=\"yoast-schema-graph\">{\"@context\":\"https:\/\/schema.org\",\"@graph\":[{\"@type\":\"WebPage\",\"@id\":\"https:\/\/mits-pack.it\/carton\/\",\"url\":\"https:\/\/mits-pack.it\/carton\/\",\"name\":\"Machines d\u2019encaissage et d\u2019emballage industriels | MITS PACK\",\"isPartOf\":{\"@id\":\"https:\/\/mits-pack.it\/#website\"},\"datePublished\":\"2025-09-01T19:06:55+00:00\",\"dateModified\":\"2025-11-05T11:31:57+00:00\",\"description\":\"Nos \u00e9quipements d\u2019encaissage et d\u2019emballage permettent de placer automatiquement vos produits dans des cartons, bo\u00eetes ou conteneurs et d\u2019assurer leur conditionnement final.\",\"breadcrumb\":{\"@id\":\"https:\/\/mits-pack.it\/carton\/#breadcrumb\"},\"inLanguage\":\"it-IT\",\"potentialAction\":[{\"@type\":\"ReadAction\",\"target\":[\"https:\/\/mits-pack.it\/carton\/\"]}]},{\"@type\":\"BreadcrumbList\",\"@id\":\"https:\/\/mits-pack.it\/carton\/#breadcrumb\",\"itemListElement\":[{\"@type\":\"ListItem\",\"position\":1,\"name\":\"Accueil\",\"item\":\"https:\/\/mits-pack.it\/\"},{\"@type\":\"ListItem\",\"position\":2,\"name\":\"Carton\"}]},{\"@type\":\"WebSite\",\"@id\":\"https:\/\/mits-pack.it\/#website\",\"url\":\"https:\/\/mits-pack.it\/\",\"name\":\"MITS PACK\",\"description\":\"\",\"potentialAction\":[{\"@type\":\"SearchAction\",\"target\":{\"@type\":\"EntryPoint\",\"urlTemplate\":\"https:\/\/mits-pack.it\/?s={search_term_string}\"},\"query-input\":{\"@type\":\"PropertyValueSpecification\",\"valueRequired\":true,\"valueName\":\"search_term_string\"}}],\"inLanguage\":\"it-IT\"}]}<\/script>\n<!-- \/ Yoast SEO plugin. -->","yoast_head_json":{"title":"Machines d\u2019encaissage et d\u2019emballage industriels | MITS PACK","description":"Nos \u00e9quipements d\u2019encaissage et d\u2019emballage permettent de placer automatiquement vos produits dans des cartons, bo\u00eetes ou conteneurs et d\u2019assurer leur conditionnement final.","robots":{"index":"index","follow":"follow","max-snippet":"max-snippet:-1","max-image-preview":"max-image-preview:large","max-video-preview":"max-video-preview:-1"},"canonical":"https:\/\/mits-pack.it\/it\/carton\/","og_locale":"it_IT","og_type":"article","og_title":"Machines d\u2019encaissage et d\u2019emballage industriels | MITS PACK","og_description":"Nos \u00e9quipements d\u2019encaissage et d\u2019emballage permettent de placer automatiquement vos produits dans des cartons, bo\u00eetes ou conteneurs et d\u2019assurer leur conditionnement final.","og_url":"https:\/\/mits-pack.it\/it\/carton\/","og_site_name":"MITS PACK","article_modified_time":"2025-11-05T11:31:57+00:00","twitter_card":"summary_large_image","twitter_misc":{"Tempo di lettura stimato":"4 minuti"},"schema":{"@context":"https:\/\/schema.org","@graph":[{"@type":"WebPage","@id":"https:\/\/mits-pack.it\/carton\/","url":"https:\/\/mits-pack.it\/carton\/","name":"Machines d\u2019encaissage et d\u2019emballage industriels | MITS PACK","isPartOf":{"@id":"https:\/\/mits-pack.it\/#website"},"datePublished":"2025-09-01T19:06:55+00:00","dateModified":"2025-11-05T11:31:57+00:00","description":"Nos \u00e9quipements d\u2019encaissage et d\u2019emballage permettent de placer automatiquement vos produits dans des cartons, bo\u00eetes ou conteneurs et d\u2019assurer leur conditionnement final.","breadcrumb":{"@id":"https:\/\/mits-pack.it\/carton\/#breadcrumb"},"inLanguage":"it-IT","potentialAction":[{"@type":"ReadAction","target":["https:\/\/mits-pack.it\/carton\/"]}]},{"@type":"BreadcrumbList","@id":"https:\/\/mits-pack.it\/carton\/#breadcrumb","itemListElement":[{"@type":"ListItem","position":1,"name":"Accueil","item":"https:\/\/mits-pack.it\/"},{"@type":"ListItem","position":2,"name":"Carton"}]},{"@type":"WebSite","@id":"https:\/\/mits-pack.it\/#website","url":"https:\/\/mits-pack.it\/","name":"MITS PACK","description":"","potentialAction":[{"@type":"SearchAction","target":{"@type":"EntryPoint","urlTemplate":"https:\/\/mits-pack.it\/?s={search_term_string}"},"query-input":{"@type":"PropertyValueSpecification","valueRequired":true,"valueName":"search_term_string"}}],"inLanguage":"it-IT"}]}},"_links":{"self":[{"href":"https:\/\/mits-pack.it\/it\/wp-json\/wp\/v2\/pages\/544","targetHints":{"allow":["GET"]}}],"collection":[{"href":"https:\/\/mits-pack.it\/it\/wp-json\/wp\/v2\/pages"}],"about":[{"href":"https:\/\/mits-pack.it\/it\/wp-json\/wp\/v2\/types\/page"}],"author":[{"embeddable":true,"href":"https:\/\/mits-pack.it\/it\/wp-json\/wp\/v2\/users\/1"}],"replies":[{"embeddable":true,"href":"https:\/\/mits-pack.it\/it\/wp-json\/wp\/v2\/comments?post=544"}],"version-history":[{"count":17,"href":"https:\/\/mits-pack.it\/it\/wp-json\/wp\/v2\/pages\/544\/revisions"}],"predecessor-version":[{"id":863,"href":"https:\/\/mits-pack.it\/it\/wp-json\/wp\/v2\/pages\/544\/revisions\/863"}],"wp:attachment":[{"href":"https:\/\/mits-pack.it\/it\/wp-json\/wp\/v2\/media?parent=544"}],"curies":[{"name":"wp","href":"https:\/\/api.w.org\/{rel}","templated":true}]}}