{"id":553,"date":"2025-09-01T21:29:02","date_gmt":"2025-09-01T19:29:02","guid":{"rendered":"https:\/\/mits-pack.it\/?page_id=553"},"modified":"2025-11-05T12:34:01","modified_gmt":"2025-11-05T11:34:01","slug":"etiquetage","status":"publish","type":"page","link":"https:\/\/mits-pack.it\/it\/etiquetage\/","title":{"rendered":"Etichettatura"},"content":{"rendered":"<div class=\"wpb-content-wrapper\"><div  class=\"sec_row container\"><div class=\"vc_row wpb_row vc_row-fluid no-padding\"><div class=\"large-pic wpb_column vc_column_container vc_col-sm-12 et-dark-column\"><div class=\"vc_column-inner\"><div class=\"wpb_wrapper\"><div class=\"vc_row wpb_row vc_inner vc_row-fluid max_width\"><div class=\"wpb_column vc_column_container vc_col-sm-12 et-dark-column\"><div class=\"vc_column-inner\"><div class=\"wpb_wrapper\"><div class=\"vc_empty_space\"   style=\"height: 55px\"><span class=\"vc_empty_space_inner\"><\/span><\/div><h1 style=\"text-align: center\" class=\"vc_custom_heading vc_do_custom_heading mits-h1\" >Macchine etichettatrici industriali \u2013 precisione, flessibilit\u00e0 e tracciabilit\u00e0<\/h1><div class=\"vc_empty_space  hide-mobile\"   style=\"height: 55px\"><span class=\"vc_empty_space_inner\"><\/span><\/div><div class=\"vc_empty_space  hide-desktop\"   style=\"height: 33px\"><span class=\"vc_empty_space_inner\"><\/span><\/div><\/div><\/div><\/div><\/div><div class=\"vc_row wpb_row vc_inner vc_row-fluid max_width align-center vc_row-o-content-middle vc_row-flex\"><div class=\"wpb_column vc_column_container vc_col-sm-6 et-dark-column\"><div class=\"vc_column-inner\"><div class=\"wpb_wrapper\">\n\t<div id=\"et-video-lightbox-69e931cbdc633\" class=\"et-lightbox et-video-lightbox mfp-video lightbox-image icon-pulse icon-color-  medium animation bottom-to-top\" data-mfp-type=\"iframe\" data-mfp-src=\"https:\/\/www.youtube.com\/watch?v=y4EbjB6nVHk\" >\n\t\t\t\t\t\n\t\t\t<img decoding=\"async\" src=\"https:\/\/mits-pack.it\/wp-content\/uploads\/2025\/10\/etiquette-.png\" alt=\"etiquette-\" \/>\n\t\t\t\t\n\t\t<div class=\"et-video-icon\">\n\t\t\t<svg xmlns=\"http:\/\/www.w3.org\/2000\/svg\" width=\"24\" height=\"24\" viewbox=\"0 0 24 24\" fill=\"none\" stroke=\"currentColor\" stroke-width=\"2\" stroke-linecap=\"round\" stroke-linejoin=\"round\" class=\"feather feather-play\"><polygon points=\"5 3 19 12 5 21 5 3\"><\/polygon><\/svg>\t\t<\/div>\n\n\t\t\t<\/div>\n\t<\/div><\/div><\/div><div class=\"wpb_column vc_column_container vc_col-sm-6 et-dark-column\"><div class=\"vc_column-inner\"><div class=\"wpb_wrapper\"><div class=\"vc_empty_space  hide-desktop\"   style=\"height: 33px\"><span class=\"vc_empty_space_inner\"><\/span><\/div>\n\t<div class=\"wpb_text_column wpb_content_element   vc_custom_1756753899843 caracteristiques\" >\n\t\t<div class=\"wpb_wrapper\">\n\t\t\t<p class=\"translation-block\">Le nostre macchine etichettatrici industriali sono progettate per applicare con precisione ogni tipo di etichetta sui vostri prodotti e imballaggi.<\/p>\n<p class=\"translation-block\">Versatili e adattabili, si configurano facilmente ai vostri formati di bottiglie, flaconi, cartoni, tubetti, bustine o vasetti, soddisfacendo i requisiti pi\u00f9 rigorosi in termini di tracciabilit\u00e0, conformit\u00e0 normativa e produttivit\u00e0.<\/p>\n<p class=\"translation-block\">Grazie a sistemi di serializzazione integrati e a sensori di rilevamento ad alta precisione, le nostre apparecchiature garantiscono un\u2019etichettatura rapida, uniforme e senza difetti, ideale per i settori alimentare, farmaceutico, cosmetico e industriale.<\/p>\n\n\t\t<\/div>\n\t<\/div>\n<div class=\"vc_empty_space  hide-desktop\"   style=\"height: 33px\"><span class=\"vc_empty_space_inner\"><\/span><\/div><div class=\"vc_empty_space\"   style=\"height: 33px\"><span class=\"vc_empty_space_inner\"><\/span><\/div>\t\t<div id=\"et-button-69e931cbdcc3d\" class=\"et_btn_align_center\">\n\t\t\t<a href=\"https:\/\/mits-pack.it\/it\/contact\/\" class=\"et_btn button et_btn_md solid color-\"  role=\"button\" title=\"\" ><span>Richiedi maggiori informazioni<\/span><\/a>\n\t\t<\/div>\n\t\t\n\t<\/div><\/div><\/div><\/div><div class=\"vc_empty_space\"   style=\"height: 55px\"><span class=\"vc_empty_space_inner\"><\/span><\/div><\/div><\/div><\/div><\/div><\/div><div  class=\"sec_row container\"><div class=\"vc_row wpb_row vc_row-fluid no-padding\"><div class=\"large-pic wpb_column vc_column_container vc_col-sm-12 et-dark-column\"><div class=\"vc_column-inner\"><div class=\"wpb_wrapper\"><div class=\"vc_row wpb_row vc_inner vc_row-fluid max_width align-center vc_row-o-content-middle vc_row-flex\"><div class=\"caracteristiques wpb_column vc_column_container vc_col-sm-6 et-dark-column\"><div class=\"vc_column-inner\"><div class=\"wpb_wrapper\"><h2 style=\"text-align: left\" class=\"vc_custom_heading vc_do_custom_heading mits-h2-2\" >Prestazioni e funzionalit\u00e0 principali<\/h2><div class=\"vc_empty_space\"   style=\"height: 9px\"><span class=\"vc_empty_space_inner\"><\/span><\/div>\n\t<div class=\"wpb_text_column wpb_content_element   vc_custom_1756753917215 caracteristiques\" >\n\t\t<div class=\"wpb_wrapper\">\n\t\t\t<ul>\n<li class=\"translation-block\">Massima versatilit\u00e0: etichette autoadesive, sleeves termoretraibili, etichette avvolgenti (wrap-around), frontali\/posteriori, sigilli di garanzia, ecc.<\/li>\n<li class=\"translation-block\">Serializzazione e tracciabilit\u00e0: stampa e integrazione di dati variabili (codici a barre, QR code, Datamatrix, numeri di lotto, date di scadenza) \u2192 conformit\u00e0 ai requisiti farmaceutici e alimentari.<\/li>\n<li class=\"translation-block\">Sensori intelligenti: sistemi di visione e rilevamento per controllare la presenza, la posizione e la qualit\u00e0 delle etichette \u2192 espulsione automatica in caso di difetto.<\/li>\n<li class=\"translation-block\">Automazione completa: controllo PLC con schermo tattile, velocit\u00e0 regolabile e sincronizzazione con le linee di riempimento\/confezionamento.<\/li>\n<li class=\"translation-block\">Affidabilit\u00e0 e igiene: struttura robusta in acciaio inox SUS304, conforme agli standard GMP, facile da pulire e mantenere.<\/li>\n<li class=\"translation-block\">Opzioni di personalizzazione: moduli di stampa (getto d\u2019inchiostro, laser, trasferimento termico), telecamere di controllo e sistemi di allineamento specifici.<\/li>\n<\/ul>\n\n\t\t<\/div>\n\t<\/div>\n<div class=\"vc_empty_space  hide-desktop\"   style=\"height: 33px\"><span class=\"vc_empty_space_inner\"><\/span><\/div><\/div><\/div><\/div><div class=\"wpb_column vc_column_container vc_col-sm-6 et-dark-column\"><div class=\"vc_column-inner\"><div class=\"wpb_wrapper\">\n\t<div  class=\"wpb_single_image wpb_content_element vc_align_left wpb_content_element vc_custom_1759312599016\">\n\t\t\n\t\t<figure class=\"wpb_wrapper vc_figure\">\n\t\t\t<div class=\"vc_single_image-wrapper   vc_box_border_grey\"><img decoding=\"async\" class=\"vc_single_image-img\" src=\"https:\/\/mits-pack.it\/wp-content\/uploads\/2025\/10\/Etiqueteuse_1-1140x900.jpeg\" width=\"1140\" height=\"900\" alt=\"Etiqueteuse_1\" title=\"Etichettatrice_1\" loading=\"lazy\" \/><\/div>\n\t\t<\/figure>\n\t<\/div>\n<\/div><\/div><\/div><\/div><div class=\"vc_empty_space\"   style=\"height: 55px\"><span class=\"vc_empty_space_inner\"><\/span><\/div><div class=\"vc_row wpb_row vc_inner vc_row-fluid max_width align-center avantages vc_row-o-content-middle vc_row-flex\"><div class=\"wpb_column vc_column_container vc_col-sm-6 et-dark-column\"><div class=\"vc_column-inner\"><div class=\"wpb_wrapper\">\n\t<div  class=\"wpb_single_image wpb_content_element vc_align_left wpb_content_element vc_custom_1759312587739\">\n\t\t\n\t\t<figure class=\"wpb_wrapper vc_figure\">\n\t\t\t<div class=\"vc_single_image-wrapper   vc_box_border_grey\"><img decoding=\"async\" class=\"vc_single_image-img\" src=\"https:\/\/mits-pack.it\/wp-content\/uploads\/2025\/10\/ETIQUETTE_2-1118x900.jpg\" width=\"1118\" height=\"900\" alt=\"ETIQUETTE_2\" title=\"ETICHETTA_2\" loading=\"lazy\" \/><\/div>\n\t\t<\/figure>\n\t<\/div>\n<\/div><\/div><\/div><div class=\"wpb_column vc_column_container vc_col-sm-6 et-dark-column\"><div class=\"vc_column-inner\"><div class=\"wpb_wrapper\"><div class=\"vc_empty_space  hide-desktop\"   style=\"height: 33px\"><span class=\"vc_empty_space_inner\"><\/span><\/div><h2 style=\"text-align: left\" class=\"vc_custom_heading vc_do_custom_heading mits-h2\" >Applicazioni per settore<\/h2><div class=\"vc_empty_space\"   style=\"height: 9px\"><span class=\"vc_empty_space_inner\"><\/span><\/div>\n\t<div class=\"wpb_text_column wpb_content_element   vc_custom_1756754617344\" >\n\t\t<div class=\"wpb_wrapper\">\n\t\t\t<ul>\n<li class=\"translation-block\">Alimentare: bottiglie, vasetti, conserve, bustine, prodotti pronti al consumo.<\/li>\n<li class=\"translation-block\">Farmaceutico: flaconi, scatole di medicinali, sciroppi, prodotti iniettabili \u2192 con serializzazione obbligatoria.<\/li>\n<li class=\"translation-block\">Cosmetico e cura personale: profumi, tubetti, lozioni, vasetti di crema, cofanetti.<\/li>\n<li class=\"translation-block\">Prodotti chimici e detergenti: detersivi, oli, taniche.<\/li>\n<li class=\"translation-block\">Industria e altri settori: componenti industriali, forniture, imballaggi tecnici.<\/li>\n<\/ul>\n\n\t\t<\/div>\n\t<\/div>\n<div class=\"vc_empty_space  hide-desktop\"   style=\"height: 33px\"><span class=\"vc_empty_space_inner\"><\/span><\/div><\/div><\/div><\/div><\/div><div class=\"vc_empty_space\"   style=\"height: 55px\"><span class=\"vc_empty_space_inner\"><\/span><\/div><\/div><\/div><\/div><\/div><\/div><div  class=\"sec_row container-fluid\"><div class=\"vc_row wpb_row vc_row-fluid no-padding align-center vc_custom_1756744040306 vc_row-has-fill vc_row-o-content-middle vc_row-flex\"><div class=\"wpb_column vc_column_container vc_col-sm-12 et-dark-column\"><div class=\"vc_column-inner\"><div class=\"wpb_wrapper\"><div class=\"vc_empty_space\"   style=\"height: 55px\"><span class=\"vc_empty_space_inner\"><\/span><\/div><div class=\"vc_row wpb_row vc_inner vc_row-fluid max_width align-center vc_row-o-content-middle vc_row-flex\"><div class=\"wpb_column vc_column_container vc_col-sm-6 et-dark-column\"><div class=\"vc_column-inner\"><div class=\"wpb_wrapper\">\n\t<div  class=\"wpb_single_image wpb_content_element vc_align_left wpb_content_element vc_custom_1759505306523\">\n\t\t\n\t\t<figure class=\"wpb_wrapper vc_figure\">\n\t\t\t<div class=\"vc_single_image-wrapper   vc_box_border_grey\"><img decoding=\"async\" class=\"vc_single_image-img\" src=\"https:\/\/mits-pack.it\/wp-content\/uploads\/2025\/10\/Etiquette_3-1024x900.png\" width=\"1024\" height=\"900\" alt=\"Etiquette_3\" title=\"Etichetta_3\" loading=\"lazy\" \/><\/div>\n\t\t<\/figure>\n\t<\/div>\n<\/div><\/div><\/div><div class=\"wpb_column vc_column_container vc_col-sm-6 et-dark-column\"><div class=\"vc_column-inner\"><div class=\"wpb_wrapper\"><div class=\"vc_empty_space  hide-desktop\"   style=\"height: 33px\"><span class=\"vc_empty_space_inner\"><\/span><\/div><h2 style=\"text-align: left\" class=\"vc_custom_heading vc_do_custom_heading mits-h2\" >Perch\u00e9 scegliere le nostre etichettatrici?<\/h2><div class=\"vc_empty_space\"   style=\"height: 9px\"><span class=\"vc_empty_space_inner\"><\/span><\/div>\n\t<div class=\"wpb_text_column wpb_content_element   vc_custom_1756754669861 caracteristiques\" >\n\t\t<div class=\"wpb_wrapper\">\n\t\t\t<ul>\n<li class=\"translation-block\">Versatilit\u00e0: un\u2019unica macchina che si adatta a tutti i vostri formati e a ogni tipo di etichetta.<\/li>\n<li class=\"translation-block\">Tracciabilit\u00e0 garantita: serializzazione conforme agli standard internazionali.<\/li>\n<li class=\"translation-block\">Precisione e affidabilit\u00e0: sensori e telecamere per un controllo qualit\u00e0 al 100%.<\/li>\n<li class=\"translation-block\">Produttivit\u00e0: alta velocit\u00e0 e integrazione fluida con le vostre linee di produzione.<\/li>\n<li class=\"translation-block\">Flessibilit\u00e0: apparecchiature modulari e personalizzabili in base ai vostri prodotti.<\/li>\n<li class=\"translation-block\">Assistenza completa: installazione, formazione, manutenzione e ricambi sempre disponibili.<\/li>\n<\/ul>\n\n\t\t<\/div>\n\t<\/div>\n<div class=\"vc_empty_space\"   style=\"height: 13px\"><span class=\"vc_empty_space_inner\"><\/span><\/div>\t\t<div id=\"et-button-69e931cd4b329\" class=\"et_btn_align_left\">\n\t\t\t<a href=\"https:\/\/mits-pack.it\/it\/demander-un-devis\/\" class=\"et_btn button et_btn_md solid color-\"  role=\"button\" title=\"Richiedi un preventivo\" ><span>Richiedi un preventivo<\/span><\/a>\n\t\t<\/div>\n\t\t\n\t<\/div><\/div><\/div><\/div><div class=\"vc_empty_space\"   style=\"height: 55px\"><span class=\"vc_empty_space_inner\"><\/span><\/div><\/div><\/div><\/div><\/div><\/div><div  class=\"sec_row container\"><div class=\"vc_row wpb_row vc_row-fluid\"><div class=\"wpb_column vc_column_container vc_col-sm-12 et-dark-column\"><div class=\"vc_column-inner\"><div class=\"wpb_wrapper\"><div class=\"vc_empty_space\"   style=\"height: 55px\"><span class=\"vc_empty_space_inner\"><\/span><\/div><h2 style=\"text-align: center\" class=\"vc_custom_heading vc_do_custom_heading mits-h2\" >FAQ \u2013 Macchine etichettatrici<\/h2><div class=\"vc_empty_space\"   style=\"height: 33px\"><span class=\"vc_empty_space_inner\"><\/span><\/div><div  class=\"vc_do_toggle vc_toggle vc_toggle_default vc_toggle_color_default  vc_toggle_size_md vc_toggle_active\"><div class=\"vc_toggle_title\"><h4>Quali tipi di etichette possono applicare le vostre macchine?<\/h4><i class=\"vc_toggle_icon\"><\/i><\/div><div class=\"vc_toggle_content\"><p>Le nostre apparecchiature supportano:<\/p>\n<ul>\n<li>etichette autoadesive,<\/li>\n<li>sleeves termoretraibili,<\/li>\n<li>etichette avvolgenti (wrap-around),<\/li>\n<li>etichette fronte-retro,<\/li>\n<li>sigilli di sicurezza,<\/li>\n<li>etichette trasparenti o opache,<\/li>\n<li>stampe variabili per la serializzazione.<\/li>\n<li style=\"list-style-type: none;\"><\/li>\n<\/ul>\n<\/div><\/div><div  class=\"vc_do_toggle vc_toggle vc_toggle_default vc_toggle_color_default  vc_toggle_size_md\"><div class=\"vc_toggle_title\"><h4>Che cos\u2019\u00e8 la serializzazione e perch\u00e9 \u00e8 importante?<\/h4><i class=\"vc_toggle_icon\"><\/i><\/div><div class=\"vc_toggle_content\"><p class=\"translation-block\">La serializzazione consiste nell\u2019assegnare un identificativo univoco a ogni prodotto (tramite codice a barre, QR code o Datamatrix).\n\u00c8 obbligatoria nel settore farmaceutico e sempre pi\u00f9 diffusa anche in quello alimentare.\nLe nostre macchine integrano sistemi di stampa e lettura per garantire una tracciabilit\u00e0 perfetta.<\/p>\n<\/div><\/div><div  class=\"vc_do_toggle vc_toggle vc_toggle_default vc_toggle_color_default  vc_toggle_size_md\"><div class=\"vc_toggle_title\"><h4>Come controllano le vostre macchine la qualit\u00e0 dell\u2019etichettatura?<\/h4><i class=\"vc_toggle_icon\"><\/i><\/div><div class=\"vc_toggle_content\"><p class=\"translation-block\">Sono dotate di sensori di presenza e di telecamere di visione industriale che verificano:<\/p>\n<ul>\n<li>la presenza dell\u2019etichetta,<\/li>\n<li>il corretto allineamento,<\/li>\n<li>la leggibilit\u00e0 dei codici stampati.<br \/>\nOgni prodotto non conforme viene automaticamente espulso.<\/li>\n<\/ul>\n<\/div><\/div><div  class=\"vc_do_toggle vc_toggle vc_toggle_default vc_toggle_color_default  vc_toggle_size_md\"><div class=\"vc_toggle_title\"><h4>Le macchine possono essere integrate in una linea di produzione esistente?<\/h4><i class=\"vc_toggle_icon\"><\/i><\/div><div class=\"vc_toggle_content\"><p>S\u00ec, le nostre etichettatrici si integrano facilmente con linee di riempimento, confezionamento o fine linea gi\u00e0 presenti, senza modifiche strutturali importanti.<\/p>\n<\/div><\/div><div  class=\"vc_do_toggle vc_toggle vc_toggle_default vc_toggle_color_default  vc_toggle_size_md\"><div class=\"vc_toggle_title\"><h4>Offrite soluzioni personalizzate?<\/h4><i class=\"vc_toggle_icon\"><\/i><\/div><div class=\"vc_toggle_content\"><p>S\u00ec, ogni macchina pu\u00f2 essere dotata di moduli aggiuntivi come stampa laser, getto d\u2019inchiostro, codifica termica e controllo con telecamera.<\/p>\n<\/div><\/div><div class=\"vc_empty_space\"   style=\"height: 55px\"><span class=\"vc_empty_space_inner\"><\/span><\/div><\/div><\/div><\/div><\/div><\/div><div id=\"contact-banner\" class=\"sec_row container-fluid\"><div class=\"vc_row wpb_row vc_row-fluid no-padding vc_custom_1748611716768 vc_row-has-fill\"><div class=\"wpb_column vc_column_container vc_col-sm-2 et-dark-column\"><div class=\"vc_column-inner  vc_custom_1679921854256\"><div class=\"wpb_wrapper\"><\/div><\/div><\/div><div class=\"wpb_column vc_column_container vc_col-sm-8 et-dark-column\"><div class=\"vc_column-inner  vc_custom_1680263875816\"><div class=\"wpb_wrapper\"><div class=\"vc_row wpb_row vc_inner vc_row-fluid max_width\"><div class=\"text-center wpb_column vc_column_container vc_col-sm-12 et-dark-column\"><div class=\"vc_column-inner  vc_custom_1678278908258\"><div class=\"wpb_wrapper\"><div class=\"vc_empty_space\"   style=\"height: 90px\"><span class=\"vc_empty_space_inner\"><\/span><\/div><h2 style=\"color: #0E1851;text-align: center\" class=\"vc_custom_heading vc_do_custom_heading heading-solystic vc_custom_1756741566076\" >Passa all\u2019azione<\/h2><p style=\"font-size: 21px;color: #0E1851;line-height: 1.4;text-align: center\" class=\"vc_custom_heading vc_do_custom_heading vc_custom_1756754899587\" >Cerchi una soluzione di etichettatura flessibile, conforme alle norme di tracciabilit\u00e0 e adatta ai tuoi prodotti?\nI nostri specialisti ti accompagnano nella scelta e nell\u2019integrazione della macchina ideale, dall\u2019etichettatura pi\u00f9 semplice fino alla serializzazione completa.<\/p>\t\t<div id=\"et-button-69e931cd4cb05\" class=\"et_btn_align_left\">\n\t\t\t<a href=\"https:\/\/mits-pack.it\/it\/demander-un-devis\/\" class=\"et_btn button et_btn_md solid color-\"  role=\"button\" title=\"Contatti\" ><span>Richiedi un preventivo personalizzato<\/span><\/a>\n\t\t<\/div>\n\t\t\n\t<div class=\"vc_empty_space\"   style=\"height: 11px\"><span class=\"vc_empty_space_inner\"><\/span><\/div><div class=\"vc_empty_space\"   style=\"height: 90px\"><span class=\"vc_empty_space_inner\"><\/span><\/div><\/div><\/div><\/div><\/div><\/div><\/div><\/div><div class=\"wpb_column vc_column_container vc_col-sm-2 et-dark-column\"><div class=\"vc_column-inner\"><div class=\"wpb_wrapper\"><\/div><\/div><\/div><\/div><\/div>\n<\/div>","protected":false},"excerpt":{"rendered":"Machines d\u2019\u00e9tiquetage industrielles \u2013 pr\u00e9cision, flexibilit\u00e9 et tra\u00e7abilit\u00e9 Nos machines d\u2019\u00e9tiquetage industrielles sont con\u00e7ues pour appliquer avec pr\u00e9cision tous types d\u2019\u00e9tiquettes sur vos produits et emballages. Polyvalentes, elles s\u2019adaptent \u00e0 vos formats de bouteilles, flacons, cartons, tubes, sachets ou pots, et r\u00e9pondent aux exigences les plus strictes en mati\u00e8re de [...]","protected":false},"author":1,"featured_media":0,"parent":0,"menu_order":0,"comment_status":"closed","ping_status":"closed","template":"","meta":{"_acf_changed":false,"inline_featured_image":false,"footnotes":""},"class_list":["post-553","page","type-page","status-publish","hentry"],"acf":[],"yoast_head":"<!-- This site is optimized with the Yoast SEO plugin v27.0 - https:\/\/yoast.com\/product\/yoast-seo-wordpress\/ -->\n<title>Machines d\u2019\u00e9tiquetage industrielles | MITS PACK<\/title>\n<meta name=\"description\" content=\"Nos machines d\u2019\u00e9tiquetage industrielles sont con\u00e7ues pour appliquer avec pr\u00e9cision tous types d\u2019\u00e9tiquettes sur vos produits et emballages.\" \/>\n<meta name=\"robots\" content=\"index, follow, max-snippet:-1, max-image-preview:large, max-video-preview:-1\" \/>\n<link rel=\"canonical\" href=\"https:\/\/mits-pack.it\/it\/etiquetage\/\" \/>\n<meta property=\"og:locale\" content=\"it_IT\" \/>\n<meta property=\"og:type\" content=\"article\" \/>\n<meta property=\"og:title\" content=\"Machines d\u2019\u00e9tiquetage industrielles | MITS PACK\" \/>\n<meta property=\"og:description\" content=\"Nos machines d\u2019\u00e9tiquetage industrielles sont con\u00e7ues pour appliquer avec pr\u00e9cision tous types d\u2019\u00e9tiquettes sur vos produits et emballages.\" \/>\n<meta property=\"og:url\" content=\"https:\/\/mits-pack.it\/it\/etiquetage\/\" \/>\n<meta property=\"og:site_name\" content=\"MITS PACK\" \/>\n<meta property=\"article:modified_time\" content=\"2025-11-05T11:34:01+00:00\" \/>\n<meta name=\"twitter:card\" content=\"summary_large_image\" \/>\n<meta name=\"twitter:label1\" content=\"Tempo di lettura stimato\" \/>\n\t<meta name=\"twitter:data1\" content=\"4 minuti\" \/>\n<script type=\"application\/ld+json\" class=\"yoast-schema-graph\">{\"@context\":\"https:\/\/schema.org\",\"@graph\":[{\"@type\":\"WebPage\",\"@id\":\"https:\/\/mits-pack.it\/etiquetage\/\",\"url\":\"https:\/\/mits-pack.it\/etiquetage\/\",\"name\":\"Machines d\u2019\u00e9tiquetage industrielles | MITS PACK\",\"isPartOf\":{\"@id\":\"https:\/\/mits-pack.it\/#website\"},\"datePublished\":\"2025-09-01T19:29:02+00:00\",\"dateModified\":\"2025-11-05T11:34:01+00:00\",\"description\":\"Nos machines d\u2019\u00e9tiquetage industrielles sont con\u00e7ues pour appliquer avec pr\u00e9cision tous types d\u2019\u00e9tiquettes sur vos produits et emballages.\",\"breadcrumb\":{\"@id\":\"https:\/\/mits-pack.it\/etiquetage\/#breadcrumb\"},\"inLanguage\":\"it-IT\",\"potentialAction\":[{\"@type\":\"ReadAction\",\"target\":[\"https:\/\/mits-pack.it\/etiquetage\/\"]}]},{\"@type\":\"BreadcrumbList\",\"@id\":\"https:\/\/mits-pack.it\/etiquetage\/#breadcrumb\",\"itemListElement\":[{\"@type\":\"ListItem\",\"position\":1,\"name\":\"Accueil\",\"item\":\"https:\/\/mits-pack.it\/\"},{\"@type\":\"ListItem\",\"position\":2,\"name\":\"\u00c9tiquetage\"}]},{\"@type\":\"WebSite\",\"@id\":\"https:\/\/mits-pack.it\/#website\",\"url\":\"https:\/\/mits-pack.it\/\",\"name\":\"MITS PACK\",\"description\":\"\",\"potentialAction\":[{\"@type\":\"SearchAction\",\"target\":{\"@type\":\"EntryPoint\",\"urlTemplate\":\"https:\/\/mits-pack.it\/?s={search_term_string}\"},\"query-input\":{\"@type\":\"PropertyValueSpecification\",\"valueRequired\":true,\"valueName\":\"search_term_string\"}}],\"inLanguage\":\"it-IT\"}]}<\/script>\n<!-- \/ Yoast SEO plugin. -->","yoast_head_json":{"title":"Machines d\u2019\u00e9tiquetage industrielles | MITS PACK","description":"Nos machines d\u2019\u00e9tiquetage industrielles sont con\u00e7ues pour appliquer avec pr\u00e9cision tous types d\u2019\u00e9tiquettes sur vos produits et emballages.","robots":{"index":"index","follow":"follow","max-snippet":"max-snippet:-1","max-image-preview":"max-image-preview:large","max-video-preview":"max-video-preview:-1"},"canonical":"https:\/\/mits-pack.it\/it\/etiquetage\/","og_locale":"it_IT","og_type":"article","og_title":"Machines d\u2019\u00e9tiquetage industrielles | MITS PACK","og_description":"Nos machines d\u2019\u00e9tiquetage industrielles sont con\u00e7ues pour appliquer avec pr\u00e9cision tous types d\u2019\u00e9tiquettes sur vos produits et emballages.","og_url":"https:\/\/mits-pack.it\/it\/etiquetage\/","og_site_name":"MITS PACK","article_modified_time":"2025-11-05T11:34:01+00:00","twitter_card":"summary_large_image","twitter_misc":{"Tempo di lettura stimato":"4 minuti"},"schema":{"@context":"https:\/\/schema.org","@graph":[{"@type":"WebPage","@id":"https:\/\/mits-pack.it\/etiquetage\/","url":"https:\/\/mits-pack.it\/etiquetage\/","name":"Machines d\u2019\u00e9tiquetage industrielles | MITS PACK","isPartOf":{"@id":"https:\/\/mits-pack.it\/#website"},"datePublished":"2025-09-01T19:29:02+00:00","dateModified":"2025-11-05T11:34:01+00:00","description":"Nos machines d\u2019\u00e9tiquetage industrielles sont con\u00e7ues pour appliquer avec pr\u00e9cision tous types d\u2019\u00e9tiquettes sur vos produits et emballages.","breadcrumb":{"@id":"https:\/\/mits-pack.it\/etiquetage\/#breadcrumb"},"inLanguage":"it-IT","potentialAction":[{"@type":"ReadAction","target":["https:\/\/mits-pack.it\/etiquetage\/"]}]},{"@type":"BreadcrumbList","@id":"https:\/\/mits-pack.it\/etiquetage\/#breadcrumb","itemListElement":[{"@type":"ListItem","position":1,"name":"Accueil","item":"https:\/\/mits-pack.it\/"},{"@type":"ListItem","position":2,"name":"\u00c9tiquetage"}]},{"@type":"WebSite","@id":"https:\/\/mits-pack.it\/#website","url":"https:\/\/mits-pack.it\/","name":"MITS PACK","description":"","potentialAction":[{"@type":"SearchAction","target":{"@type":"EntryPoint","urlTemplate":"https:\/\/mits-pack.it\/?s={search_term_string}"},"query-input":{"@type":"PropertyValueSpecification","valueRequired":true,"valueName":"search_term_string"}}],"inLanguage":"it-IT"}]}},"_links":{"self":[{"href":"https:\/\/mits-pack.it\/it\/wp-json\/wp\/v2\/pages\/553","targetHints":{"allow":["GET"]}}],"collection":[{"href":"https:\/\/mits-pack.it\/it\/wp-json\/wp\/v2\/pages"}],"about":[{"href":"https:\/\/mits-pack.it\/it\/wp-json\/wp\/v2\/types\/page"}],"author":[{"embeddable":true,"href":"https:\/\/mits-pack.it\/it\/wp-json\/wp\/v2\/users\/1"}],"replies":[{"embeddable":true,"href":"https:\/\/mits-pack.it\/it\/wp-json\/wp\/v2\/comments?post=553"}],"version-history":[{"count":8,"href":"https:\/\/mits-pack.it\/it\/wp-json\/wp\/v2\/pages\/553\/revisions"}],"predecessor-version":[{"id":864,"href":"https:\/\/mits-pack.it\/it\/wp-json\/wp\/v2\/pages\/553\/revisions\/864"}],"wp:attachment":[{"href":"https:\/\/mits-pack.it\/it\/wp-json\/wp\/v2\/media?parent=553"}],"curies":[{"name":"wp","href":"https:\/\/api.w.org\/{rel}","templated":true}]}}