{"id":557,"date":"2025-09-01T21:55:25","date_gmt":"2025-09-01T19:55:25","guid":{"rendered":"https:\/\/mits-pack.it\/?page_id=557"},"modified":"2025-11-05T12:23:19","modified_gmt":"2025-11-05T11:23:19","slug":"liquide","status":"publish","type":"page","link":"https:\/\/mits-pack.it\/it\/liquide\/","title":{"rendered":"Liquidi"},"content":{"rendered":"<div class=\"wpb-content-wrapper\"><div  class=\"sec_row container\"><div class=\"vc_row wpb_row vc_row-fluid no-padding\"><div class=\"large-pic wpb_column vc_column_container vc_col-sm-12 et-dark-column\"><div class=\"vc_column-inner\"><div class=\"wpb_wrapper\"><div class=\"vc_row wpb_row vc_inner vc_row-fluid max_width\"><div class=\"wpb_column vc_column_container vc_col-sm-12 et-dark-column\"><div class=\"vc_column-inner\"><div class=\"wpb_wrapper\"><div class=\"vc_empty_space\"   style=\"height: 55px\"><span class=\"vc_empty_space_inner\"><\/span><\/div><h1 style=\"text-align: center\" class=\"vc_custom_heading vc_do_custom_heading mits-h1\" >Riempitrici per liquidi \u2013 Tappatura e confezionamento<\/h1><div class=\"vc_empty_space  hide-mobile\"   style=\"height: 55px\"><span class=\"vc_empty_space_inner\"><\/span><\/div><div class=\"vc_empty_space  hide-desktop\"   style=\"height: 33px\"><span class=\"vc_empty_space_inner\"><\/span><\/div><\/div><\/div><\/div><\/div><div class=\"vc_row wpb_row vc_inner vc_row-fluid max_width align-center vc_row-o-content-middle vc_row-flex\"><div class=\"wpb_column vc_column_container vc_col-sm-6 et-dark-column\"><div class=\"vc_column-inner\"><div class=\"wpb_wrapper\">\n\t<div id=\"et-video-lightbox-69e94bd322f84\" class=\"et-lightbox et-video-lightbox mfp-video lightbox-image icon-pulse icon-color-  medium animation bottom-to-top\" data-mfp-type=\"iframe\" data-mfp-src=\"https:\/\/www.youtube.com\/watch?v=DEwf6TVSawY\" >\n\t\t\t\t\t\n\t\t\t<img decoding=\"async\" src=\"https:\/\/mits-pack.it\/wp-content\/uploads\/2025\/10\/Liquide-photo.png\" alt=\"Liquide-photo\" \/>\n\t\t\t\t\n\t\t<div class=\"et-video-icon\">\n\t\t\t<svg xmlns=\"http:\/\/www.w3.org\/2000\/svg\" width=\"24\" height=\"24\" viewbox=\"0 0 24 24\" fill=\"none\" stroke=\"currentColor\" stroke-width=\"2\" stroke-linecap=\"round\" stroke-linejoin=\"round\" class=\"feather feather-play\"><polygon points=\"5 3 19 12 5 21 5 3\"><\/polygon><\/svg>\t\t<\/div>\n\n\t\t\t<\/div>\n\t<\/div><\/div><\/div><div class=\"wpb_column vc_column_container vc_col-sm-6 et-dark-column\"><div class=\"vc_column-inner\"><div class=\"wpb_wrapper\"><div class=\"vc_empty_space  hide-desktop\"   style=\"height: 33px\"><span class=\"vc_empty_space_inner\"><\/span><\/div>\n\t<div class=\"wpb_text_column wpb_content_element   vc_custom_1759650523704 caracteristiques\" >\n\t\t<div class=\"wpb_wrapper\">\n\t\t\t<p class=\"translation-block\">Le soluzioni di imbottigliamento industriale MITS PACK sono progettate per garantire un riempimento preciso, igienico ed efficiente di prodotti liquidi in bottiglie di vetro, plastica o metallo.<\/p>\n<p class=\"translation-block\">Versatili e completamente automatizzate, gestiscono l\u2019intero processo di confezionamento: riempimento, tappatura, sigillatura, etichettatura e imballaggio finale.<\/p>\n<p class=\"translation-block\">Realizzate in acciaio inox di alta qualit\u00e0 e conformi agli standard GMP, le nostre macchine assicurano una produzione rapida, sicura e redditizia, indipendentemente dal settore di applicazione.<\/p>\n\n\t\t<\/div>\n\t<\/div>\n<div class=\"vc_empty_space  hide-desktop\"   style=\"height: 33px\"><span class=\"vc_empty_space_inner\"><\/span><\/div><div class=\"vc_empty_space\"   style=\"height: 33px\"><span class=\"vc_empty_space_inner\"><\/span><\/div>\t\t<div id=\"et-button-69e94bd323a13\" class=\"et_btn_align_center\">\n\t\t\t<a href=\"https:\/\/mits-pack.it\/it\/demander-un-devis\/\" class=\"et_btn button et_btn_md solid color-\"  role=\"button\" title=\"\" ><span>Richiedi maggiori informazioni<\/span><\/a>\n\t\t<\/div>\n\t\t\n\t<\/div><\/div><\/div><\/div><div class=\"vc_empty_space\"   style=\"height: 55px\"><span class=\"vc_empty_space_inner\"><\/span><\/div><\/div><\/div><\/div><\/div><\/div><div  class=\"sec_row container\"><div class=\"vc_row wpb_row vc_row-fluid no-padding\"><div class=\"large-pic wpb_column vc_column_container vc_col-sm-12 et-dark-column\"><div class=\"vc_column-inner\"><div class=\"wpb_wrapper\"><div class=\"vc_row wpb_row vc_inner vc_row-fluid max_width align-center vc_row-o-content-middle vc_row-flex\"><div class=\"caracteristiques wpb_column vc_column_container vc_col-sm-6 et-dark-column\"><div class=\"vc_column-inner\"><div class=\"wpb_wrapper\"><h2 style=\"text-align: left\" class=\"vc_custom_heading vc_do_custom_heading mits-h2-2\" >Prestazioni e funzionalit\u00e0 principali<\/h2><div class=\"vc_empty_space\"   style=\"height: 9px\"><span class=\"vc_empty_space_inner\"><\/span><\/div>\n\t<div class=\"wpb_text_column wpb_content_element   vc_custom_1759496365446 caracteristiques\" >\n\t\t<div class=\"wpb_wrapper\">\n\t\t\t<ul>\n<li class=\"translation-block\"><strong>Versatilit\u00e0<\/strong>: compatibilit\u00e0 con diversi formati e forme di bottiglie, con sistemi di riempimento adatti a ogni tipo di liquido.<\/li>\n<li class=\"translation-block\"><strong>Ampia gamma di modelli<\/strong> : riempitrici automatiche e semi-automatiche, lavabottiglie, tappatrici, sigillatrici, etichettatrici e linee complete. (Scopri la nostra sezione dedicata alle macchine per etichettatura per maggiori dettagli.)<\/li>\n<\/ul>\n<ul>\n<li class=\"translation-block\"><strong>Automazione ad alta efficienza<\/strong> : alimentazione, riempimento, tappatura, sigillatura ed etichettatura completamente integrate, per ridurre i costi di manodopera e aumentare la produttivit\u00e0.<\/li>\n<li class=\"translation-block\"><strong>Precisione di dosaggio<\/strong> : pompe peristaltiche, ceramiche o magnetiche per garantire un riempimento costante e regolare.<\/li>\n<li class=\"translation-block\"><strong>Facilit\u00e0 d\u2019uso<\/strong> :controllo PLC con touch screen, sistema d\u2019allarme integrato e dispositivi di sicurezza potenziati.<\/li>\n<li class=\"translation-block\"><strong>Progettazione su misura<\/strong> :soluzioni personalizzate in base a flaconi, volumi e caratteristiche del prodotto.<\/li>\n<\/ul>\n\n\t\t<\/div>\n\t<\/div>\n<div class=\"vc_empty_space  hide-desktop\"   style=\"height: 33px\"><span class=\"vc_empty_space_inner\"><\/span><\/div><\/div><\/div><\/div><div class=\"wpb_column vc_column_container vc_col-sm-6 et-dark-column\"><div class=\"vc_column-inner\"><div class=\"wpb_wrapper\">\n\t<div  class=\"wpb_single_image wpb_content_element vc_align_left wpb_content_element vc_custom_1759311576330\">\n\t\t\n\t\t<figure class=\"wpb_wrapper vc_figure\">\n\t\t\t<div class=\"vc_single_image-wrapper   vc_box_border_grey\"><img decoding=\"async\" class=\"vc_single_image-img\" src=\"https:\/\/mits-pack.it\/wp-content\/uploads\/2025\/10\/Ligne-liquide_1-1140x900.jpg\" width=\"1140\" height=\"900\" alt=\"Ligne liquide_1\" title=\"Linea liquida_1\" loading=\"lazy\" \/><\/div>\n\t\t<\/figure>\n\t<\/div>\n<\/div><\/div><\/div><\/div><div class=\"vc_empty_space\"   style=\"height: 55px\"><span class=\"vc_empty_space_inner\"><\/span><\/div><div class=\"vc_row wpb_row vc_inner vc_row-fluid max_width align-center avantages vc_row-o-content-middle vc_row-flex\"><div class=\"wpb_column vc_column_container vc_col-sm-6 et-dark-column\"><div class=\"vc_column-inner\"><div class=\"wpb_wrapper\">\n\t<div  class=\"wpb_single_image wpb_content_element vc_align_left wpb_content_element vc_custom_1759311626613\">\n\t\t\n\t\t<figure class=\"wpb_wrapper vc_figure\">\n\t\t\t<div class=\"vc_single_image-wrapper   vc_box_border_grey\"><img decoding=\"async\" class=\"vc_single_image-img\" src=\"https:\/\/mits-pack.it\/wp-content\/uploads\/2025\/10\/Liquide_2-1024x900.jpg\" width=\"1024\" height=\"900\" alt=\"Liquide_2\" title=\"Liquido_2\" loading=\"lazy\" \/><\/div>\n\t\t<\/figure>\n\t<\/div>\n<\/div><\/div><\/div><div class=\"wpb_column vc_column_container vc_col-sm-6 et-dark-column\"><div class=\"vc_column-inner\"><div class=\"wpb_wrapper\"><div class=\"vc_empty_space  hide-desktop\"   style=\"height: 33px\"><span class=\"vc_empty_space_inner\"><\/span><\/div><h2 style=\"text-align: left\" class=\"vc_custom_heading vc_do_custom_heading mits-h2\" >Applicazioni per settore<\/h2><div class=\"vc_empty_space\"   style=\"height: 9px\"><span class=\"vc_empty_space_inner\"><\/span><\/div>\n\t<div class=\"wpb_text_column wpb_content_element   vc_custom_1756756201622\" >\n\t\t<div class=\"wpb_wrapper\">\n\t\t\t<ul>\n<li class=\"translation-block\"><strong>Bevande<\/strong> :  acqua, succhi, bibite gassate, energy drink, t\u00e8 e caff\u00e8.<\/li>\n<li class=\"translation-block\"><strong>Farmaceutico<\/strong> : sciroppi, soluzioni medicinali, oli terapeutici, prodotti iniettabili.<\/li>\n<li><strong>Agroalimentare<\/strong> oli, salse, condimenti, spezie liquide, miele, confetture.<\/li>\n<li class=\"translation-block\"><strong>Cosmetico e cura della persona<\/strong> : profumi, shampoo, gel doccia, creme, lozioni.<\/li>\n<li class=\"translation-block\"><strong>Prodotti per la pulizia<\/strong> : detergenti, disinfettanti, detergenti multiuso, sbiancanti.<\/li>\n<li class=\"translation-block\"><strong>Bevande alcoliche<\/strong> : vini, liquori, birre, distillati.<\/li>\n<li class=\"translation-block\"><strong>Prodotti chimici agricoli<\/strong> : fertilizzanti liquidi, pesticidi.<\/li>\n<li class=\"translation-block\"><strong>Industria e lubrificanti<\/strong> : oli industriali, fluidi refrigeranti, lubrificanti tecnici.<\/li>\n<\/ul>\n\n\t\t<\/div>\n\t<\/div>\n<div class=\"vc_empty_space  hide-desktop\"   style=\"height: 33px\"><span class=\"vc_empty_space_inner\"><\/span><\/div><\/div><\/div><\/div><\/div><div class=\"vc_empty_space\"   style=\"height: 55px\"><span class=\"vc_empty_space_inner\"><\/span><\/div><\/div><\/div><\/div><\/div><\/div><div  class=\"sec_row container-fluid\"><div class=\"vc_row wpb_row vc_row-fluid no-padding align-center vc_custom_1756744040306 vc_row-has-fill vc_row-o-content-middle vc_row-flex\"><div class=\"wpb_column vc_column_container vc_col-sm-12 et-dark-column\"><div class=\"vc_column-inner\"><div class=\"wpb_wrapper\"><div class=\"vc_empty_space\"   style=\"height: 55px\"><span class=\"vc_empty_space_inner\"><\/span><\/div><div class=\"vc_row wpb_row vc_inner vc_row-fluid max_width align-center vc_row-o-content-middle vc_row-flex\"><div class=\"wpb_column vc_column_container vc_col-sm-6 et-dark-column\"><div class=\"vc_column-inner\"><div class=\"wpb_wrapper\">\n\t<div  class=\"wpb_single_image wpb_content_element vc_align_left wpb_content_element vc_custom_1756745230560\">\n\t\t\n\t\t<figure class=\"wpb_wrapper vc_figure\">\n\t\t\t<div class=\"vc_single_image-wrapper   vc_box_border_grey\"><img decoding=\"async\" class=\"vc_single_image-img\" src=\"https:\/\/mits-pack.it\/wp-content\/uploads\/2025\/07\/transparent-plastic-bottles-fi_2048x2048-1200x900.webp\" width=\"1200\" height=\"900\" alt=\"transparent-plastic-bottles-fi_2048x2048\" title=\"transparent-plastic-bottles-fi_2048x2048\" loading=\"lazy\" \/><\/div>\n\t\t<\/figure>\n\t<\/div>\n<\/div><\/div><\/div><div class=\"wpb_column vc_column_container vc_col-sm-6 et-dark-column\"><div class=\"vc_column-inner\"><div class=\"wpb_wrapper\"><div class=\"vc_empty_space  hide-desktop\"   style=\"height: 33px\"><span class=\"vc_empty_space_inner\"><\/span><\/div><h2 style=\"text-align: left\" class=\"vc_custom_heading vc_do_custom_heading mits-h2\" >Perch\u00e9 scegliere le nostre soluzioni di imbottigliamento<\/h2><div class=\"vc_empty_space\"   style=\"height: 9px\"><span class=\"vc_empty_space_inner\"><\/span><\/div>\n\t<div class=\"wpb_text_column wpb_content_element   vc_custom_1756756235020 caracteristiques\" >\n\t\t<div class=\"wpb_wrapper\">\n\t\t\t<ul>\n<li class=\"translation-block\"><strong>Massima flessibilit\u00e0<\/strong> :  un\u2019unica macchina per diversi formati e tipi di liquidi.<\/li>\n<li class=\"translation-block\"><strong>Qualit\u00e0 garantita<\/strong> : componenti in acciaio inox SUS304 \/ 316L, conformi agli standard GMP.<\/li>\n<li class=\"translation-block\"><strong>Produttivit\u00e0 elevata<\/strong> : automazione completa e alta velocit\u00e0 di lavorazione.<\/li>\n<li class=\"translation-block\"><strong>Personalizzazione totale<\/strong> : ogni linea \u00e8 progettata su misura, secondo le tue esigenze.<\/li>\n<li class=\"translation-block\"><strong>Supporto completo<\/strong> : installazione, messa in servizio, formazione, manutenzione e ricambi garantiti.<\/li>\n<li class=\"translation-block\"><strong>Assistenza post-vendita a vita<\/strong> : un accompagnamento costante per assicurare un funzionamento sempre ottimale.<\/li>\n<\/ul>\n\n\t\t<\/div>\n\t<\/div>\n<div class=\"vc_empty_space\"   style=\"height: 13px\"><span class=\"vc_empty_space_inner\"><\/span><\/div>\t\t<div id=\"et-button-69e94bd34b883\" class=\"et_btn_align_left\">\n\t\t\t<a href=\"https:\/\/mits-pack.it\/it\/demander-un-devis\/\" class=\"et_btn button et_btn_md solid color-\"  role=\"button\" title=\"Richiedi un preventivo\" ><span>Richiedi un preventivo<\/span><\/a>\n\t\t<\/div>\n\t\t\n\t<\/div><\/div><\/div><\/div><div class=\"vc_empty_space\"   style=\"height: 55px\"><span class=\"vc_empty_space_inner\"><\/span><\/div><\/div><\/div><\/div><\/div><\/div><div  class=\"sec_row container\"><div class=\"vc_row wpb_row vc_row-fluid\"><div class=\"wpb_column vc_column_container vc_col-sm-12 et-dark-column\"><div class=\"vc_column-inner\"><div class=\"wpb_wrapper\"><div class=\"vc_empty_space\"   style=\"height: 55px\"><span class=\"vc_empty_space_inner\"><\/span><\/div><h2 style=\"text-align: center\" class=\"vc_custom_heading vc_do_custom_heading mits-h2\" >FAQ \u2013 Soluzioni di imbottigliamento<\/h2><div class=\"vc_empty_space\"   style=\"height: 33px\"><span class=\"vc_empty_space_inner\"><\/span><\/div><div  class=\"vc_do_toggle vc_toggle vc_toggle_default vc_toggle_color_default  vc_toggle_size_md vc_toggle_active\"><div class=\"vc_toggle_title\"><h4>Quali tipi di prodotti possono essere imbottigliati?<\/h4><i class=\"vc_toggle_icon\"><\/i><\/div><div class=\"vc_toggle_content\"><ul>\n<li class=\"translation-block\"><strong>Bevande<\/strong> : acqua, succhi, bibite, alcolici.<\/li>\n<li class=\"translation-block\"><strong>Farmaceutico<\/strong> : sciroppi, soluzioni, oli medicinali.<\/li>\n<li class=\"translation-block\"><strong>Cosmetico<\/strong> : profumi, shampoo, gel, lozioni.<\/li>\n<li><strong>Agroalimentare<\/strong> `salse, oli, condimenti, miele.<\/li>\n<li><strong><strong>Chimico &amp; detergenza<\/strong><\/strong> : detergenti, lubrificanti, fertilizzanti, pesticidi.<\/li>\n<\/ul>\n<\/div><\/div><div  class=\"vc_do_toggle vc_toggle vc_toggle_default vc_toggle_color_default  vc_toggle_size_md\"><div class=\"vc_toggle_title\"><h4>Come si adattano le macchine alle diverse dimensioni delle bottiglie?<\/h4><i class=\"vc_toggle_icon\"><\/i><\/div><div class=\"vc_toggle_content\"><p>Le nostre macchine sono dotate di sistemi di regolazione e di pinze adattive.\nPer alcuni formati specifici vengono forniti stampi personalizzati, realizzati su misura in base alle esigenze del cliente.<\/p>\n<\/div><\/div><div  class=\"vc_do_toggle vc_toggle vc_toggle_default vc_toggle_color_default  vc_toggle_size_md\"><div class=\"vc_toggle_title\"><h4>Come garantire la pulizia e la manutenzione?<\/h4><i class=\"vc_toggle_icon\"><\/i><\/div><div class=\"vc_toggle_content\"><ul>\n<li>Pulizia regolare dopo ogni lotto di produzione (sistema CIP disponibile a seconda del modello).<\/li>\n<li>Lubrificazione delle parti mobili (motori, catene, cuscinetti).<\/li>\n<li>Controllo periodico delle cinghie e stoccaggio in ambiente asciutto.<\/li>\n<\/ul>\n<\/div><\/div><div  class=\"vc_do_toggle vc_toggle vc_toggle_default vc_toggle_color_default  vc_toggle_size_md\"><div class=\"vc_toggle_title\"><h4>Qual \u00e8 la capacit\u00e0 produttiva?<\/h4><i class=\"vc_toggle_icon\"><\/i><\/div><div class=\"vc_toggle_content\"><p class=\"translation-block\">Offriamo attrezzature di piccola, media e grande capacit\u00e0.\nI nostri esperti consigliano il modello pi\u00f9 adatto ai vostri volumi di produzione, garantendo sempre il miglior equilibrio tra efficienza, precisione e investimento.<\/p>\n<\/div><\/div><div  class=\"vc_do_toggle vc_toggle vc_toggle_default vc_toggle_color_default  vc_toggle_size_md\"><div class=\"vc_toggle_title\"><h4>Le macchine rispettano le norme GMP?<\/h4><i class=\"vc_toggle_icon\"><\/i><\/div><div class=\"vc_toggle_content\"><p>S\u00ec, tutte le parti a contatto con il prodotto sono realizzate in acciaio inox SUS304\/316L, in conformit\u00e0 con gli standard GMP.<\/p>\n<\/div><\/div><div  class=\"vc_do_toggle vc_toggle vc_toggle_default vc_toggle_color_default  vc_toggle_size_md\"><div class=\"vc_toggle_title\"><h4>Fornite installazione e formazione?<\/h4><i class=\"vc_toggle_icon\"><\/i><\/div><div class=\"vc_toggle_content\"><p class=\"translation-block\">S\u00ec, i nostri team garantiscono l\u2019installazione in loco, la messa in servizio e la formazione del personale operativo, assicurando un supporto tecnico continuo.<\/p>\n<\/div><\/div><div class=\"vc_empty_space\"   style=\"height: 55px\"><span class=\"vc_empty_space_inner\"><\/span><\/div><\/div><\/div><\/div><\/div><\/div><div id=\"contact-banner\" class=\"sec_row container-fluid\"><div class=\"vc_row wpb_row vc_row-fluid no-padding vc_custom_1748611716768 vc_row-has-fill\"><div class=\"wpb_column vc_column_container vc_col-sm-2 et-dark-column\"><div class=\"vc_column-inner  vc_custom_1679921854256\"><div class=\"wpb_wrapper\"><\/div><\/div><\/div><div class=\"wpb_column vc_column_container vc_col-sm-8 et-dark-column\"><div class=\"vc_column-inner  vc_custom_1680263875816\"><div class=\"wpb_wrapper\"><div class=\"vc_row wpb_row vc_inner vc_row-fluid max_width\"><div class=\"text-center wpb_column vc_column_container vc_col-sm-12 et-dark-column\"><div class=\"vc_column-inner  vc_custom_1678278908258\"><div class=\"wpb_wrapper\"><div class=\"vc_empty_space\"   style=\"height: 90px\"><span class=\"vc_empty_space_inner\"><\/span><\/div><h2 style=\"color: #0E1851;text-align: center\" class=\"vc_custom_heading vc_do_custom_heading heading-solystic vc_custom_1756741566076\" >Passa all\u2019azione<\/h2><p style=\"font-size: 21px;color: #0E1851;line-height: 1.4;text-align: center\" class=\"vc_custom_heading vc_do_custom_heading vc_custom_1756756474343\" >Cerchi un impianto di imbottigliamento adatto ai tuoi prodotti? \nContattaci per una consulenza personalizzata o per richiedere un preventivo: il nostro team sar\u00e0 lieto di guidarti nella scelta della soluzione pi\u00f9 adatta alle tue esigenze.<\/p>\t\t<div id=\"et-button-69e94bd34d184\" class=\"et_btn_align_left\">\n\t\t\t<a href=\"https:\/\/mits-pack.it\/it\/demander-un-devis\/\" class=\"et_btn button et_btn_md solid color-\"  role=\"button\" title=\"Contatti\" ><span>Richiedi un preventivo personalizzato<\/span><\/a>\n\t\t<\/div>\n\t\t\n\t<div class=\"vc_empty_space\"   style=\"height: 11px\"><span class=\"vc_empty_space_inner\"><\/span><\/div><div class=\"vc_empty_space\"   style=\"height: 90px\"><span class=\"vc_empty_space_inner\"><\/span><\/div><\/div><\/div><\/div><\/div><\/div><\/div><\/div><div class=\"wpb_column vc_column_container vc_col-sm-2 et-dark-column\"><div class=\"vc_column-inner\"><div class=\"wpb_wrapper\"><\/div><\/div><\/div><\/div><\/div>\n<\/div>","protected":false},"excerpt":{"rendered":"Remplisseuse liquide \u2013 bouchage et conditionnement Les \u00e9quipements d\u2019embouteillage industriels sont essentiels pour le remplissage pr\u00e9cis et efficace de produits liquides dans des bouteilles en verre, plastique ou m\u00e9tal. Polyvalents et automatis\u00e9s, ils prennent en charge l\u2019ensemble du processus : remplissage, bouchage, scellage, \u00e9tiquetage et conditionnement final. Conformes aux normes [...]","protected":false},"author":1,"featured_media":0,"parent":0,"menu_order":0,"comment_status":"closed","ping_status":"closed","template":"","meta":{"_acf_changed":false,"inline_featured_image":false,"footnotes":""},"class_list":["post-557","page","type-page","status-publish","hentry"],"acf":[],"yoast_head":"<!-- This site is optimized with the Yoast SEO plugin v27.0 - https:\/\/yoast.com\/product\/yoast-seo-wordpress\/ -->\n<title>Remplisseuse liquide, bouchage et conditionnement - MITS PACK<\/title>\n<meta name=\"description\" content=\"Les \u00e9quipements d\u2019embouteillage industriels sont essentiels pour le remplissage pr\u00e9cis et efficace de produits liquides dans des bouteilles en verre, plastique ou m\u00e9tal.\" \/>\n<meta name=\"robots\" content=\"index, follow, max-snippet:-1, max-image-preview:large, max-video-preview:-1\" \/>\n<link rel=\"canonical\" href=\"https:\/\/mits-pack.it\/it\/liquide\/\" \/>\n<meta property=\"og:locale\" content=\"it_IT\" \/>\n<meta property=\"og:type\" content=\"article\" \/>\n<meta property=\"og:title\" content=\"Remplisseuse liquide, bouchage et conditionnement - MITS PACK\" \/>\n<meta property=\"og:description\" content=\"Les \u00e9quipements d\u2019embouteillage industriels sont essentiels pour le remplissage pr\u00e9cis et efficace de produits liquides dans des bouteilles en verre, plastique ou m\u00e9tal.\" \/>\n<meta property=\"og:url\" content=\"https:\/\/mits-pack.it\/it\/liquide\/\" \/>\n<meta property=\"og:site_name\" content=\"MITS PACK\" \/>\n<meta property=\"article:modified_time\" content=\"2025-11-05T11:23:19+00:00\" \/>\n<meta name=\"twitter:card\" content=\"summary_large_image\" \/>\n<meta name=\"twitter:label1\" content=\"Tempo di lettura stimato\" \/>\n\t<meta name=\"twitter:data1\" content=\"4 minuti\" \/>\n<script type=\"application\/ld+json\" class=\"yoast-schema-graph\">{\"@context\":\"https:\/\/schema.org\",\"@graph\":[{\"@type\":\"WebPage\",\"@id\":\"https:\/\/mits-pack.it\/liquide\/\",\"url\":\"https:\/\/mits-pack.it\/liquide\/\",\"name\":\"Remplisseuse liquide, bouchage et conditionnement - MITS PACK\",\"isPartOf\":{\"@id\":\"https:\/\/mits-pack.it\/#website\"},\"datePublished\":\"2025-09-01T19:55:25+00:00\",\"dateModified\":\"2025-11-05T11:23:19+00:00\",\"description\":\"Les \u00e9quipements d\u2019embouteillage industriels sont essentiels pour le remplissage pr\u00e9cis et efficace de produits liquides dans des bouteilles en verre, plastique ou m\u00e9tal.\",\"breadcrumb\":{\"@id\":\"https:\/\/mits-pack.it\/liquide\/#breadcrumb\"},\"inLanguage\":\"it-IT\",\"potentialAction\":[{\"@type\":\"ReadAction\",\"target\":[\"https:\/\/mits-pack.it\/liquide\/\"]}]},{\"@type\":\"BreadcrumbList\",\"@id\":\"https:\/\/mits-pack.it\/liquide\/#breadcrumb\",\"itemListElement\":[{\"@type\":\"ListItem\",\"position\":1,\"name\":\"Accueil\",\"item\":\"https:\/\/mits-pack.it\/\"},{\"@type\":\"ListItem\",\"position\":2,\"name\":\"Liquide\"}]},{\"@type\":\"WebSite\",\"@id\":\"https:\/\/mits-pack.it\/#website\",\"url\":\"https:\/\/mits-pack.it\/\",\"name\":\"MITS PACK\",\"description\":\"\",\"potentialAction\":[{\"@type\":\"SearchAction\",\"target\":{\"@type\":\"EntryPoint\",\"urlTemplate\":\"https:\/\/mits-pack.it\/?s={search_term_string}\"},\"query-input\":{\"@type\":\"PropertyValueSpecification\",\"valueRequired\":true,\"valueName\":\"search_term_string\"}}],\"inLanguage\":\"it-IT\"}]}<\/script>\n<!-- \/ Yoast SEO plugin. -->","yoast_head_json":{"title":"Remplisseuse liquide, bouchage et conditionnement - MITS PACK","description":"Les \u00e9quipements d\u2019embouteillage industriels sont essentiels pour le remplissage pr\u00e9cis et efficace de produits liquides dans des bouteilles en verre, plastique ou m\u00e9tal.","robots":{"index":"index","follow":"follow","max-snippet":"max-snippet:-1","max-image-preview":"max-image-preview:large","max-video-preview":"max-video-preview:-1"},"canonical":"https:\/\/mits-pack.it\/it\/liquide\/","og_locale":"it_IT","og_type":"article","og_title":"Remplisseuse liquide, bouchage et conditionnement - MITS PACK","og_description":"Les \u00e9quipements d\u2019embouteillage industriels sont essentiels pour le remplissage pr\u00e9cis et efficace de produits liquides dans des bouteilles en verre, plastique ou m\u00e9tal.","og_url":"https:\/\/mits-pack.it\/it\/liquide\/","og_site_name":"MITS PACK","article_modified_time":"2025-11-05T11:23:19+00:00","twitter_card":"summary_large_image","twitter_misc":{"Tempo di lettura stimato":"4 minuti"},"schema":{"@context":"https:\/\/schema.org","@graph":[{"@type":"WebPage","@id":"https:\/\/mits-pack.it\/liquide\/","url":"https:\/\/mits-pack.it\/liquide\/","name":"Remplisseuse liquide, bouchage et conditionnement - MITS PACK","isPartOf":{"@id":"https:\/\/mits-pack.it\/#website"},"datePublished":"2025-09-01T19:55:25+00:00","dateModified":"2025-11-05T11:23:19+00:00","description":"Les \u00e9quipements d\u2019embouteillage industriels sont essentiels pour le remplissage pr\u00e9cis et efficace de produits liquides dans des bouteilles en verre, plastique ou m\u00e9tal.","breadcrumb":{"@id":"https:\/\/mits-pack.it\/liquide\/#breadcrumb"},"inLanguage":"it-IT","potentialAction":[{"@type":"ReadAction","target":["https:\/\/mits-pack.it\/liquide\/"]}]},{"@type":"BreadcrumbList","@id":"https:\/\/mits-pack.it\/liquide\/#breadcrumb","itemListElement":[{"@type":"ListItem","position":1,"name":"Accueil","item":"https:\/\/mits-pack.it\/"},{"@type":"ListItem","position":2,"name":"Liquide"}]},{"@type":"WebSite","@id":"https:\/\/mits-pack.it\/#website","url":"https:\/\/mits-pack.it\/","name":"MITS PACK","description":"","potentialAction":[{"@type":"SearchAction","target":{"@type":"EntryPoint","urlTemplate":"https:\/\/mits-pack.it\/?s={search_term_string}"},"query-input":{"@type":"PropertyValueSpecification","valueRequired":true,"valueName":"search_term_string"}}],"inLanguage":"it-IT"}]}},"_links":{"self":[{"href":"https:\/\/mits-pack.it\/it\/wp-json\/wp\/v2\/pages\/557","targetHints":{"allow":["GET"]}}],"collection":[{"href":"https:\/\/mits-pack.it\/it\/wp-json\/wp\/v2\/pages"}],"about":[{"href":"https:\/\/mits-pack.it\/it\/wp-json\/wp\/v2\/types\/page"}],"author":[{"embeddable":true,"href":"https:\/\/mits-pack.it\/it\/wp-json\/wp\/v2\/users\/1"}],"replies":[{"embeddable":true,"href":"https:\/\/mits-pack.it\/it\/wp-json\/wp\/v2\/comments?post=557"}],"version-history":[{"count":15,"href":"https:\/\/mits-pack.it\/it\/wp-json\/wp\/v2\/pages\/557\/revisions"}],"predecessor-version":[{"id":835,"href":"https:\/\/mits-pack.it\/it\/wp-json\/wp\/v2\/pages\/557\/revisions\/835"}],"wp:attachment":[{"href":"https:\/\/mits-pack.it\/it\/wp-json\/wp\/v2\/media?parent=557"}],"curies":[{"name":"wp","href":"https:\/\/api.w.org\/{rel}","templated":true}]}}