{"id":565,"date":"2025-09-01T22:09:33","date_gmt":"2025-09-01T20:09:33","guid":{"rendered":"https:\/\/mits-pack.it\/?page_id=565"},"modified":"2025-11-05T12:24:47","modified_gmt":"2025-11-05T11:24:47","slug":"poudre","status":"publish","type":"page","link":"https:\/\/mits-pack.it\/it\/poudre\/","title":{"rendered":"Polveri"},"content":{"rendered":"<div class=\"wpb-content-wrapper\"><div  class=\"sec_row container\"><div class=\"vc_row wpb_row vc_row-fluid no-padding\"><div class=\"large-pic wpb_column vc_column_container vc_col-sm-12 et-dark-column\"><div class=\"vc_column-inner\"><div class=\"wpb_wrapper\"><div class=\"vc_row wpb_row vc_inner vc_row-fluid max_width\"><div class=\"wpb_column vc_column_container vc_col-sm-12 et-dark-column\"><div class=\"vc_column-inner\"><div class=\"wpb_wrapper\"><div class=\"vc_empty_space\"   style=\"height: 55px\"><span class=\"vc_empty_space_inner\"><\/span><\/div><h1 style=\"text-align: center\" class=\"vc_custom_heading vc_do_custom_heading mits-h1\" >Macchine industriali per il trattamento e il confezionamento delle polveri<\/h1><div class=\"vc_empty_space  hide-mobile\"   style=\"height: 55px\"><span class=\"vc_empty_space_inner\"><\/span><\/div><div class=\"vc_empty_space  hide-desktop\"   style=\"height: 33px\"><span class=\"vc_empty_space_inner\"><\/span><\/div><\/div><\/div><\/div><\/div><div class=\"vc_row wpb_row vc_inner vc_row-fluid max_width align-center vc_row-o-content-middle vc_row-flex\"><div class=\"wpb_column vc_column_container vc_col-sm-6 et-dark-column\"><div class=\"vc_column-inner\"><div class=\"wpb_wrapper\">\n\t<div id=\"et-video-lightbox-69e93185954d9\" class=\"et-lightbox et-video-lightbox mfp-video lightbox-image icon-pulse icon-color-  medium animation bottom-to-top\" data-mfp-type=\"iframe\" data-mfp-src=\"https:\/\/www.youtube.com\/watch?v=TCY92XNjMjw\" >\n\t\t\t\t\t\n\t\t\t<img decoding=\"async\" src=\"https:\/\/mits-pack.it\/wp-content\/uploads\/2025\/10\/Poudre-mix-photo.png\" alt=\"Poudre mix-photo\" \/>\n\t\t\t\t\n\t\t<div class=\"et-video-icon\">\n\t\t\t<svg xmlns=\"http:\/\/www.w3.org\/2000\/svg\" width=\"24\" height=\"24\" viewbox=\"0 0 24 24\" fill=\"none\" stroke=\"currentColor\" stroke-width=\"2\" stroke-linecap=\"round\" stroke-linejoin=\"round\" class=\"feather feather-play\"><polygon points=\"5 3 19 12 5 21 5 3\"><\/polygon><\/svg>\t\t<\/div>\n\n\t\t\t<\/div>\n\t<\/div><\/div><\/div><div class=\"wpb_column vc_column_container vc_col-sm-6 et-dark-column\"><div class=\"vc_column-inner\"><div class=\"wpb_wrapper\"><div class=\"vc_empty_space  hide-desktop\"   style=\"height: 33px\"><span class=\"vc_empty_space_inner\"><\/span><\/div>\n\t<div class=\"wpb_text_column wpb_content_element   vc_custom_1756757115034 caracteristiques\" >\n\t\t<div class=\"wpb_wrapper\">\n\t\t\t<p class=\"translation-block\">Le nostre macchine per il trattamento e il confezionamento delle polveri sono progettate per garantire dosaggi precisi, condizionamento igienico e manipolazione efficiente di ogni tipo di polvere: farmaceutica, alimentare, chimica, cosmetica o industriale.<\/p>\n<p class=\"translation-block\">Che si tratti di riempimento in vasetti, flaconi, bustine, capsule, scatole o big bag, le nostre soluzioni assicurano precisione, pulizia e produttivit\u00e0.\nSono dotate delle pi\u00f9 moderne tecnologie di pesatura, avvitamento, compattazione e controllo antipolvere, in piena conformit\u00e0 con le norme GMP e ISO.<\/p>\n\n\t\t<\/div>\n\t<\/div>\n<div class=\"vc_empty_space  hide-desktop\"   style=\"height: 33px\"><span class=\"vc_empty_space_inner\"><\/span><\/div><div class=\"vc_empty_space\"   style=\"height: 33px\"><span class=\"vc_empty_space_inner\"><\/span><\/div>\t\t<div id=\"et-button-69e9318595fdc\" class=\"et_btn_align_center\">\n\t\t\t<a href=\"https:\/\/mits-pack.it\/it\/contact\/\" class=\"et_btn button et_btn_md solid color-\"  role=\"button\" title=\"\" ><span>Richiedi maggiori informazioni<\/span><\/a>\n\t\t<\/div>\n\t\t\n\t<\/div><\/div><\/div><\/div><div class=\"vc_empty_space\"   style=\"height: 55px\"><span class=\"vc_empty_space_inner\"><\/span><\/div><\/div><\/div><\/div><\/div><\/div><div  class=\"sec_row container\"><div class=\"vc_row wpb_row vc_row-fluid no-padding\"><div class=\"large-pic wpb_column vc_column_container vc_col-sm-12 et-dark-column\"><div class=\"vc_column-inner\"><div class=\"wpb_wrapper\"><div class=\"vc_row wpb_row vc_inner vc_row-fluid max_width align-center vc_row-o-content-middle vc_row-flex\"><div class=\"caracteristiques wpb_column vc_column_container vc_col-sm-6 et-dark-column\"><div class=\"vc_column-inner\"><div class=\"wpb_wrapper\"><h2 style=\"text-align: left\" class=\"vc_custom_heading vc_do_custom_heading mits-h2-2\" >Prestazioni e funzionalit\u00e0 principali<\/h2><div class=\"vc_empty_space\"   style=\"height: 9px\"><span class=\"vc_empty_space_inner\"><\/span><\/div>\n\t<div class=\"wpb_text_column wpb_content_element   vc_custom_1756757137878 caracteristiques\" >\n\t\t<div class=\"wpb_wrapper\">\n\t\t\t<ul>\n<li><strong>Dosaggio ad alta precisione:<\/strong> sistemi a coclea (auger filler), microdosatori e bilance elettroniche \u2192 tolleranze minime e massima accuratezza.<\/li>\n<li><strong>Versatilit\u00e0<\/strong> adatte a polveri fini, granulati, polveri fluide o difficili da gestire \u2192 soluzioni personalizzate per ogni prodotto.<\/li>\n<li><strong>Igiene e conformit\u00e0<\/strong> : parti a contatto con il prodotto in acciaio inox SUS304\/316L, pulizia semplificata e rispetto delle norme GMP.<\/li>\n<li><strong>Automazione avanzata<\/strong> : controllo tramite PLC, schermo touch, sistemi di pesatura e conteggio integrati.<\/li>\n<li><strong>Controllo qualit\u00e0<\/strong> : sensori e rilevatori che garantiscono il corretto riempimento, la regolarit\u00e0 e l\u2019assenza di contaminazioni incrociate.<\/li>\n<li><strong>Gestione delle polveri<\/strong> : sistemi di filtrazione e aspirazione per assicurare sicurezza, pulizia e protezione degli operatori.<\/li>\n<li><strong>Opzioni modulari<\/strong> : integrazione di sistemi di saldatura, tappatura, e immissione in atmosfera protettiva (azoto).<\/li>\n<\/ul>\n\n\t\t<\/div>\n\t<\/div>\n<div class=\"vc_empty_space  hide-desktop\"   style=\"height: 33px\"><span class=\"vc_empty_space_inner\"><\/span><\/div><\/div><\/div><\/div><div class=\"wpb_column vc_column_container vc_col-sm-6 et-dark-column\"><div class=\"vc_column-inner\"><div class=\"wpb_wrapper\">\n\t<div  class=\"wpb_single_image wpb_content_element vc_align_left wpb_content_element vc_custom_1759311703868\">\n\t\t\n\t\t<figure class=\"wpb_wrapper vc_figure\">\n\t\t\t<div class=\"vc_single_image-wrapper   vc_box_border_grey\"><img decoding=\"async\" class=\"vc_single_image-img\" src=\"https:\/\/mits-pack.it\/wp-content\/uploads\/2025\/10\/Poudre_1-1024x900.jpg\" width=\"1024\" height=\"900\" alt=\"Poudre_1\" title=\"Polvere_1\" loading=\"lazy\" \/><\/div>\n\t\t<\/figure>\n\t<\/div>\n<\/div><\/div><\/div><\/div><div class=\"vc_empty_space\"   style=\"height: 55px\"><span class=\"vc_empty_space_inner\"><\/span><\/div><div class=\"vc_row wpb_row vc_inner vc_row-fluid max_width align-center avantages vc_row-o-content-middle vc_row-flex\"><div class=\"wpb_column vc_column_container vc_col-sm-6 et-dark-column\"><div class=\"vc_column-inner\"><div class=\"wpb_wrapper\">\n\t<div  class=\"wpb_single_image wpb_content_element vc_align_left wpb_content_element vc_custom_1759311722188\">\n\t\t\n\t\t<figure class=\"wpb_wrapper vc_figure\">\n\t\t\t<div class=\"vc_single_image-wrapper   vc_box_border_grey\"><img decoding=\"async\" class=\"vc_single_image-img\" src=\"https:\/\/mits-pack.it\/wp-content\/uploads\/2025\/10\/Poudre_2-1024x900.jpg\" width=\"1024\" height=\"900\" alt=\"Poudre_2\" title=\"Polvere_2\" loading=\"lazy\" \/><\/div>\n\t\t<\/figure>\n\t<\/div>\n<\/div><\/div><\/div><div class=\"wpb_column vc_column_container vc_col-sm-6 et-dark-column\"><div class=\"vc_column-inner\"><div class=\"wpb_wrapper\"><div class=\"vc_empty_space  hide-desktop\"   style=\"height: 33px\"><span class=\"vc_empty_space_inner\"><\/span><\/div><h2 style=\"text-align: left\" class=\"vc_custom_heading vc_do_custom_heading mits-h2\" >Applicazioni per settore<\/h2><div class=\"vc_empty_space\"   style=\"height: 9px\"><span class=\"vc_empty_space_inner\"><\/span><\/div>\n\t<div class=\"wpb_text_column wpb_content_element   vc_custom_1756757160198\" >\n\t\t<div class=\"wpb_wrapper\">\n\t\t\t<ul>\n<li><strong>Industria farmaceutica<\/strong> : capsule, polveri medicinali, integratori alimentari.<\/li>\n<li><strong>Agroalimentare<\/strong> : latte in polvere, proteine, spezie, cacao, farine, bevande istantanee.<\/li>\n<li><strong>Cosmetici<\/strong> : polveri compatte, trattamenti in polvere, maschere, prodotti per capelli.<\/li>\n<li><strong>Prodotti chimici e industriali<\/strong> : additivi, pigmenti, polveri tecniche, lubrificanti secchi.<\/li>\n<li><strong>Prodotti veterinari e nutrizione animale<\/strong> : integratori e formulazioni specializzate.<\/li>\n<\/ul>\n\n\t\t<\/div>\n\t<\/div>\n<div class=\"vc_empty_space  hide-desktop\"   style=\"height: 33px\"><span class=\"vc_empty_space_inner\"><\/span><\/div><\/div><\/div><\/div><\/div><div class=\"vc_empty_space\"   style=\"height: 55px\"><span class=\"vc_empty_space_inner\"><\/span><\/div><\/div><\/div><\/div><\/div><\/div><div  class=\"sec_row container-fluid\"><div class=\"vc_row wpb_row vc_row-fluid no-padding align-center vc_custom_1756744040306 vc_row-has-fill vc_row-o-content-middle vc_row-flex\"><div class=\"wpb_column vc_column_container vc_col-sm-12 et-dark-column\"><div class=\"vc_column-inner\"><div class=\"wpb_wrapper\"><div class=\"vc_empty_space\"   style=\"height: 55px\"><span class=\"vc_empty_space_inner\"><\/span><\/div><div class=\"vc_row wpb_row vc_inner vc_row-fluid max_width align-center vc_row-o-content-middle vc_row-flex\"><div class=\"wpb_column vc_column_container vc_col-sm-6 et-dark-column\"><div class=\"vc_column-inner\"><div class=\"wpb_wrapper\">\n\t<div  class=\"wpb_single_image wpb_content_element vc_align_left wpb_content_element vc_custom_1759311988062\">\n\t\t\n\t\t<figure class=\"wpb_wrapper vc_figure\">\n\t\t\t<div class=\"vc_single_image-wrapper   vc_box_border_grey\"><img decoding=\"async\" class=\"vc_single_image-img\" src=\"https:\/\/mits-pack.it\/wp-content\/uploads\/2025\/10\/Page-produits-Proteines-de-lait.jpg\" width=\"720\" height=\"480\" alt=\"Page-produits-Proteines-de-lait\" title=\"Pagina-prodotti-Proteine del latte\" loading=\"lazy\" \/><\/div>\n\t\t<\/figure>\n\t<\/div>\n<\/div><\/div><\/div><div class=\"wpb_column vc_column_container vc_col-sm-6 et-dark-column\"><div class=\"vc_column-inner\"><div class=\"wpb_wrapper\"><div class=\"vc_empty_space  hide-desktop\"   style=\"height: 33px\"><span class=\"vc_empty_space_inner\"><\/span><\/div><h2 style=\"text-align: left\" class=\"vc_custom_heading vc_do_custom_heading mits-h2\" >Perch\u00e9 scegliere le nostre macchine per polveri?<\/h2><div class=\"vc_empty_space\"   style=\"height: 9px\"><span class=\"vc_empty_space_inner\"><\/span><\/div>\n\t<div class=\"wpb_text_column wpb_content_element   vc_custom_1756757204755 caracteristiques\" >\n\t\t<div class=\"wpb_wrapper\">\n\t\t\t<ul>\n<li><strong>Massima precisione<\/strong> \u2192 ogni dose \u00e8 garantita, senza sprechi.<\/li>\n<li><strong>Flessibilit\u00e0<\/strong> \u2192 una sola macchina pu\u00f2 gestire diversi formati e tipi di prodotto.<\/li>\n<li><strong>Igiene e sicurezza<\/strong> \u2192 design antipolvere, acciaio inox conforme agli standard GMP.<\/li>\n<li><strong>Produttivit\u00e0<\/strong> \u2192 elevata capacit\u00e0 produttiva, adatta sia a piccole che grandi serie.<\/li>\n<li><strong>Personalizzazione<\/strong> \u2192 soluzioni su misura per i vostri prodotti e i vostri imballaggi.<\/li>\n<li><strong>Assistenza completa<\/strong> \u2192 installazione, messa in servizio, formazione e manutenzione.<\/li>\n<\/ul>\n\n\t\t<\/div>\n\t<\/div>\n<div class=\"vc_empty_space\"   style=\"height: 13px\"><span class=\"vc_empty_space_inner\"><\/span><\/div>\t\t<div id=\"et-button-69e93185cc55a\" class=\"et_btn_align_left\">\n\t\t\t<a href=\"https:\/\/mits-pack.it\/it\/demander-un-devis\/\" class=\"et_btn button et_btn_md solid color-\"  role=\"button\" title=\"Richiedi un preventivo\" ><span>Richiedi un preventivo<\/span><\/a>\n\t\t<\/div>\n\t\t\n\t<\/div><\/div><\/div><\/div><div class=\"vc_empty_space\"   style=\"height: 55px\"><span class=\"vc_empty_space_inner\"><\/span><\/div><\/div><\/div><\/div><\/div><\/div><div  class=\"sec_row container\"><div class=\"vc_row wpb_row vc_row-fluid\"><div class=\"wpb_column vc_column_container vc_col-sm-12 et-dark-column\"><div class=\"vc_column-inner\"><div class=\"wpb_wrapper\"><div class=\"vc_empty_space\"   style=\"height: 55px\"><span class=\"vc_empty_space_inner\"><\/span><\/div><h2 style=\"text-align: center\" class=\"vc_custom_heading vc_do_custom_heading mits-h2\" >FAQ \u2013 Macchine per il confezionamento di polveri<\/h2><div class=\"vc_empty_space\"   style=\"height: 33px\"><span class=\"vc_empty_space_inner\"><\/span><\/div><div  class=\"vc_do_toggle vc_toggle vc_toggle_default vc_toggle_color_default  vc_toggle_size_md vc_toggle_active\"><div class=\"vc_toggle_title\"><h4>Quali tipi di polveri possono essere trattate?<\/h4><i class=\"vc_toggle_icon\"><\/i><\/div><div class=\"vc_toggle_content\"><ul>\n<li>Polveri alimentari (latte, proteine, cacao, spezie, farine).<\/li>\n<li>Polveri farmaceutiche e nutraceutiche.<\/li>\n<li>Cosmetici in polvere (make-up, trattamenti).<\/li>\n<li>Prodotti chimici e industriali.<\/li>\n<\/ul>\n<\/div><\/div><div  class=\"vc_do_toggle vc_toggle vc_toggle_default vc_toggle_color_default  vc_toggle_size_md\"><div class=\"vc_toggle_title\"><h4>Qual \u00e8 la precisione di dosaggio?<\/h4><i class=\"vc_toggle_icon\"><\/i><\/div><div class=\"vc_toggle_content\"><p class=\"translation-block\">Le nostre macchine utilizzano sistemi a coclea e pesatura elettronica, con una precisione che pu\u00f2 raggiungere da \u00b10,2 % a 1 %.<\/p>\n<\/div><\/div><div  class=\"vc_do_toggle vc_toggle vc_toggle_default vc_toggle_color_default  vc_toggle_size_md\"><div class=\"vc_toggle_title\"><h4>Come viene gestita la polvere dall\u2019impianto?<\/h4><i class=\"vc_toggle_icon\"><\/i><\/div><div class=\"vc_toggle_content\"><p class=\"translation-block\">Le nostre macchine sono dotate di sistemi integrati di aspirazione e filtrazione, che mantengono un ambiente di lavoro pulito e sicuro, prevenendo la dispersione di polveri.<\/p>\n<\/div><\/div><div  class=\"vc_do_toggle vc_toggle vc_toggle_default vc_toggle_color_default  vc_toggle_size_md\"><div class=\"vc_toggle_title\"><h4>\u00c8 conforme alle norme GMP?<\/h4><i class=\"vc_toggle_icon\"><\/i><\/div><div class=\"vc_toggle_content\"><p>S\u00ec. Tutte le nostre macchine sono realizzate in acciaio inox SUS304\/316L e rispettano gli standard GMP e ISO applicabili.<\/p>\n<\/div><\/div><div  class=\"vc_do_toggle vc_toggle vc_toggle_default vc_toggle_color_default  vc_toggle_size_md\"><div class=\"vc_toggle_title\"><h4>Fornite installazione e formazione?<\/h4><i class=\"vc_toggle_icon\"><\/i><\/div><div class=\"vc_toggle_content\"><p class=\"translation-block\">S\u00ec. Offriamo installazione, avviamento e formazione del personale, oltre a un servizio completo di assistenza e manutenzione.<\/p>\n<\/div><\/div><div class=\"vc_empty_space\"   style=\"height: 55px\"><span class=\"vc_empty_space_inner\"><\/span><\/div><\/div><\/div><\/div><\/div><\/div><div id=\"contact-banner\" class=\"sec_row container-fluid\"><div class=\"vc_row wpb_row vc_row-fluid no-padding vc_custom_1748611716768 vc_row-has-fill\"><div class=\"wpb_column vc_column_container vc_col-sm-2 et-dark-column\"><div class=\"vc_column-inner  vc_custom_1679921854256\"><div class=\"wpb_wrapper\"><\/div><\/div><\/div><div class=\"wpb_column vc_column_container vc_col-sm-8 et-dark-column\"><div class=\"vc_column-inner  vc_custom_1680263875816\"><div class=\"wpb_wrapper\"><div class=\"vc_row wpb_row vc_inner vc_row-fluid max_width\"><div class=\"text-center wpb_column vc_column_container vc_col-sm-12 et-dark-column\"><div class=\"vc_column-inner  vc_custom_1678278908258\"><div class=\"wpb_wrapper\"><div class=\"vc_empty_space\"   style=\"height: 90px\"><span class=\"vc_empty_space_inner\"><\/span><\/div><h2 style=\"color: #0E1851;text-align: center\" class=\"vc_custom_heading vc_do_custom_heading heading-solystic vc_custom_1756741566076\" >Passa all\u2019azione<\/h2><p style=\"font-size: 21px;color: #0E1851;line-height: 1.4;text-align: center\" class=\"vc_custom_heading vc_do_custom_heading vc_custom_1756757364207\" >Stai cercando una soluzione affidabile e precisa per il confezionamento delle tue polveri?\nI nostri esperti ti accompagnano nella scelta della macchina pi\u00f9 adatta alle tue esigenze e ai tuoi ritmi di produzione.<\/p>\t\t<div id=\"et-button-69e93185cda85\" class=\"et_btn_align_left\">\n\t\t\t<a href=\"https:\/\/mits-pack.it\/it\/demander-un-devis\/\" class=\"et_btn button et_btn_md solid color-\"  role=\"button\" title=\"Contatti\" ><span>Richiedi un preventivo personalizzato<\/span><\/a>\n\t\t<\/div>\n\t\t\n\t<div class=\"vc_empty_space\"   style=\"height: 11px\"><span class=\"vc_empty_space_inner\"><\/span><\/div><div class=\"vc_empty_space\"   style=\"height: 90px\"><span class=\"vc_empty_space_inner\"><\/span><\/div><\/div><\/div><\/div><\/div><\/div><\/div><\/div><div class=\"wpb_column vc_column_container vc_col-sm-2 et-dark-column\"><div class=\"vc_column-inner\"><div class=\"wpb_wrapper\"><\/div><\/div><\/div><\/div><\/div>\n<\/div>","protected":false},"excerpt":{"rendered":"Machines industrielles pour le traitement et le conditionnement des poudres Nos machines pour poudres sont con\u00e7ues pour assurer un dosage pr\u00e9cis, un conditionnement hygi\u00e9nique et une manipulation efficace de tous types de poudres : pharmaceutiques, alimentaires, chimiques, cosm\u00e9tiques ou industrielles. Qu\u2019il s\u2019agisse de remplissage en pots, flacons, sachets, capsules, bo\u00eetes [...]","protected":false},"author":1,"featured_media":0,"parent":0,"menu_order":0,"comment_status":"closed","ping_status":"closed","template":"","meta":{"_acf_changed":false,"inline_featured_image":false,"footnotes":""},"class_list":["post-565","page","type-page","status-publish","hentry"],"acf":[],"yoast_head":"<!-- This site is optimized with the Yoast SEO plugin v27.0 - https:\/\/yoast.com\/product\/yoast-seo-wordpress\/ -->\n<title>Machines traitement et conditionnement des poudres | MITS PACK<\/title>\n<meta name=\"description\" content=\"Nos machines pour poudres sont con\u00e7ues pour assurer un dosage pr\u00e9cis, un conditionnement hygi\u00e9nique et une manipulation efficace de tous types de poudres : pharmaceutiques, alimentaires, chimiques, cosm\u00e9tiques ou industrielles.\" \/>\n<meta name=\"robots\" content=\"index, follow, max-snippet:-1, max-image-preview:large, max-video-preview:-1\" \/>\n<link rel=\"canonical\" href=\"https:\/\/mits-pack.it\/it\/poudre\/\" \/>\n<meta property=\"og:locale\" content=\"it_IT\" \/>\n<meta property=\"og:type\" content=\"article\" \/>\n<meta property=\"og:title\" content=\"Machines traitement et conditionnement des poudres | MITS PACK\" \/>\n<meta property=\"og:description\" content=\"Nos machines pour poudres sont con\u00e7ues pour assurer un dosage pr\u00e9cis, un conditionnement hygi\u00e9nique et une manipulation efficace de tous types de poudres : pharmaceutiques, alimentaires, chimiques, cosm\u00e9tiques ou industrielles.\" \/>\n<meta property=\"og:url\" content=\"https:\/\/mits-pack.it\/it\/poudre\/\" \/>\n<meta property=\"og:site_name\" content=\"MITS PACK\" \/>\n<meta property=\"article:modified_time\" content=\"2025-11-05T11:24:47+00:00\" \/>\n<meta name=\"twitter:card\" content=\"summary_large_image\" \/>\n<meta name=\"twitter:label1\" content=\"Tempo di lettura stimato\" \/>\n\t<meta name=\"twitter:data1\" content=\"4 minuti\" \/>\n<script type=\"application\/ld+json\" class=\"yoast-schema-graph\">{\"@context\":\"https:\/\/schema.org\",\"@graph\":[{\"@type\":\"WebPage\",\"@id\":\"https:\/\/mits-pack.it\/poudre\/\",\"url\":\"https:\/\/mits-pack.it\/poudre\/\",\"name\":\"Machines traitement et conditionnement des poudres | MITS PACK\",\"isPartOf\":{\"@id\":\"https:\/\/mits-pack.it\/#website\"},\"datePublished\":\"2025-09-01T20:09:33+00:00\",\"dateModified\":\"2025-11-05T11:24:47+00:00\",\"description\":\"Nos machines pour poudres sont con\u00e7ues pour assurer un dosage pr\u00e9cis, un conditionnement hygi\u00e9nique et une manipulation efficace de tous types de poudres : pharmaceutiques, alimentaires, chimiques, cosm\u00e9tiques ou industrielles.\",\"breadcrumb\":{\"@id\":\"https:\/\/mits-pack.it\/poudre\/#breadcrumb\"},\"inLanguage\":\"it-IT\",\"potentialAction\":[{\"@type\":\"ReadAction\",\"target\":[\"https:\/\/mits-pack.it\/poudre\/\"]}]},{\"@type\":\"BreadcrumbList\",\"@id\":\"https:\/\/mits-pack.it\/poudre\/#breadcrumb\",\"itemListElement\":[{\"@type\":\"ListItem\",\"position\":1,\"name\":\"Accueil\",\"item\":\"https:\/\/mits-pack.it\/\"},{\"@type\":\"ListItem\",\"position\":2,\"name\":\"Poudre\"}]},{\"@type\":\"WebSite\",\"@id\":\"https:\/\/mits-pack.it\/#website\",\"url\":\"https:\/\/mits-pack.it\/\",\"name\":\"MITS PACK\",\"description\":\"\",\"potentialAction\":[{\"@type\":\"SearchAction\",\"target\":{\"@type\":\"EntryPoint\",\"urlTemplate\":\"https:\/\/mits-pack.it\/?s={search_term_string}\"},\"query-input\":{\"@type\":\"PropertyValueSpecification\",\"valueRequired\":true,\"valueName\":\"search_term_string\"}}],\"inLanguage\":\"it-IT\"}]}<\/script>\n<!-- \/ Yoast SEO plugin. -->","yoast_head_json":{"title":"Machines traitement et conditionnement des poudres | MITS PACK","description":"Nos machines pour poudres sont con\u00e7ues pour assurer un dosage pr\u00e9cis, un conditionnement hygi\u00e9nique et une manipulation efficace de tous types de poudres : pharmaceutiques, alimentaires, chimiques, cosm\u00e9tiques ou industrielles.","robots":{"index":"index","follow":"follow","max-snippet":"max-snippet:-1","max-image-preview":"max-image-preview:large","max-video-preview":"max-video-preview:-1"},"canonical":"https:\/\/mits-pack.it\/it\/poudre\/","og_locale":"it_IT","og_type":"article","og_title":"Machines traitement et conditionnement des poudres | MITS PACK","og_description":"Nos machines pour poudres sont con\u00e7ues pour assurer un dosage pr\u00e9cis, un conditionnement hygi\u00e9nique et une manipulation efficace de tous types de poudres : pharmaceutiques, alimentaires, chimiques, cosm\u00e9tiques ou industrielles.","og_url":"https:\/\/mits-pack.it\/it\/poudre\/","og_site_name":"MITS PACK","article_modified_time":"2025-11-05T11:24:47+00:00","twitter_card":"summary_large_image","twitter_misc":{"Tempo di lettura stimato":"4 minuti"},"schema":{"@context":"https:\/\/schema.org","@graph":[{"@type":"WebPage","@id":"https:\/\/mits-pack.it\/poudre\/","url":"https:\/\/mits-pack.it\/poudre\/","name":"Machines traitement et conditionnement des poudres | MITS PACK","isPartOf":{"@id":"https:\/\/mits-pack.it\/#website"},"datePublished":"2025-09-01T20:09:33+00:00","dateModified":"2025-11-05T11:24:47+00:00","description":"Nos machines pour poudres sont con\u00e7ues pour assurer un dosage pr\u00e9cis, un conditionnement hygi\u00e9nique et une manipulation efficace de tous types de poudres : pharmaceutiques, alimentaires, chimiques, cosm\u00e9tiques ou industrielles.","breadcrumb":{"@id":"https:\/\/mits-pack.it\/poudre\/#breadcrumb"},"inLanguage":"it-IT","potentialAction":[{"@type":"ReadAction","target":["https:\/\/mits-pack.it\/poudre\/"]}]},{"@type":"BreadcrumbList","@id":"https:\/\/mits-pack.it\/poudre\/#breadcrumb","itemListElement":[{"@type":"ListItem","position":1,"name":"Accueil","item":"https:\/\/mits-pack.it\/"},{"@type":"ListItem","position":2,"name":"Poudre"}]},{"@type":"WebSite","@id":"https:\/\/mits-pack.it\/#website","url":"https:\/\/mits-pack.it\/","name":"MITS PACK","description":"","potentialAction":[{"@type":"SearchAction","target":{"@type":"EntryPoint","urlTemplate":"https:\/\/mits-pack.it\/?s={search_term_string}"},"query-input":{"@type":"PropertyValueSpecification","valueRequired":true,"valueName":"search_term_string"}}],"inLanguage":"it-IT"}]}},"_links":{"self":[{"href":"https:\/\/mits-pack.it\/it\/wp-json\/wp\/v2\/pages\/565","targetHints":{"allow":["GET"]}}],"collection":[{"href":"https:\/\/mits-pack.it\/it\/wp-json\/wp\/v2\/pages"}],"about":[{"href":"https:\/\/mits-pack.it\/it\/wp-json\/wp\/v2\/types\/page"}],"author":[{"embeddable":true,"href":"https:\/\/mits-pack.it\/it\/wp-json\/wp\/v2\/users\/1"}],"replies":[{"embeddable":true,"href":"https:\/\/mits-pack.it\/it\/wp-json\/wp\/v2\/comments?post=565"}],"version-history":[{"count":10,"href":"https:\/\/mits-pack.it\/it\/wp-json\/wp\/v2\/pages\/565\/revisions"}],"predecessor-version":[{"id":837,"href":"https:\/\/mits-pack.it\/it\/wp-json\/wp\/v2\/pages\/565\/revisions\/837"}],"wp:attachment":[{"href":"https:\/\/mits-pack.it\/it\/wp-json\/wp\/v2\/media?parent=565"}],"curies":[{"name":"wp","href":"https:\/\/api.w.org\/{rel}","templated":true}]}}