{"id":572,"date":"2025-09-01T22:50:19","date_gmt":"2025-09-01T20:50:19","guid":{"rendered":"https:\/\/mits-pack.it\/?page_id=572"},"modified":"2025-11-05T12:29:45","modified_gmt":"2025-11-05T11:29:45","slug":"tube-pot","status":"publish","type":"page","link":"https:\/\/mits-pack.it\/it\/tube-pot\/","title":{"rendered":"Tubi \/ Vasetti"},"content":{"rendered":"<div class=\"wpb-content-wrapper\"><div  class=\"sec_row container\"><div class=\"vc_row wpb_row vc_row-fluid no-padding\"><div class=\"large-pic wpb_column vc_column_container vc_col-sm-12 et-dark-column\"><div class=\"vc_column-inner\"><div class=\"wpb_wrapper\"><div class=\"vc_row wpb_row vc_inner vc_row-fluid max_width\"><div class=\"wpb_column vc_column_container vc_col-sm-12 et-dark-column\"><div class=\"vc_column-inner\"><div class=\"wpb_wrapper\"><div class=\"vc_empty_space\"   style=\"height: 55px\"><span class=\"vc_empty_space_inner\"><\/span><\/div><h1 style=\"text-align: center\" class=\"vc_custom_heading vc_do_custom_heading mits-h1\" >Riempitrici per creme, intubettatrici ed attrezzature per prodotti liquidi, semidensi e pastosi.<\/h1><div class=\"vc_empty_space  hide-mobile\"   style=\"height: 55px\"><span class=\"vc_empty_space_inner\"><\/span><\/div><div class=\"vc_empty_space  hide-desktop\"   style=\"height: 33px\"><span class=\"vc_empty_space_inner\"><\/span><\/div><\/div><\/div><\/div><\/div><div class=\"vc_row wpb_row vc_inner vc_row-fluid max_width align-center vc_row-o-content-middle vc_row-flex\"><div class=\"wpb_column vc_column_container vc_col-sm-6 et-dark-column\"><div class=\"vc_column-inner\"><div class=\"wpb_wrapper\">\n\t<div id=\"et-video-lightbox-69e919e32e595\" class=\"et-lightbox et-video-lightbox mfp-video lightbox-image icon-pulse icon-color-  medium animation bottom-to-top\" data-mfp-type=\"iframe\" data-mfp-src=\"https:\/\/www.youtube.com\/watch?v=VLVr96F2A7E\" >\n\t\t\t\t\t\n\t\t\t<img decoding=\"async\" src=\"https:\/\/mits-pack.it\/wp-content\/uploads\/2025\/10\/Tube-photo.png\" alt=\"Tube-photo\" \/>\n\t\t\t\t\n\t\t<div class=\"et-video-icon\">\n\t\t\t<svg xmlns=\"http:\/\/www.w3.org\/2000\/svg\" width=\"24\" height=\"24\" viewbox=\"0 0 24 24\" fill=\"none\" stroke=\"currentColor\" stroke-width=\"2\" stroke-linecap=\"round\" stroke-linejoin=\"round\" class=\"feather feather-play\"><polygon points=\"5 3 19 12 5 21 5 3\"><\/polygon><\/svg>\t\t<\/div>\n\n\t\t\t<\/div>\n\t<\/div><\/div><\/div><div class=\"wpb_column vc_column_container vc_col-sm-6 et-dark-column\"><div class=\"vc_column-inner\"><div class=\"wpb_wrapper\"><div class=\"vc_empty_space  hide-desktop\"   style=\"height: 33px\"><span class=\"vc_empty_space_inner\"><\/span><\/div><div class=\"vc_empty_space\"   style=\"height: 9px\"><span class=\"vc_empty_space_inner\"><\/span><\/div>\n\t<div class=\"wpb_text_column wpb_content_element   vc_custom_1756758023288 caracteristiques\" >\n\t\t<div class=\"wpb_wrapper\">\n\t\t\t<p>I nostri impianti flessibili comprendono due soluzioni essenziali per i settori alimentare, farmaceutico, cosmetico e chimico:<\/p>\n<ul>\n<li>Macchine per il riempimento e la sigillatura di tubetti flessibili, per confezionare i vostri prodotti con precisione e igiene.<\/li>\n<li>Emulsionatori industriali \/ miscelatori omogeneizzatori, per ottenere miscele perfettamente omogenee e stabili.<\/li>\n<\/ul>\n<p>Conformi alle norme GMP e realizzate in acciaio inox di alta qualit\u00e0, le nostre attrezzature garantiscono una produzione affidabile, duratura e redditizia.<\/p>\n\n\t\t<\/div>\n\t<\/div>\n<div class=\"vc_empty_space  hide-desktop\"   style=\"height: 33px\"><span class=\"vc_empty_space_inner\"><\/span><\/div><div class=\"vc_empty_space\"   style=\"height: 33px\"><span class=\"vc_empty_space_inner\"><\/span><\/div>\t\t<div id=\"et-button-69e919e32ebad\" class=\"et_btn_align_center\">\n\t\t\t<a href=\"https:\/\/mits-pack.it\/it\/contact\/\" class=\"et_btn button et_btn_md solid color-\"  role=\"button\" title=\"\" ><span>Richiedi maggiori informazioni<\/span><\/a>\n\t\t<\/div>\n\t\t\n\t<\/div><\/div><\/div><\/div><div class=\"vc_empty_space  hide-mobile\"   style=\"height: 55px\"><span class=\"vc_empty_space_inner\"><\/span><\/div><div class=\"vc_empty_space  hide-desktop\"   style=\"height: 11px\"><span class=\"vc_empty_space_inner\"><\/span><\/div><\/div><\/div><\/div><\/div><\/div><div  class=\"sec_row container\"><div class=\"vc_row wpb_row vc_row-fluid no-padding\"><div class=\"large-pic wpb_column vc_column_container vc_col-sm-12 et-dark-column\"><div class=\"vc_column-inner\"><div class=\"wpb_wrapper\"><div class=\"vc_row wpb_row vc_inner vc_row-fluid max_width align-center avantages vc_row-o-content-middle vc_row-flex\"><div class=\"wpb_column vc_column_container vc_col-sm-6 et-dark-column\"><div class=\"vc_column-inner\"><div class=\"wpb_wrapper\"><h2 style=\"text-align: left\" class=\"vc_custom_heading vc_do_custom_heading mits-h2\" >Prestazioni e funzionalit\u00e0 principali<\/h2><div class=\"vc_empty_space\"   style=\"height: 9px\"><span class=\"vc_empty_space_inner\"><\/span><\/div>\n\t<div class=\"wpb_text_column wpb_content_element   vc_custom_1756808510195 caracteristiques\" >\n\t\t<div class=\"wpb_wrapper\">\n\t\t\t<ul>\n<li>Compatibilit\u00e0 multi-formato: tubetti in plastica, alluminio, multistrato e doppio strato.<\/li>\n<li>Tecnologie di sigillatura versatili: aria calda, ultrasuoni, piegatura meccanica.<\/li>\n<li>Ampia gamma di modelli: automatici, semi-automatici, doppio strato, ad alta velocit\u00e0.<\/li>\n<li>Automazione completa: caricamento, orientamento, riempimento, sigillatura, taglio ed espulsione completamente automatici.<\/li>\n<li>Precisione anti-goccia: sistemi di dosaggio che garantiscono una distribuzione regolare e senza perdite.<\/li>\n<li>Sicurezza integrata: sensori automatici di riconoscimento dei tubetti, che prevengono errori e prolungano la vita utile della macchina.<\/li>\n<li>Struttura robusta: corpo in acciaio inox SUS304, resistente alla corrosione e conforme agli standard GMP.<\/li>\n<\/ul>\n\n\t\t<\/div>\n\t<\/div>\n<div class=\"vc_empty_space  hide-desktop\"   style=\"height: 33px\"><span class=\"vc_empty_space_inner\"><\/span><\/div><\/div><\/div><\/div><div class=\"wpb_column vc_column_container vc_col-sm-6 et-dark-column\"><div class=\"vc_column-inner\"><div class=\"wpb_wrapper\">\n\t<div  class=\"wpb_single_image wpb_content_element vc_align_left wpb_content_element vc_custom_1759312317580\">\n\t\t\n\t\t<figure class=\"wpb_wrapper vc_figure\">\n\t\t\t<div class=\"vc_single_image-wrapper   vc_box_border_grey\"><img decoding=\"async\" class=\"vc_single_image-img\" src=\"https:\/\/mits-pack.it\/wp-content\/uploads\/2025\/10\/Tube_1-1140x900.jpg\" width=\"1140\" height=\"900\" alt=\"Tube_1\" title=\"Tubo_1\" loading=\"lazy\" \/><\/div>\n\t\t<\/figure>\n\t<\/div>\n<div class=\"vc_empty_space  hide-desktop\"   style=\"height: 33px\"><span class=\"vc_empty_space_inner\"><\/span><\/div><\/div><\/div><\/div><div class=\"wpb_column vc_column_container vc_col-sm-12 et-dark-column\"><div class=\"vc_column-inner\"><div class=\"wpb_wrapper\"><\/div><\/div><\/div><\/div><div class=\"vc_empty_space  hide-mobile\"   style=\"height: 55px\"><span class=\"vc_empty_space_inner\"><\/span><\/div><\/div><\/div><\/div><\/div><\/div><div  class=\"sec_row container\"><div class=\"vc_row wpb_row vc_row-fluid no-padding\"><div class=\"large-pic wpb_column vc_column_container vc_col-sm-12 et-dark-column\"><div class=\"vc_column-inner\"><div class=\"wpb_wrapper\"><div class=\"vc_empty_space  hide-mobile\"   style=\"height: 55px\"><span class=\"vc_empty_space_inner\"><\/span><\/div><div class=\"vc_empty_space  hide-desktop\"   style=\"height: 11px\"><span class=\"vc_empty_space_inner\"><\/span><\/div><div class=\"vc_row wpb_row vc_inner vc_row-fluid max_width hide-desktop\"><div class=\"wpb_column vc_column_container vc_col-sm-12 et-dark-column\"><div class=\"vc_column-inner\"><div class=\"wpb_wrapper\">\n\t<div  class=\"wpb_single_image wpb_content_element vc_align_left wpb_content_element vc_custom_1759312325124\">\n\t\t\n\t\t<figure class=\"wpb_wrapper vc_figure\">\n\t\t\t<div class=\"vc_single_image-wrapper   vc_box_border_grey\"><img decoding=\"async\" class=\"vc_single_image-img\" src=\"https:\/\/mits-pack.it\/wp-content\/uploads\/2025\/10\/Tube_1-1140x900.jpg\" width=\"1140\" height=\"900\" alt=\"Tube_1\" title=\"Tubo_1\" loading=\"lazy\" \/><\/div>\n\t\t<\/figure>\n\t<\/div>\n<\/div><\/div><\/div><\/div><div class=\"vc_row wpb_row vc_inner vc_row-fluid max_width align-center vc_row-o-content-middle vc_row-flex\"><div class=\"hide-mobile wpb_column vc_column_container vc_col-sm-6 et-dark-column\"><div class=\"vc_column-inner\"><div class=\"wpb_wrapper\">\n\t<div  class=\"wpb_single_image wpb_content_element vc_align_left wpb_content_element vc_custom_1759312341718\">\n\t\t\n\t\t<figure class=\"wpb_wrapper vc_figure\">\n\t\t\t<div class=\"vc_single_image-wrapper   vc_box_border_grey\"><img decoding=\"async\" class=\"vc_single_image-img\" src=\"https:\/\/mits-pack.it\/wp-content\/uploads\/2025\/10\/Tube_2.jpg\" width=\"720\" height=\"526\" alt=\"Tube_2\" title=\"Tubo_2\" loading=\"lazy\" \/><\/div>\n\t\t<\/figure>\n\t<\/div>\n<\/div><\/div><\/div><div class=\"caracteristiques wpb_column vc_column_container vc_col-sm-6 et-dark-column\"><div class=\"vc_column-inner\"><div class=\"wpb_wrapper\"><div class=\"vc_empty_space  hide-desktop\"   style=\"height: 33px\"><span class=\"vc_empty_space_inner\"><\/span><\/div><h2 style=\"text-align: left\" class=\"vc_custom_heading vc_do_custom_heading mits-h2\" >Applicazioni per settore<\/h2><div class=\"vc_empty_space\"   style=\"height: 9px\"><span class=\"vc_empty_space_inner\"><\/span><\/div>\n\t<div class=\"wpb_text_column wpb_content_element   vc_custom_1756808485970\" >\n\t\t<div class=\"wpb_wrapper\">\n\t\t\t<ul>\n<li>Cosmetici: creme, shampoo, lozioni, rossetti, smalti.<\/li>\n<li>Farmaceutici: pomate, dentifrici, gel, colliri.<\/li>\n<li>Alimentari: salse, condimenti, confetture, maionese.<\/li>\n<li>Chimici e industriali: colle, lubrificanti, sigillanti, rivestimenti.<\/li>\n<\/ul>\n\n\t\t<\/div>\n\t<\/div>\n<div class=\"vc_empty_space  hide-desktop\"   style=\"height: 33px\"><span class=\"vc_empty_space_inner\"><\/span><\/div><\/div><\/div><\/div><\/div><div class=\"vc_empty_space  hide-mobile\"   style=\"height: 55px\"><span class=\"vc_empty_space_inner\"><\/span><\/div><div class=\"vc_empty_space  hide-desktop\"   style=\"height: 11px\"><span class=\"vc_empty_space_inner\"><\/span><\/div><\/div><\/div><\/div><\/div><\/div><div  class=\"sec_row container-fluid\"><div class=\"vc_row wpb_row vc_row-fluid no-padding align-center vc_custom_1756744040306 vc_row-has-fill vc_row-o-content-middle vc_row-flex\"><div class=\"wpb_column vc_column_container vc_col-sm-12 et-dark-column\"><div class=\"vc_column-inner\"><div class=\"wpb_wrapper\"><div class=\"vc_empty_space\"   style=\"height: 55px\"><span class=\"vc_empty_space_inner\"><\/span><\/div><div class=\"vc_row wpb_row vc_inner vc_row-fluid max_width align-center vc_row-o-content-middle vc_row-flex\"><div class=\"wpb_column vc_column_container vc_col-sm-6 et-dark-column\"><div class=\"vc_column-inner\"><div class=\"wpb_wrapper\">\n\t<div  class=\"wpb_single_image wpb_content_element vc_align_left wpb_content_element vc_custom_1759487116871\">\n\t\t\n\t\t<figure class=\"wpb_wrapper vc_figure\">\n\t\t\t<div class=\"vc_single_image-wrapper   vc_box_border_grey\"><img decoding=\"async\" class=\"vc_single_image-img\" src=\"https:\/\/mits-pack.it\/wp-content\/uploads\/2025\/10\/Tube-1200x900.png\" width=\"1200\" height=\"900\" alt=\"Tube\" title=\"Tubo\" loading=\"lazy\" \/><\/div>\n\t\t<\/figure>\n\t<\/div>\n<\/div><\/div><\/div><div class=\"wpb_column vc_column_container vc_col-sm-6 et-dark-column\"><div class=\"vc_column-inner\"><div class=\"wpb_wrapper\"><div class=\"vc_empty_space  hide-desktop\"   style=\"height: 33px\"><span class=\"vc_empty_space_inner\"><\/span><\/div><h2 style=\"text-align: left\" class=\"vc_custom_heading vc_do_custom_heading mits-h2\" >Perch\u00e9 scegliere le nostre macchine per il riempimento di tubetti flessibili?<\/h2><div class=\"vc_empty_space\"   style=\"height: 9px\"><span class=\"vc_empty_space_inner\"><\/span><\/div>\n\t<div class=\"wpb_text_column wpb_content_element   vc_custom_1756758242202 caracteristiques\" >\n\t\t<div class=\"wpb_wrapper\">\n\t\t\t<ul>\n<li>Flessibilit\u00e0: si adattano ai vostri formati, materiali e processi produttivi.<\/li>\n<li>Produttivit\u00e0: alta velocit\u00e0 di lavorazione e riduzione degli sprechi.<\/li>\n<li>Affidabilit\u00e0: struttura robusta in acciaio inox e conformit\u00e0 agli standard GMP.<\/li>\n<li>Assistenza completa: installazione, formazione del personale e ricambi sempre disponibili.<\/li>\n<li>Investimento vantaggioso: costo ottimizzato per ottenere massime prestazioni e durata nel tempo.<\/li>\n<\/ul>\n\n\t\t<\/div>\n\t<\/div>\n<div class=\"vc_empty_space\"   style=\"height: 13px\"><span class=\"vc_empty_space_inner\"><\/span><\/div>\t\t<div id=\"et-button-69e919e330fa4\" class=\"et_btn_align_left\">\n\t\t\t<a href=\"https:\/\/mits-pack.it\/it\/demander-un-devis\/\" class=\"et_btn button et_btn_md solid color-\"  role=\"button\" title=\"Richiedi un preventivo\" ><span>Richiedi un preventivo<\/span><\/a>\n\t\t<\/div>\n\t\t\n\t<\/div><\/div><\/div><\/div><div class=\"vc_empty_space\"   style=\"height: 55px\"><span class=\"vc_empty_space_inner\"><\/span><\/div><\/div><\/div><\/div><\/div><\/div><div  class=\"sec_row container\"><div class=\"vc_row wpb_row vc_row-fluid no-padding\"><div class=\"large-pic wpb_column vc_column_container vc_col-sm-12 et-dark-column\"><div class=\"vc_column-inner\"><div class=\"wpb_wrapper\"><div class=\"vc_empty_space  hide-mobile\"   style=\"height: 55px\"><span class=\"vc_empty_space_inner\"><\/span><\/div><div class=\"vc_empty_space  hide-desktop\"   style=\"height: 11px\"><span class=\"vc_empty_space_inner\"><\/span><\/div><div class=\"vc_empty_space  hide-mobile\"   style=\"height: 55px\"><span class=\"vc_empty_space_inner\"><\/span><\/div><div class=\"vc_empty_space  hide-desktop\"   style=\"height: 11px\"><span class=\"vc_empty_space_inner\"><\/span><\/div><\/div><\/div><\/div><\/div><\/div><div  class=\"sec_row container-fluid\"><div class=\"vc_row wpb_row vc_row-fluid no-padding align-center vc_custom_1756744040306 vc_row-has-fill vc_row-o-content-middle vc_row-flex\"><div class=\"wpb_column vc_column_container vc_col-sm-12 et-dark-column\"><div class=\"vc_column-inner\"><div class=\"wpb_wrapper\"><div class=\"vc_empty_space\"   style=\"height: 55px\"><span class=\"vc_empty_space_inner\"><\/span><\/div><div class=\"vc_empty_space\"   style=\"height: 55px\"><span class=\"vc_empty_space_inner\"><\/span><\/div><\/div><\/div><\/div><\/div><\/div><div id=\"contact-banner\" class=\"sec_row container-fluid\"><div class=\"vc_row wpb_row vc_row-fluid no-padding vc_custom_1748611716768 vc_row-has-fill\"><div class=\"wpb_column vc_column_container vc_col-sm-2 et-dark-column\"><div class=\"vc_column-inner  vc_custom_1679921854256\"><div class=\"wpb_wrapper\"><\/div><\/div><\/div><div class=\"wpb_column vc_column_container vc_col-sm-8 et-dark-column\"><div class=\"vc_column-inner  vc_custom_1680263875816\"><div class=\"wpb_wrapper\"><div class=\"vc_row wpb_row vc_inner vc_row-fluid max_width\"><div class=\"text-center wpb_column vc_column_container vc_col-sm-12 et-dark-column\"><div class=\"vc_column-inner  vc_custom_1678278908258\"><div class=\"wpb_wrapper\"><div class=\"vc_empty_space\"   style=\"height: 90px\"><span class=\"vc_empty_space_inner\"><\/span><\/div><h2 style=\"color: #0E1851;text-align: center\" class=\"vc_custom_heading vc_do_custom_heading heading-solystic vc_custom_1756809335301\" >Un accompagnamento completo per i vostri progetti<\/h2><p style=\"font-size: 21px;color: #0E1851;line-height: 1.4;text-align: center\" class=\"vc_custom_heading vc_do_custom_heading vc_custom_1756809321267\" >Analisi delle vostre esigenze: studiamo i vostri prodotti e i vincoli di produzione.<br \/>\n\u2022\u2060  \u2060Consulenza e personalizzazione: raccomandiamo la soluzione pi\u00f9 adatta alle vostre necessit\u00e0.<br \/>\n\u2022\u2060  \u2060Installazione e formazione: avviamento rapido ed efficace.<br \/>\n\u2022\u2060  \u2060Supporto continuo: ricambi, manutenzione e assistenza tecnica internazionale.<br \/>\n\ud83d\udcde Contattateci oggi stesso per discutere i vostri progetti e ricevere un\u2019offerta personalizzata.<\/p>\t\t<div id=\"et-button-69e919e331a0d\" class=\"et_btn_align_left\">\n\t\t\t<a href=\"https:\/\/mits-pack.it\/it\/demander-un-devis\/\" class=\"et_btn button et_btn_md solid color-\"  role=\"button\" title=\"Contatti\" ><span>Richiedi un preventivo personalizzato<\/span><\/a>\n\t\t<\/div>\n\t\t\n\t<div class=\"vc_empty_space\"   style=\"height: 11px\"><span class=\"vc_empty_space_inner\"><\/span><\/div><div class=\"vc_empty_space\"   style=\"height: 90px\"><span class=\"vc_empty_space_inner\"><\/span><\/div><\/div><\/div><\/div><\/div><\/div><\/div><\/div><div class=\"wpb_column vc_column_container vc_col-sm-2 et-dark-column\"><div class=\"vc_column-inner\"><div class=\"wpb_wrapper\"><\/div><\/div><\/div><\/div><\/div>\n<\/div>","protected":false},"excerpt":{"rendered":"Remplisseuse cr\u00e8me, entubeuse, \u00e9quipement pour liquide, semi-liquide et p\u00e2teux. Nos \u00e9quipements flexibles regroupent deux solutions essentielles pour les industriels de l\u2019alimentaire, de la pharmacie, de la cosm\u00e9tique et de la chimie : les machines de remplissage et de scellage de tubes souples, pour conditionner vos produits avec pr\u00e9cision et hygi\u00e8ne, [...]","protected":false},"author":1,"featured_media":0,"parent":0,"menu_order":0,"comment_status":"closed","ping_status":"closed","template":"","meta":{"_acf_changed":false,"inline_featured_image":false,"footnotes":""},"class_list":["post-572","page","type-page","status-publish","hentry"],"acf":[],"yoast_head":"<!-- This site is optimized with the Yoast SEO plugin v27.0 - https:\/\/yoast.com\/product\/yoast-seo-wordpress\/ -->\n<title>Machine remplisseuse cr\u00e8me, entubeuse | MITS PACK<\/title>\n<meta name=\"description\" content=\"Machines de remplissage et de scellage de tubes souples, pour conditionner vos produits avec pr\u00e9cision et hygi\u00e8ne.\" \/>\n<meta name=\"robots\" content=\"index, follow, max-snippet:-1, max-image-preview:large, max-video-preview:-1\" \/>\n<link rel=\"canonical\" href=\"https:\/\/mits-pack.it\/it\/tube-pot\/\" \/>\n<meta property=\"og:locale\" content=\"it_IT\" \/>\n<meta property=\"og:type\" content=\"article\" \/>\n<meta property=\"og:title\" content=\"Machine remplisseuse cr\u00e8me, entubeuse | MITS PACK\" \/>\n<meta property=\"og:description\" content=\"Machines de remplissage et de scellage de tubes souples, pour conditionner vos produits avec pr\u00e9cision et hygi\u00e8ne.\" \/>\n<meta property=\"og:url\" content=\"https:\/\/mits-pack.it\/it\/tube-pot\/\" \/>\n<meta property=\"og:site_name\" content=\"MITS PACK\" \/>\n<meta property=\"article:modified_time\" content=\"2025-11-05T11:29:45+00:00\" \/>\n<meta name=\"twitter:card\" content=\"summary_large_image\" \/>\n<meta name=\"twitter:label1\" content=\"Tempo di lettura stimato\" \/>\n\t<meta name=\"twitter:data1\" content=\"3 minuti\" \/>\n<script type=\"application\/ld+json\" class=\"yoast-schema-graph\">{\"@context\":\"https:\/\/schema.org\",\"@graph\":[{\"@type\":\"WebPage\",\"@id\":\"https:\/\/mits-pack.it\/tube-pot\/\",\"url\":\"https:\/\/mits-pack.it\/tube-pot\/\",\"name\":\"Machine remplisseuse cr\u00e8me, entubeuse | MITS PACK\",\"isPartOf\":{\"@id\":\"https:\/\/mits-pack.it\/#website\"},\"datePublished\":\"2025-09-01T20:50:19+00:00\",\"dateModified\":\"2025-11-05T11:29:45+00:00\",\"description\":\"Machines de remplissage et de scellage de tubes souples, pour conditionner vos produits avec pr\u00e9cision et hygi\u00e8ne.\",\"breadcrumb\":{\"@id\":\"https:\/\/mits-pack.it\/tube-pot\/#breadcrumb\"},\"inLanguage\":\"it-IT\",\"potentialAction\":[{\"@type\":\"ReadAction\",\"target\":[\"https:\/\/mits-pack.it\/tube-pot\/\"]}]},{\"@type\":\"BreadcrumbList\",\"@id\":\"https:\/\/mits-pack.it\/tube-pot\/#breadcrumb\",\"itemListElement\":[{\"@type\":\"ListItem\",\"position\":1,\"name\":\"Accueil\",\"item\":\"https:\/\/mits-pack.it\/\"},{\"@type\":\"ListItem\",\"position\":2,\"name\":\"Tube \/ Pot\"}]},{\"@type\":\"WebSite\",\"@id\":\"https:\/\/mits-pack.it\/#website\",\"url\":\"https:\/\/mits-pack.it\/\",\"name\":\"MITS PACK\",\"description\":\"\",\"potentialAction\":[{\"@type\":\"SearchAction\",\"target\":{\"@type\":\"EntryPoint\",\"urlTemplate\":\"https:\/\/mits-pack.it\/?s={search_term_string}\"},\"query-input\":{\"@type\":\"PropertyValueSpecification\",\"valueRequired\":true,\"valueName\":\"search_term_string\"}}],\"inLanguage\":\"it-IT\"}]}<\/script>\n<!-- \/ Yoast SEO plugin. -->","yoast_head_json":{"title":"Machine remplisseuse cr\u00e8me, entubeuse | MITS PACK","description":"Machines de remplissage et de scellage de tubes souples, pour conditionner vos produits avec pr\u00e9cision et hygi\u00e8ne.","robots":{"index":"index","follow":"follow","max-snippet":"max-snippet:-1","max-image-preview":"max-image-preview:large","max-video-preview":"max-video-preview:-1"},"canonical":"https:\/\/mits-pack.it\/it\/tube-pot\/","og_locale":"it_IT","og_type":"article","og_title":"Machine remplisseuse cr\u00e8me, entubeuse | MITS PACK","og_description":"Machines de remplissage et de scellage de tubes souples, pour conditionner vos produits avec pr\u00e9cision et hygi\u00e8ne.","og_url":"https:\/\/mits-pack.it\/it\/tube-pot\/","og_site_name":"MITS PACK","article_modified_time":"2025-11-05T11:29:45+00:00","twitter_card":"summary_large_image","twitter_misc":{"Tempo di lettura stimato":"3 minuti"},"schema":{"@context":"https:\/\/schema.org","@graph":[{"@type":"WebPage","@id":"https:\/\/mits-pack.it\/tube-pot\/","url":"https:\/\/mits-pack.it\/tube-pot\/","name":"Machine remplisseuse cr\u00e8me, entubeuse | MITS PACK","isPartOf":{"@id":"https:\/\/mits-pack.it\/#website"},"datePublished":"2025-09-01T20:50:19+00:00","dateModified":"2025-11-05T11:29:45+00:00","description":"Machines de remplissage et de scellage de tubes souples, pour conditionner vos produits avec pr\u00e9cision et hygi\u00e8ne.","breadcrumb":{"@id":"https:\/\/mits-pack.it\/tube-pot\/#breadcrumb"},"inLanguage":"it-IT","potentialAction":[{"@type":"ReadAction","target":["https:\/\/mits-pack.it\/tube-pot\/"]}]},{"@type":"BreadcrumbList","@id":"https:\/\/mits-pack.it\/tube-pot\/#breadcrumb","itemListElement":[{"@type":"ListItem","position":1,"name":"Accueil","item":"https:\/\/mits-pack.it\/"},{"@type":"ListItem","position":2,"name":"Tube \/ Pot"}]},{"@type":"WebSite","@id":"https:\/\/mits-pack.it\/#website","url":"https:\/\/mits-pack.it\/","name":"MITS PACK","description":"","potentialAction":[{"@type":"SearchAction","target":{"@type":"EntryPoint","urlTemplate":"https:\/\/mits-pack.it\/?s={search_term_string}"},"query-input":{"@type":"PropertyValueSpecification","valueRequired":true,"valueName":"search_term_string"}}],"inLanguage":"it-IT"}]}},"_links":{"self":[{"href":"https:\/\/mits-pack.it\/it\/wp-json\/wp\/v2\/pages\/572","targetHints":{"allow":["GET"]}}],"collection":[{"href":"https:\/\/mits-pack.it\/it\/wp-json\/wp\/v2\/pages"}],"about":[{"href":"https:\/\/mits-pack.it\/it\/wp-json\/wp\/v2\/types\/page"}],"author":[{"embeddable":true,"href":"https:\/\/mits-pack.it\/it\/wp-json\/wp\/v2\/users\/1"}],"replies":[{"embeddable":true,"href":"https:\/\/mits-pack.it\/it\/wp-json\/wp\/v2\/comments?post=572"}],"version-history":[{"count":24,"href":"https:\/\/mits-pack.it\/it\/wp-json\/wp\/v2\/pages\/572\/revisions"}],"predecessor-version":[{"id":840,"href":"https:\/\/mits-pack.it\/it\/wp-json\/wp\/v2\/pages\/572\/revisions\/840"}],"wp:attachment":[{"href":"https:\/\/mits-pack.it\/it\/wp-json\/wp\/v2\/media?parent=572"}],"curies":[{"name":"wp","href":"https:\/\/api.w.org\/{rel}","templated":true}]}}