{"id":630,"date":"2025-09-15T16:11:54","date_gmt":"2025-09-15T14:11:54","guid":{"rendered":"https:\/\/mits-pack.it\/?page_id=630"},"modified":"2025-11-05T12:33:16","modified_gmt":"2025-11-05T11:33:16","slug":"marquage-et-inspection","status":"publish","type":"page","link":"https:\/\/mits-pack.it\/it\/marquage-et-inspection\/","title":{"rendered":"Marcatura e ispezione"},"content":{"rendered":"<div class=\"wpb-content-wrapper\"><div  class=\"sec_row container\"><div class=\"vc_row wpb_row vc_row-fluid no-padding\"><div class=\"large-pic wpb_column vc_column_container vc_col-sm-12 et-dark-column\"><div class=\"vc_column-inner\"><div class=\"wpb_wrapper\"><div class=\"vc_row wpb_row vc_inner vc_row-fluid max_width\"><div class=\"wpb_column vc_column_container vc_col-sm-12 et-dark-column\"><div class=\"vc_column-inner\"><div class=\"wpb_wrapper\"><div class=\"vc_empty_space\"   style=\"height: 55px\"><span class=\"vc_empty_space_inner\"><\/span><\/div><h1 style=\"text-align: center\" class=\"vc_custom_heading vc_do_custom_heading mits-h1\" >Soluzioni di marcatura e sistemi di visione industriale<\/h1><div class=\"vc_empty_space  hide-mobile\"   style=\"height: 55px\"><span class=\"vc_empty_space_inner\"><\/span><\/div><div class=\"vc_empty_space  hide-desktop\"   style=\"height: 33px\"><span class=\"vc_empty_space_inner\"><\/span><\/div><\/div><\/div><\/div><\/div><div class=\"vc_row wpb_row vc_inner vc_row-fluid max_width align-center vc_row-o-content-middle vc_row-flex\"><div class=\"wpb_column vc_column_container vc_col-sm-6 et-dark-column\"><div class=\"vc_column-inner\"><div class=\"wpb_wrapper\">\n\t<div id=\"et-video-lightbox-69e931cfbfad2\" class=\"et-lightbox et-video-lightbox mfp-video lightbox-image icon-pulse icon-color-  medium animation bottom-to-top\" data-mfp-type=\"iframe\" data-mfp-src=\"https:\/\/www.youtube.com\/watch?v=9gos_IYqQa4\" >\n\t\t\t\t\t\n\t\t\t<img decoding=\"async\" src=\"https:\/\/mits-pack.it\/wp-content\/uploads\/2025\/10\/Laser-photo.png\" alt=\"Laser-photo\" \/>\n\t\t\t\t\n\t\t<div class=\"et-video-icon\">\n\t\t\t<svg xmlns=\"http:\/\/www.w3.org\/2000\/svg\" width=\"24\" height=\"24\" viewbox=\"0 0 24 24\" fill=\"none\" stroke=\"currentColor\" stroke-width=\"2\" stroke-linecap=\"round\" stroke-linejoin=\"round\" class=\"feather feather-play\"><polygon points=\"5 3 19 12 5 21 5 3\"><\/polygon><\/svg>\t\t<\/div>\n\n\t\t\t<\/div>\n\t<\/div><\/div><\/div><div class=\"wpb_column vc_column_container vc_col-sm-6 et-dark-column\"><div class=\"vc_column-inner\"><div class=\"wpb_wrapper\"><div class=\"vc_empty_space  hide-desktop\"   style=\"height: 33px\"><span class=\"vc_empty_space_inner\"><\/span><\/div>\n\t<div class=\"wpb_text_column wpb_content_element   vc_custom_1757944916826 caracteristiques\" >\n\t\t<div class=\"wpb_wrapper\">\n\t\t\t<p>Le nostre soluzioni di marcatura e visione industriale garantiscono la tracciabilit\u00e0, la conformit\u00e0 e il controllo qualit\u00e0 dei vostri prodotti, indipendentemente dal settore: farmaceutico, alimentare, cosmetico, chimico o industriale.<br \/>\nProponiamo:<\/p>\n<ul>\n<li>sistemi di marcatura a getto d\u2019inchiostro per la stampa flessibile di testi, codici a barre, date e numeri di lotto,<\/li>\n<li>sistemi di marcatura laser per identificazioni permanenti, precise e non falsificabili,<\/li>\n<li>sistemi di visione e ispezione con telecamera per la lettura, la validazione e il controllo in linea delle marcature ed etichettature.<\/li>\n<\/ul>\n<p>Queste apparecchiature si integrano direttamente nelle vostre linee di confezionamento, garantendo un processo affidabile, sicuro e conforme agli standard GMP.<\/p>\n\n\t\t<\/div>\n\t<\/div>\n<div class=\"vc_empty_space  hide-desktop\"   style=\"height: 33px\"><span class=\"vc_empty_space_inner\"><\/span><\/div><div class=\"vc_empty_space\"   style=\"height: 33px\"><span class=\"vc_empty_space_inner\"><\/span><\/div>\t\t<div id=\"et-button-69e931cfc031f\" class=\"et_btn_align_center\">\n\t\t\t<a href=\"https:\/\/mits-pack.it\/it\/contact\/\" class=\"et_btn button et_btn_md solid color-\"  role=\"button\" title=\"\" ><span>Richiedi maggiori informazioni<\/span><\/a>\n\t\t<\/div>\n\t\t\n\t<\/div><\/div><\/div><\/div><div class=\"vc_empty_space\"   style=\"height: 55px\"><span class=\"vc_empty_space_inner\"><\/span><\/div><\/div><\/div><\/div><\/div><\/div><div  class=\"sec_row container\"><div class=\"vc_row wpb_row vc_row-fluid no-padding\"><div class=\"large-pic wpb_column vc_column_container vc_col-sm-12 et-dark-column\"><div class=\"vc_column-inner\"><div class=\"wpb_wrapper\"><div class=\"vc_row wpb_row vc_inner vc_row-fluid max_width\"><div class=\"caracteristiques wpb_column vc_column_container vc_col-sm-6 et-dark-column\"><div class=\"vc_column-inner\"><div class=\"wpb_wrapper\"><h2 style=\"text-align: left\" class=\"vc_custom_heading vc_do_custom_heading mits-h2\" >Prestazioni e funzionalit\u00e0 principali<\/h2><div class=\"vc_empty_space\"   style=\"height: 9px\"><span class=\"vc_empty_space_inner\"><\/span><\/div>\n\t<div class=\"wpb_text_column wpb_content_element   vc_custom_1759759024684 caracteristiques\" >\n\t\t<div class=\"wpb_wrapper\">\n\t\t\t<p><strong>Marcatura laser<\/strong><\/p>\n<ul>\n<li>Nessun materiale di consumo richiesto \u2192 niente inchiostro, solventi o nastri: costi di esercizio estremamente ridotti.<\/li>\n<li>Incisione permanente, precisa e non falsificabile \u2192 ideale per prodotti sensibili (farmaceutici, cosmetici, alimentari).<\/li>\n<li>Marcatura resistente all\u2019umidit\u00e0, all\u2019abrasione e alle variazioni di temperatura.<\/li>\n<li>Eccellente leggibilit\u00e0 per codici Datamatrix, QR code e numerazioni univoche.<\/li>\n<li>Manutenzione minima \u2192 meno fermi macchina e maggiore produttivit\u00e0.<\/li>\n<\/ul>\n<p><strong>Marcatura a getto d\u2019inchiostro<\/strong><\/p>\n<ul>\n<li>Stampa rapida e flessibile su tutti i tipi di supporto (vetro, plastica, cartone, metallo, film).<\/li>\n<li>Ideale per date di scadenza, numeri di lotto, loghi e testi variabili.<\/li>\n<li>Soluzione economica per linee ad alta velocit\u00e0 con frequenti cambi di informazioni.<\/li>\n<\/ul>\n\n\t\t<\/div>\n\t<\/div>\n<div class=\"vc_empty_space  hide-desktop\"   style=\"height: 33px\"><span class=\"vc_empty_space_inner\"><\/span><\/div><\/div><\/div><\/div><div class=\"wpb_column vc_column_container vc_col-sm-6 et-dark-column\"><div class=\"vc_column-inner\"><div class=\"wpb_wrapper\"><div class=\"vc_empty_space\"   style=\"height: 21px\"><span class=\"vc_empty_space_inner\"><\/span><\/div>\n\t<div  class=\"wpb_single_image wpb_content_element vc_align_left wpb_content_element vc_custom_1759312521260\">\n\t\t\n\t\t<figure class=\"wpb_wrapper vc_figure\">\n\t\t\t<div class=\"vc_single_image-wrapper   vc_box_border_grey\"><img decoding=\"async\" class=\"vc_single_image-img\" src=\"https:\/\/mits-pack.it\/wp-content\/uploads\/2025\/10\/Marquage_1.jpg\" width=\"858\" height=\"726\" alt=\"Marquage_1\" title=\"Marcatura_1\" loading=\"lazy\" \/><\/div>\n\t\t<\/figure>\n\t<\/div>\n<div class=\"vc_empty_space\"   style=\"height: 32px\"><span class=\"vc_empty_space_inner\"><\/span><\/div><\/div><\/div><\/div><\/div><div class=\"vc_row wpb_row vc_inner vc_row-fluid max_width\"><div class=\"wpb_column vc_column_container vc_col-sm-6 et-dark-column\"><div class=\"vc_column-inner\"><div class=\"wpb_wrapper\"><div class=\"vc_empty_space\"   style=\"height: 21px\"><span class=\"vc_empty_space_inner\"><\/span><\/div>\n\t<div  class=\"wpb_single_image wpb_content_element vc_align_left wpb_content_element vc_custom_1759759157933\">\n\t\t\n\t\t<figure class=\"wpb_wrapper vc_figure\">\n\t\t\t<div class=\"vc_single_image-wrapper   vc_box_border_grey\"><img decoding=\"async\" class=\"vc_single_image-img\" src=\"https:\/\/mits-pack.it\/wp-content\/uploads\/2025\/10\/Inspection-_4-1140x816.png\" width=\"1140\" height=\"816\" alt=\"Inspection _4\" title=\"Ispezione _4\" loading=\"lazy\" \/><\/div>\n\t\t<\/figure>\n\t<\/div>\n<\/div><\/div><\/div><div class=\"caracteristiques wpb_column vc_column_container vc_col-sm-6 et-dark-column\"><div class=\"vc_column-inner\"><div class=\"wpb_wrapper\"><div class=\"vc_empty_space\"   style=\"height: 32px\"><span class=\"vc_empty_space_inner\"><\/span><\/div><div class=\"vc_empty_space\"   style=\"height: 32px\"><span class=\"vc_empty_space_inner\"><\/span><\/div><div class=\"vc_empty_space\"   style=\"height: 32px\"><span class=\"vc_empty_space_inner\"><\/span><\/div><h2 style=\"text-align: left\" class=\"vc_custom_heading vc_do_custom_heading mits-h2\" >Prestazioni e funzionalit\u00e0 principali<\/h2><div class=\"vc_empty_space\"   style=\"height: 9px\"><span class=\"vc_empty_space_inner\"><\/span><\/div>\n\t<div class=\"wpb_text_column wpb_content_element   vc_custom_1759759180599 caracteristiques\" >\n\t\t<div class=\"wpb_wrapper\">\n\t\t\t<p><strong>Visione e ispezione con telecamera<\/strong><\/p>\n<ul>\n<li>Lettura e validazione di codici (Datamatrix, QR, codici a barre).<\/li>\n<li>Controllo qualit\u00e0 della marcatura: presenza, leggibilit\u00e0 e contrasto.<\/li>\n<li>Controllo dell\u2019etichettatura: corretto posizionamento, allineamento e assenza di difetti.<\/li>\n<li>Espulsione automatica dei prodotti non conformi.<\/li>\n<\/ul>\n\n\t\t<\/div>\n\t<\/div>\n<div class=\"vc_empty_space\"   style=\"height: 32px\"><span class=\"vc_empty_space_inner\"><\/span><\/div><\/div><\/div><\/div><\/div><div class=\"vc_empty_space\"   style=\"height: 55px\"><span class=\"vc_empty_space_inner\"><\/span><\/div><div class=\"vc_empty_space\"   style=\"height: 32px\"><span class=\"vc_empty_space_inner\"><\/span><\/div><\/div><\/div><\/div><\/div><\/div><div  class=\"sec_row container-fluid\"><div class=\"vc_row wpb_row vc_row-fluid no-padding align-center vc_custom_1756744040306 vc_row-has-fill vc_row-o-content-middle vc_row-flex\"><div class=\"wpb_column vc_column_container vc_col-sm-12 et-dark-column\"><div class=\"vc_column-inner\"><div class=\"wpb_wrapper\"><div class=\"vc_empty_space\"   style=\"height: 55px\"><span class=\"vc_empty_space_inner\"><\/span><\/div><div class=\"vc_row wpb_row vc_inner vc_row-fluid max_width align-center vc_row-o-content-middle vc_row-flex\"><div class=\"wpb_column vc_column_container vc_col-sm-6 et-dark-column\"><div class=\"vc_column-inner\"><div class=\"wpb_wrapper\">\n\t<div  class=\"wpb_single_image wpb_content_element vc_align_left wpb_content_element vc_custom_1759312535291\">\n\t\t\n\t\t<figure class=\"wpb_wrapper vc_figure\">\n\t\t\t<div class=\"vc_single_image-wrapper   vc_box_border_grey\"><img decoding=\"async\" class=\"vc_single_image-img\" src=\"https:\/\/mits-pack.it\/wp-content\/uploads\/2025\/10\/Marquage_2.jpg\" width=\"541\" height=\"720\" alt=\"Marquage_2\" title=\"Marcatura_2\" loading=\"lazy\" \/><\/div>\n\t\t<\/figure>\n\t<\/div>\n<\/div><\/div><\/div><div class=\"wpb_column vc_column_container vc_col-sm-6 et-dark-column\"><div class=\"vc_column-inner\"><div class=\"wpb_wrapper\"><div class=\"vc_empty_space  hide-desktop\"   style=\"height: 33px\"><span class=\"vc_empty_space_inner\"><\/span><\/div><h2 style=\"text-align: left\" class=\"vc_custom_heading vc_do_custom_heading mits-h2\" >Perch\u00e9 scegliere la marcatura laser?<\/h2><div class=\"vc_empty_space\"   style=\"height: 9px\"><span class=\"vc_empty_space_inner\"><\/span><\/div>\n\t<div class=\"wpb_text_column wpb_content_element   vc_custom_1757945289834 caracteristiques\" >\n\t\t<div class=\"wpb_wrapper\">\n\t\t\t<ul>\n<li>Risparmio duraturo: nessun acquisto di cartucce d\u2019inchiostro o solventi \u2192 drastica riduzione dei costi operativi.<\/li>\n<li>Qualit\u00e0 costante: nessuna sbavatura, nessuna variazione di colore \u2192 marcatura sempre nitida a ogni ciclo.<\/li>\n<li>Ecologica: nessun rifiuto di materiali di consumo \u2192 una soluzione pi\u00f9 sostenibile e rispettosa dell\u2019ambiente.<\/li>\n<li>Tracciabilit\u00e0 avanzata: marcatura indelebile e non falsificabile, ideale per la serializzazione farmaceutica e la sicurezza del prodotto.<\/li>\n<\/ul>\n\n\t\t<\/div>\n\t<\/div>\n<div class=\"vc_empty_space\"   style=\"height: 13px\"><span class=\"vc_empty_space_inner\"><\/span><\/div>\t\t<div id=\"et-button-69e931d08ebd9\" class=\"et_btn_align_left\">\n\t\t\t<a href=\"https:\/\/mits-pack.it\/it\/demander-un-devis\/\" class=\"et_btn button et_btn_md solid color-\"  role=\"button\" title=\"Richiedi un preventivo\" ><span>Richiedi un preventivo<\/span><\/a>\n\t\t<\/div>\n\t\t\n\t<\/div><\/div><\/div><\/div><div class=\"vc_empty_space\"   style=\"height: 55px\"><span class=\"vc_empty_space_inner\"><\/span><\/div><\/div><\/div><\/div><\/div><\/div><div  class=\"sec_row container\"><div class=\"vc_row wpb_row vc_row-fluid\"><div class=\"wpb_column vc_column_container vc_col-sm-12 et-dark-column\"><div class=\"vc_column-inner\"><div class=\"wpb_wrapper\"><div class=\"vc_empty_space\"   style=\"height: 55px\"><span class=\"vc_empty_space_inner\"><\/span><\/div><h2 style=\"text-align: center\" class=\"vc_custom_heading vc_do_custom_heading mits-h2\" >FAQ \u2013 Marcatura e Visione<\/h2><div class=\"vc_empty_space\"   style=\"height: 33px\"><span class=\"vc_empty_space_inner\"><\/span><\/div><div  class=\"vc_do_toggle vc_toggle vc_toggle_default vc_toggle_color_default  vc_toggle_size_md vc_toggle_active\"><div class=\"vc_toggle_title\"><h4>Qual \u00e8 la differenza tra la marcatura a getto d\u2019inchiostro e la marcatura laser?<\/h4><i class=\"vc_toggle_icon\"><\/i><\/div><div class=\"vc_toggle_content\"><ul>\n<li>Getto d\u2019inchiostro: flessibile, veloce, ideale per date e numeri di lotto.<\/li>\n<li>Laser: permanente, indelebile, senza materiali di consumo, perfetto per una tracciabilit\u00e0 rigorosa.<\/li>\n<\/ul>\n<\/div><\/div><div  class=\"vc_do_toggle vc_toggle vc_toggle_default vc_toggle_color_default  vc_toggle_size_md\"><div class=\"vc_toggle_title\"><h4>Quali codici possono essere letti dai sistemi di visione?<\/h4><i class=\"vc_toggle_icon\"><\/i><\/div><div class=\"vc_toggle_content\"><p>Le nostre telecamere leggono e convalidano: codici a barre, QR code, Datamatrix e numerazioni univoche.<\/p>\n<\/div><\/div><div  class=\"vc_do_toggle vc_toggle vc_toggle_default vc_toggle_color_default  vc_toggle_size_md\"><div class=\"vc_toggle_title\"><h4>\u00c8 possibile verificare la posizione e la leggibilit\u00e0 di un\u2019etichetta?<\/h4><i class=\"vc_toggle_icon\"><\/i><\/div><div class=\"vc_toggle_content\"><p>S\u00ec, i nostri sistemi di visione rilevano il disallineamento, i difetti di stampa, l\u2019assenza di etichetta o la marcatura illeggibile.<\/p>\n<\/div><\/div><div  class=\"vc_do_toggle vc_toggle vc_toggle_default vc_toggle_color_default  vc_toggle_size_md\"><div class=\"vc_toggle_title\"><h4>Le vostre soluzioni sono compatibili con le linee esistenti?<\/h4><i class=\"vc_toggle_icon\"><\/i><\/div><div class=\"vc_toggle_content\"><p>S\u00ec, si integrano facilmente con le vostre riempitrici, etichettatrici, blisteratrici o linee complete.<\/p>\n<\/div><\/div><div  class=\"vc_do_toggle vc_toggle vc_toggle_default vc_toggle_color_default  vc_toggle_size_md\"><div class=\"vc_toggle_title\"><h4>Fornite installazione e formazione?<\/h4><i class=\"vc_toggle_icon\"><\/i><\/div><div class=\"vc_toggle_content\"><p>S\u00ec, ci occupiamo dell\u2019installazione, della calibrazione, della formazione degli operatori e dell\u2019assistenza tecnica.<\/p>\n<\/div><\/div><div class=\"vc_empty_space\"   style=\"height: 55px\"><span class=\"vc_empty_space_inner\"><\/span><\/div><\/div><\/div><\/div><\/div><\/div><div id=\"contact-banner\" class=\"sec_row container-fluid\"><div class=\"vc_row wpb_row vc_row-fluid no-padding vc_custom_1748611716768 vc_row-has-fill\"><div class=\"wpb_column vc_column_container vc_col-sm-2 et-dark-column\"><div class=\"vc_column-inner  vc_custom_1679921854256\"><div class=\"wpb_wrapper\"><\/div><\/div><\/div><div class=\"wpb_column vc_column_container vc_col-sm-8 et-dark-column\"><div class=\"vc_column-inner  vc_custom_1680263875816\"><div class=\"wpb_wrapper\"><div class=\"vc_row wpb_row vc_inner vc_row-fluid max_width\"><div class=\"text-center wpb_column vc_column_container vc_col-sm-12 et-dark-column\"><div class=\"vc_column-inner  vc_custom_1678278908258\"><div class=\"wpb_wrapper\"><div class=\"vc_empty_space\"   style=\"height: 90px\"><span class=\"vc_empty_space_inner\"><\/span><\/div><h2 style=\"color: #0E1851;text-align: center\" class=\"vc_custom_heading vc_do_custom_heading heading-solystic vc_custom_1756741566076\" >Passa all\u2019azione<\/h2><p style=\"font-size: 21px;color: #0E1851;line-height: 1.4;text-align: center\" class=\"vc_custom_heading vc_do_custom_heading vc_custom_1757945506433\" >Stai cercando una soluzione di marcatura e visione affidabile, conforme e adatta ai tuoi prodotti?\nI nostri esperti ti accompagnano nella scelta e nell\u2019integrazione dei sistemi pi\u00f9 performanti per mettere in sicurezza le tue linee di confezionamento.<\/p>\t\t<div id=\"et-button-69e931d090021\" class=\"et_btn_align_left\">\n\t\t\t<a href=\"https:\/\/mits-pack.it\/it\/demander-un-devis\/\" class=\"et_btn button et_btn_md solid color-\"  role=\"button\" title=\"Contatti\" ><span>Richiedi un preventivo personalizzato<\/span><\/a>\n\t\t<\/div>\n\t\t\n\t<div class=\"vc_empty_space\"   style=\"height: 11px\"><span class=\"vc_empty_space_inner\"><\/span><\/div><div class=\"vc_empty_space\"   style=\"height: 90px\"><span class=\"vc_empty_space_inner\"><\/span><\/div><\/div><\/div><\/div><\/div><\/div><\/div><\/div><div class=\"wpb_column vc_column_container vc_col-sm-2 et-dark-column\"><div class=\"vc_column-inner\"><div class=\"wpb_wrapper\"><\/div><\/div><\/div><\/div><\/div>\n<\/div>","protected":false},"excerpt":{"rendered":"Solutions de marquage et syst\u00e8mes de vision industrielle Nos solutions de marquage et de vision industrielle assurent la tra\u00e7abilit\u00e9, la conformit\u00e9 et le contr\u00f4le qualit\u00e9 de vos produits, quel que soit votre secteur : pharmaceutique, agroalimentaire, cosm\u00e9tique, chimique ou industriel. Nous proposons : des syst\u00e8mes de marquage jet d\u2019encre pour [...]","protected":false},"author":1,"featured_media":0,"parent":0,"menu_order":0,"comment_status":"closed","ping_status":"closed","template":"","meta":{"_acf_changed":false,"inline_featured_image":false,"footnotes":""},"class_list":["post-630","page","type-page","status-publish","hentry"],"acf":[],"yoast_head":"<!-- This site is optimized with the Yoast SEO plugin v27.0 - https:\/\/yoast.com\/product\/yoast-seo-wordpress\/ -->\n<title>Solutions de marquage et syst\u00e8mes de vision industrielle | MITS PACK<\/title>\n<meta name=\"description\" content=\"Nos solutions assurent la tra\u00e7abilit\u00e9, la conformit\u00e9 et le contr\u00f4le qualit\u00e9 de vos produits, quel que soit votre secteur : pharmaceutique, agroalimentaire, cosm\u00e9tique, chimique ou industriel.\" \/>\n<meta name=\"robots\" content=\"index, follow, max-snippet:-1, max-image-preview:large, max-video-preview:-1\" \/>\n<link rel=\"canonical\" href=\"https:\/\/mits-pack.it\/it\/marquage-et-inspection\/\" \/>\n<meta property=\"og:locale\" content=\"it_IT\" \/>\n<meta property=\"og:type\" content=\"article\" \/>\n<meta property=\"og:title\" content=\"Solutions de marquage et syst\u00e8mes de vision industrielle | MITS PACK\" \/>\n<meta property=\"og:description\" content=\"Nos solutions assurent la tra\u00e7abilit\u00e9, la conformit\u00e9 et le contr\u00f4le qualit\u00e9 de vos produits, quel que soit votre secteur : pharmaceutique, agroalimentaire, cosm\u00e9tique, chimique ou industriel.\" \/>\n<meta property=\"og:url\" content=\"https:\/\/mits-pack.it\/it\/marquage-et-inspection\/\" \/>\n<meta property=\"og:site_name\" content=\"MITS PACK\" \/>\n<meta property=\"article:modified_time\" content=\"2025-11-05T11:33:16+00:00\" \/>\n<meta name=\"twitter:card\" content=\"summary_large_image\" \/>\n<meta name=\"twitter:label1\" content=\"Tempo di lettura stimato\" \/>\n\t<meta name=\"twitter:data1\" content=\"4 minuti\" \/>\n<script type=\"application\/ld+json\" class=\"yoast-schema-graph\">{\"@context\":\"https:\/\/schema.org\",\"@graph\":[{\"@type\":\"WebPage\",\"@id\":\"https:\/\/mits-pack.it\/marquage-et-inspection\/\",\"url\":\"https:\/\/mits-pack.it\/marquage-et-inspection\/\",\"name\":\"Solutions de marquage et syst\u00e8mes de vision industrielle | MITS PACK\",\"isPartOf\":{\"@id\":\"https:\/\/mits-pack.it\/#website\"},\"datePublished\":\"2025-09-15T14:11:54+00:00\",\"dateModified\":\"2025-11-05T11:33:16+00:00\",\"description\":\"Nos solutions assurent la tra\u00e7abilit\u00e9, la conformit\u00e9 et le contr\u00f4le qualit\u00e9 de vos produits, quel que soit votre secteur : pharmaceutique, agroalimentaire, cosm\u00e9tique, chimique ou industriel.\",\"breadcrumb\":{\"@id\":\"https:\/\/mits-pack.it\/marquage-et-inspection\/#breadcrumb\"},\"inLanguage\":\"it-IT\",\"potentialAction\":[{\"@type\":\"ReadAction\",\"target\":[\"https:\/\/mits-pack.it\/marquage-et-inspection\/\"]}]},{\"@type\":\"BreadcrumbList\",\"@id\":\"https:\/\/mits-pack.it\/marquage-et-inspection\/#breadcrumb\",\"itemListElement\":[{\"@type\":\"ListItem\",\"position\":1,\"name\":\"Accueil\",\"item\":\"https:\/\/mits-pack.it\/\"},{\"@type\":\"ListItem\",\"position\":2,\"name\":\"Marquage et inspection\"}]},{\"@type\":\"WebSite\",\"@id\":\"https:\/\/mits-pack.it\/#website\",\"url\":\"https:\/\/mits-pack.it\/\",\"name\":\"MITS PACK\",\"description\":\"\",\"potentialAction\":[{\"@type\":\"SearchAction\",\"target\":{\"@type\":\"EntryPoint\",\"urlTemplate\":\"https:\/\/mits-pack.it\/?s={search_term_string}\"},\"query-input\":{\"@type\":\"PropertyValueSpecification\",\"valueRequired\":true,\"valueName\":\"search_term_string\"}}],\"inLanguage\":\"it-IT\"}]}<\/script>\n<!-- \/ Yoast SEO plugin. -->","yoast_head_json":{"title":"Solutions de marquage et syst\u00e8mes de vision industrielle | MITS PACK","description":"Nos solutions assurent la tra\u00e7abilit\u00e9, la conformit\u00e9 et le contr\u00f4le qualit\u00e9 de vos produits, quel que soit votre secteur : pharmaceutique, agroalimentaire, cosm\u00e9tique, chimique ou industriel.","robots":{"index":"index","follow":"follow","max-snippet":"max-snippet:-1","max-image-preview":"max-image-preview:large","max-video-preview":"max-video-preview:-1"},"canonical":"https:\/\/mits-pack.it\/it\/marquage-et-inspection\/","og_locale":"it_IT","og_type":"article","og_title":"Solutions de marquage et syst\u00e8mes de vision industrielle | MITS PACK","og_description":"Nos solutions assurent la tra\u00e7abilit\u00e9, la conformit\u00e9 et le contr\u00f4le qualit\u00e9 de vos produits, quel que soit votre secteur : pharmaceutique, agroalimentaire, cosm\u00e9tique, chimique ou industriel.","og_url":"https:\/\/mits-pack.it\/it\/marquage-et-inspection\/","og_site_name":"MITS PACK","article_modified_time":"2025-11-05T11:33:16+00:00","twitter_card":"summary_large_image","twitter_misc":{"Tempo di lettura stimato":"4 minuti"},"schema":{"@context":"https:\/\/schema.org","@graph":[{"@type":"WebPage","@id":"https:\/\/mits-pack.it\/marquage-et-inspection\/","url":"https:\/\/mits-pack.it\/marquage-et-inspection\/","name":"Solutions de marquage et syst\u00e8mes de vision industrielle | MITS PACK","isPartOf":{"@id":"https:\/\/mits-pack.it\/#website"},"datePublished":"2025-09-15T14:11:54+00:00","dateModified":"2025-11-05T11:33:16+00:00","description":"Nos solutions assurent la tra\u00e7abilit\u00e9, la conformit\u00e9 et le contr\u00f4le qualit\u00e9 de vos produits, quel que soit votre secteur : pharmaceutique, agroalimentaire, cosm\u00e9tique, chimique ou industriel.","breadcrumb":{"@id":"https:\/\/mits-pack.it\/marquage-et-inspection\/#breadcrumb"},"inLanguage":"it-IT","potentialAction":[{"@type":"ReadAction","target":["https:\/\/mits-pack.it\/marquage-et-inspection\/"]}]},{"@type":"BreadcrumbList","@id":"https:\/\/mits-pack.it\/marquage-et-inspection\/#breadcrumb","itemListElement":[{"@type":"ListItem","position":1,"name":"Accueil","item":"https:\/\/mits-pack.it\/"},{"@type":"ListItem","position":2,"name":"Marquage et inspection"}]},{"@type":"WebSite","@id":"https:\/\/mits-pack.it\/#website","url":"https:\/\/mits-pack.it\/","name":"MITS PACK","description":"","potentialAction":[{"@type":"SearchAction","target":{"@type":"EntryPoint","urlTemplate":"https:\/\/mits-pack.it\/?s={search_term_string}"},"query-input":{"@type":"PropertyValueSpecification","valueRequired":true,"valueName":"search_term_string"}}],"inLanguage":"it-IT"}]}},"_links":{"self":[{"href":"https:\/\/mits-pack.it\/it\/wp-json\/wp\/v2\/pages\/630","targetHints":{"allow":["GET"]}}],"collection":[{"href":"https:\/\/mits-pack.it\/it\/wp-json\/wp\/v2\/pages"}],"about":[{"href":"https:\/\/mits-pack.it\/it\/wp-json\/wp\/v2\/types\/page"}],"author":[{"embeddable":true,"href":"https:\/\/mits-pack.it\/it\/wp-json\/wp\/v2\/users\/1"}],"replies":[{"embeddable":true,"href":"https:\/\/mits-pack.it\/it\/wp-json\/wp\/v2\/comments?post=630"}],"version-history":[{"count":20,"href":"https:\/\/mits-pack.it\/it\/wp-json\/wp\/v2\/pages\/630\/revisions"}],"predecessor-version":[{"id":842,"href":"https:\/\/mits-pack.it\/it\/wp-json\/wp\/v2\/pages\/630\/revisions\/842"}],"wp:attachment":[{"href":"https:\/\/mits-pack.it\/it\/wp-json\/wp\/v2\/media?parent=630"}],"curies":[{"name":"wp","href":"https:\/\/api.w.org\/{rel}","templated":true}]}}